{"id":37969,"date":"2026-02-05T16:49:18","date_gmt":"2026-02-05T14:49:18","guid":{"rendered":"https:\/\/siulubangos.lt\/?post_type=product&#038;p=37969"},"modified":"2026-04-13T14:56:29","modified_gmt":"2026-04-13T11:56:29","slug":"phildar-pingo-paradise-kokvilnas-suves","status":"publish","type":"product","link":"https:\/\/siulubangos.lt\/lv\/parduotuve\/phildar-pingo-paradise-medvilnes-siulai\/","title":{"rendered":"Phildar PINGO PARADISE (kokvilna)"},"content":{"rendered":"<h2>Phildar PINGO PARADISE (62% kokvilna, 15% poliam\u012bds, 12% akrils, 11% poliesters) - kokvilnas svaigums un modern\u0101 iztur\u012bba.<\/h2>\n<p><a href=\"https:\/\/siulubangos.lt\/wp-content\/uploads\/2026\/02\/phildar-pingo-paradise-5.jpg\"><img loading=\"lazy\" decoding=\"async\" class=\"alignnone wp-image-38120\" src=\"https:\/\/siulubangos.lt\/wp-content\/uploads\/2026\/02\/phildar-pingo-paradise-5.jpg\" alt=\"\" width=\"363\" height=\"450\" title=\"\" srcset=\"https:\/\/siulubangos.lt\/wp-content\/uploads\/2026\/02\/phildar-pingo-paradise-5.jpg 1200w, https:\/\/siulubangos.lt\/wp-content\/uploads\/2026\/02\/phildar-pingo-paradise-5-242x300.jpg 242w, https:\/\/siulubangos.lt\/wp-content\/uploads\/2026\/02\/phildar-pingo-paradise-5-645x800.jpg 645w, https:\/\/siulubangos.lt\/wp-content\/uploads\/2026\/02\/phildar-pingo-paradise-5-768x952.jpg 768w, https:\/\/siulubangos.lt\/wp-content\/uploads\/2026\/02\/phildar-pingo-paradise-5-600x744.jpg 600w, https:\/\/siulubangos.lt\/wp-content\/uploads\/2026\/02\/phildar-pingo-paradise-5-150x186.jpg 150w\" sizes=\"auto, (max-width: 363px) 100vw, 363px\" \/><\/a> <a href=\"https:\/\/siulubangos.lt\/wp-content\/uploads\/2026\/02\/phildar-pingo-paradise-4.jpeg\"><img loading=\"lazy\" decoding=\"async\" class=\"alignnone wp-image-38119\" src=\"https:\/\/siulubangos.lt\/wp-content\/uploads\/2026\/02\/phildar-pingo-paradise-4.jpeg\" alt=\"\" width=\"450\" height=\"450\" title=\"\" srcset=\"https:\/\/siulubangos.lt\/wp-content\/uploads\/2026\/02\/phildar-pingo-paradise-4.jpeg 1440w, https:\/\/siulubangos.lt\/wp-content\/uploads\/2026\/02\/phildar-pingo-paradise-4-300x300.jpeg 300w, https:\/\/siulubangos.lt\/wp-content\/uploads\/2026\/02\/phildar-pingo-paradise-4-800x800.jpeg 800w, https:\/\/siulubangos.lt\/wp-content\/uploads\/2026\/02\/phildar-pingo-paradise-4-150x150.jpeg 150w, https:\/\/siulubangos.lt\/wp-content\/uploads\/2026\/02\/phildar-pingo-paradise-4-768x768.jpeg 768w, https:\/\/siulubangos.lt\/wp-content\/uploads\/2026\/02\/phildar-pingo-paradise-4-600x600.jpeg 600w, https:\/\/siulubangos.lt\/wp-content\/uploads\/2026\/02\/phildar-pingo-paradise-4-1200x1200.jpeg 1200w\" sizes=\"auto, (max-width: 450px) 100vw, 450px\" \/><\/a> <a href=\"https:\/\/siulubangos.lt\/wp-content\/uploads\/2026\/02\/phildar-pingo-paradise-3.jpeg\"><img loading=\"lazy\" decoding=\"async\" class=\"alignnone wp-image-38118\" src=\"https:\/\/siulubangos.lt\/wp-content\/uploads\/2026\/02\/phildar-pingo-paradise-3.jpeg\" alt=\"\" width=\"450\" height=\"450\" title=\"\" srcset=\"https:\/\/siulubangos.lt\/wp-content\/uploads\/2026\/02\/phildar-pingo-paradise-3.jpeg 1440w, https:\/\/siulubangos.lt\/wp-content\/uploads\/2026\/02\/phildar-pingo-paradise-3-300x300.jpeg 300w, https:\/\/siulubangos.lt\/wp-content\/uploads\/2026\/02\/phildar-pingo-paradise-3-800x800.jpeg 800w, https:\/\/siulubangos.lt\/wp-content\/uploads\/2026\/02\/phildar-pingo-paradise-3-150x150.jpeg 150w, https:\/\/siulubangos.lt\/wp-content\/uploads\/2026\/02\/phildar-pingo-paradise-3-768x768.jpeg 768w, https:\/\/siulubangos.lt\/wp-content\/uploads\/2026\/02\/phildar-pingo-paradise-3-600x600.jpeg 600w, https:\/\/siulubangos.lt\/wp-content\/uploads\/2026\/02\/phildar-pingo-paradise-3-1200x1200.jpeg 1200w\" sizes=\"auto, (max-width: 450px) 100vw, 450px\" \/><\/a> <a href=\"https:\/\/siulubangos.lt\/wp-content\/uploads\/2026\/02\/phildar-pingo-paradise-2.jpg\"><img loading=\"lazy\" decoding=\"async\" class=\"alignnone wp-image-38117\" src=\"https:\/\/siulubangos.lt\/wp-content\/uploads\/2026\/02\/phildar-pingo-paradise-2.jpg\" alt=\"\" width=\"363\" height=\"450\" title=\"\" srcset=\"https:\/\/siulubangos.lt\/wp-content\/uploads\/2026\/02\/phildar-pingo-paradise-2.jpg 1200w, https:\/\/siulubangos.lt\/wp-content\/uploads\/2026\/02\/phildar-pingo-paradise-2-242x300.jpg 242w, https:\/\/siulubangos.lt\/wp-content\/uploads\/2026\/02\/phildar-pingo-paradise-2-645x800.jpg 645w, https:\/\/siulubangos.lt\/wp-content\/uploads\/2026\/02\/phildar-pingo-paradise-2-768x952.jpg 768w, https:\/\/siulubangos.lt\/wp-content\/uploads\/2026\/02\/phildar-pingo-paradise-2-600x744.jpg 600w, https:\/\/siulubangos.lt\/wp-content\/uploads\/2026\/02\/phildar-pingo-paradise-2-150x186.jpg 150w\" sizes=\"auto, (max-width: 363px) 100vw, 363px\" \/><\/a><\/p>\n<p>Phildar PINGO PARADISE ir optim\u0101li sabalans\u0113ta dzija tiem, kas mekl\u0113 dabiskuma un iztur\u012bbas kombin\u0101ciju. Liels kokvilnas \u012bpatsvars (62 %) nodro\u0161ina trikot\u0101\u017eas elpojam\u012bbu un maigumu, savuk\u0101rt poliam\u012bda, akrila un poliestera piedevas pie\u0161\u0137ir dzijai elast\u012bbu, nov\u0113r\u0161 izstiep\u0161anos un atvieglo t\u0101s kop\u0161anu.<\/p>\n<h3>K\u0101da ir \u0161\u012b sast\u0101va \u012bpa\u0161\u012bba?<\/h3>\n<ul>\n<li>Dabisks komforts: augstais kokvilnas saturs \u013cauj \u0101dai elpot, t\u0101p\u0113c ad\u012bjums ir ide\u0101li piem\u0113rots pavasara un vasaras sezonai.<\/li>\n<li>Formas stabilit\u0101te: poliam\u012bda un akrila kombin\u0101cija nodro\u0161ina, ka ap\u0123\u0113rbs saglab\u0101 perfektu formu pat p\u0113c daudz\u0101m mazg\u0101\u0161anas reiz\u0113m.<\/li>\n<li>Kr\u0101su dinamisms: poliestera \u0161\u0137iedras pal\u012bdz saglab\u0101t kr\u0101su dz\u012bv\u012bgumu, savuk\u0101rt raibu dzijas kr\u0101so\u0161ana rada stil\u012bgus, pa\u0161rad\u012btus rakstus.<\/li>\n<li>Viegli ad\u012bt: dzija ir stipra un gludi sl\u012bd pa aukl\u0101m, padarot ad\u012b\u0161anas procesu pat\u012bkamu un vienm\u0113r\u012bgu.<\/li>\n<\/ul>","protected":false},"excerpt":{"rendered":"<p>Phildar PINGO PARADISE ir ekskluz\u012bva kokvilnas mais\u012bjuma dzija, kas paredz\u0113ta stil\u012bgiem un praktiskiem vasaras ad\u012bjumiem. M\u012bksta kokvilna apvienojum\u0101 ar modern\u0101m \u0161\u0137iedr\u0101m nodro\u0161ina iztur\u012bbu, formas stabilit\u0101ti un vieglu kop\u0161anu. Izbaudiet kr\u0101su sp\u0113li un dabisku komfortu ik uz so\u013ca.<\/p>","protected":false},"featured_media":38109,"comment_status":"open","ping_status":"closed","template":"","meta":{"_acf_changed":false},"product_brand":[1887],"product_cat":[58,443,428,496,491,420,1893,1110,429],"product_tag":[1859],"class_list":{"0":"post-37969","1":"product","2":"type-product","3":"status-publish","4":"has-post-thumbnail","6":"product_brand-phildar","7":"product_cat-siulai-mezgimui","8":"product_cat-akrilo-siulai","9":"product_cat-gamintojas","10":"product_cat-isskirtiniai-teksturiniai-siulai","11":"product_cat-margi-spalvoti-siulai","12":"product_cat-medvilnes-siulai","13":"product_cat-phildar-siulai","14":"product_cat-poliamidas","15":"product_cat-sudetis","16":"product_tag-phildar","17":"pa_spalva-phildar-pingo-paradise-croisiere","18":"pa_spalva-phildar-pingo-paradise-forest","19":"pa_spalva-phildar-pingo-paradise-ocean","20":"pa_spalva-phildar-pingo-paradise-slow","21":"pa_svoris-ilgis-50-g-135-m","23":"first","24":"instock","25":"taxable","26":"shipping-taxable","27":"purchasable","28":"product-type-variable"},"acf":[],"_links":{"self":[{"href":"https:\/\/siulubangos.lt\/lv\/wp-json\/wp\/v2\/product\/37969","targetHints":{"allow":["GET"]}}],"collection":[{"href":"https:\/\/siulubangos.lt\/lv\/wp-json\/wp\/v2\/product"}],"about":[{"href":"https:\/\/siulubangos.lt\/lv\/wp-json\/wp\/v2\/types\/product"}],"replies":[{"embeddable":true,"href":"https:\/\/siulubangos.lt\/lv\/wp-json\/wp\/v2\/comments?post=37969"}],"version-history":[{"count":0,"href":"https:\/\/siulubangos.lt\/lv\/wp-json\/wp\/v2\/product\/37969\/revisions"}],"wp:featuredmedia":[{"embeddable":true,"href":"https:\/\/siulubangos.lt\/lv\/wp-json\/wp\/v2\/media\/38109"}],"wp:attachment":[{"href":"https:\/\/siulubangos.lt\/lv\/wp-json\/wp\/v2\/media?parent=37969"}],"wp:term":[{"taxonomy":"product_brand","embeddable":true,"href":"https:\/\/siulubangos.lt\/lv\/wp-json\/wp\/v2\/product_brand?post=37969"},{"taxonomy":"product_cat","embeddable":true,"href":"https:\/\/siulubangos.lt\/lv\/wp-json\/wp\/v2\/product_cat?post=37969"},{"taxonomy":"product_tag","embeddable":true,"href":"https:\/\/siulubangos.lt\/lv\/wp-json\/wp\/v2\/product_tag?post=37969"}],"curies":[{"name":"wp","href":"https:\/\/api.w.org\/{rel}","templated":true}]}}