{"id":37972,"date":"2026-02-05T18:22:53","date_gmt":"2026-02-05T16:22:53","guid":{"rendered":"https:\/\/siulubangos.lt\/?post_type=product&#038;p=37972"},"modified":"2026-04-13T15:00:55","modified_gmt":"2026-04-13T12:00:55","slug":"phildar-mohers-soie-lurex-mohers-susanai","status":"publish","type":"product","link":"https:\/\/siulubangos.lt\/lv\/parduotuve\/phildar-mohair-soie-lurex-moheros-siulai\/","title":{"rendered":"Phildar PHIL MOHAIR SOIE LUREX (mohairs, z\u012bds)"},"content":{"rendered":"<h3>Phildar PHIL MOHAIR SOIE LUREX ( 78% kid moh\u0113ra, 14% z\u012bda, 4% poliam\u012bda, 4% metaliz\u0113ta poliestera) - grezn\u012bbas, viegluma un smalka mirdzuma kombin\u0101cija.<\/h3>\n<p><a href=\"https:\/\/siulubangos.lt\/wp-content\/uploads\/2026\/02\/phildar-mohair-soie-lurex-FOTO-4.jpeg\"><img loading=\"lazy\" decoding=\"async\" class=\"alignnone wp-image-38172\" src=\"https:\/\/siulubangos.lt\/wp-content\/uploads\/2026\/02\/phildar-mohair-soie-lurex-FOTO-4.jpeg\" alt=\"\" width=\"376\" height=\"470\" title=\"\" srcset=\"https:\/\/siulubangos.lt\/wp-content\/uploads\/2026\/02\/phildar-mohair-soie-lurex-FOTO-4.jpeg 1440w, https:\/\/siulubangos.lt\/wp-content\/uploads\/2026\/02\/phildar-mohair-soie-lurex-FOTO-4-240x300.jpeg 240w, https:\/\/siulubangos.lt\/wp-content\/uploads\/2026\/02\/phildar-mohair-soie-lurex-FOTO-4-640x800.jpeg 640w, https:\/\/siulubangos.lt\/wp-content\/uploads\/2026\/02\/phildar-mohair-soie-lurex-FOTO-4-768x960.jpeg 768w, https:\/\/siulubangos.lt\/wp-content\/uploads\/2026\/02\/phildar-mohair-soie-lurex-FOTO-4-1229x1536.jpeg 1229w, https:\/\/siulubangos.lt\/wp-content\/uploads\/2026\/02\/phildar-mohair-soie-lurex-FOTO-4-600x750.jpeg 600w, https:\/\/siulubangos.lt\/wp-content\/uploads\/2026\/02\/phildar-mohair-soie-lurex-FOTO-4-1200x1500.jpeg 1200w, https:\/\/siulubangos.lt\/wp-content\/uploads\/2026\/02\/phildar-mohair-soie-lurex-FOTO-4-150x188.jpeg 150w\" sizes=\"auto, (max-width: 376px) 100vw, 376px\" \/><\/a> <a href=\"https:\/\/siulubangos.lt\/wp-content\/uploads\/2026\/02\/phildar-mohair-soie-lurex-FOTO-3.jpg\"><img loading=\"lazy\" decoding=\"async\" class=\"alignnone wp-image-38171\" src=\"https:\/\/siulubangos.lt\/wp-content\/uploads\/2026\/02\/phildar-mohair-soie-lurex-FOTO-3.jpg\" alt=\"\" width=\"379\" height=\"470\" title=\"\" srcset=\"https:\/\/siulubangos.lt\/wp-content\/uploads\/2026\/02\/phildar-mohair-soie-lurex-FOTO-3.jpg 1200w, https:\/\/siulubangos.lt\/wp-content\/uploads\/2026\/02\/phildar-mohair-soie-lurex-FOTO-3-242x300.jpg 242w, https:\/\/siulubangos.lt\/wp-content\/uploads\/2026\/02\/phildar-mohair-soie-lurex-FOTO-3-645x800.jpg 645w, https:\/\/siulubangos.lt\/wp-content\/uploads\/2026\/02\/phildar-mohair-soie-lurex-FOTO-3-768x952.jpg 768w, https:\/\/siulubangos.lt\/wp-content\/uploads\/2026\/02\/phildar-mohair-soie-lurex-FOTO-3-600x744.jpg 600w, https:\/\/siulubangos.lt\/wp-content\/uploads\/2026\/02\/phildar-mohair-soie-lurex-FOTO-3-150x186.jpg 150w\" sizes=\"auto, (max-width: 379px) 100vw, 379px\" \/><\/a> <a href=\"https:\/\/siulubangos.lt\/wp-content\/uploads\/2026\/02\/phildar-mohair-soie-lurex-FOTO-2.jpeg\"><img loading=\"lazy\" decoding=\"async\" class=\"alignnone wp-image-38170\" src=\"https:\/\/siulubangos.lt\/wp-content\/uploads\/2026\/02\/phildar-mohair-soie-lurex-FOTO-2.jpeg\" alt=\"\" width=\"376\" height=\"470\" title=\"\" srcset=\"https:\/\/siulubangos.lt\/wp-content\/uploads\/2026\/02\/phildar-mohair-soie-lurex-FOTO-2.jpeg 1440w, https:\/\/siulubangos.lt\/wp-content\/uploads\/2026\/02\/phildar-mohair-soie-lurex-FOTO-2-240x300.jpeg 240w, https:\/\/siulubangos.lt\/wp-content\/uploads\/2026\/02\/phildar-mohair-soie-lurex-FOTO-2-640x800.jpeg 640w, https:\/\/siulubangos.lt\/wp-content\/uploads\/2026\/02\/phildar-mohair-soie-lurex-FOTO-2-768x960.jpeg 768w, https:\/\/siulubangos.lt\/wp-content\/uploads\/2026\/02\/phildar-mohair-soie-lurex-FOTO-2-1229x1536.jpeg 1229w, https:\/\/siulubangos.lt\/wp-content\/uploads\/2026\/02\/phildar-mohair-soie-lurex-FOTO-2-600x750.jpeg 600w, https:\/\/siulubangos.lt\/wp-content\/uploads\/2026\/02\/phildar-mohair-soie-lurex-FOTO-2-1200x1500.jpeg 1200w, https:\/\/siulubangos.lt\/wp-content\/uploads\/2026\/02\/phildar-mohair-soie-lurex-FOTO-2-150x188.jpeg 150w\" sizes=\"auto, (max-width: 376px) 100vw, 376px\" \/><\/a> <a href=\"https:\/\/siulubangos.lt\/wp-content\/uploads\/2026\/02\/phildar-mohair-soie-lurex-FOTO-1.jpg\"><img loading=\"lazy\" decoding=\"async\" class=\"alignnone wp-image-38169\" src=\"https:\/\/siulubangos.lt\/wp-content\/uploads\/2026\/02\/phildar-mohair-soie-lurex-FOTO-1.jpg\" alt=\"\" width=\"379\" height=\"470\" title=\"\" srcset=\"https:\/\/siulubangos.lt\/wp-content\/uploads\/2026\/02\/phildar-mohair-soie-lurex-FOTO-1.jpg 1200w, https:\/\/siulubangos.lt\/wp-content\/uploads\/2026\/02\/phildar-mohair-soie-lurex-FOTO-1-242x300.jpg 242w, https:\/\/siulubangos.lt\/wp-content\/uploads\/2026\/02\/phildar-mohair-soie-lurex-FOTO-1-645x800.jpg 645w, https:\/\/siulubangos.lt\/wp-content\/uploads\/2026\/02\/phildar-mohair-soie-lurex-FOTO-1-768x952.jpg 768w, https:\/\/siulubangos.lt\/wp-content\/uploads\/2026\/02\/phildar-mohair-soie-lurex-FOTO-1-600x744.jpg 600w, https:\/\/siulubangos.lt\/wp-content\/uploads\/2026\/02\/phildar-mohair-soie-lurex-FOTO-1-150x186.jpg 150w\" sizes=\"auto, (max-width: 379px) 100vw, 379px\" \/><\/a><\/p>\n<p>Phildar MOHAIR SOIE LUREX ir viena no c\u0113l\u0101kaj\u0101m dzij\u0101m Phildar saim\u0113, kas izstr\u0101d\u0101ta \u012bpa\u0161am zirnek\u013ca t\u012bkla vieglumam. \u0160aj\u0101 kombin\u0101cij\u0101 satiekas tr\u012bs grezni komponenti: augst\u0101k\u0101s kvalit\u0101tes mohairs, dab\u012bgais z\u012bds un diskr\u0113tais lurekss, lai rad\u012btu ma\u0123isku mirdzumu.<\/p>\n<h3>K\u0101p\u0113c \u0161is pavediens ir j\u016bsu auklu cien\u012bgs?<\/h3>\n<ul>\n<li>Angoras kazas moh\u0113ras c\u0113lais sast\u0101vs pie\u0161\u0137ir ad\u012bjumam neticamu p\u016bkain\u012bbu un siltumu, savuk\u0101rt dab\u012bgais z\u012bds pie\u0161\u0137ir tam iztur\u012bbu, smalku kritumu un vesel\u012bgu sp\u012bdumu.<\/li>\n<li>Sv\u0113tku piesk\u0101riens: pl\u0101n\u0101 lustras dzija nav uzb\u0101z\u012bga - t\u0101 \u0137er gaismu un pie\u0161\u0137ir ad\u012bjumam \u0161iku \u201ddimanta\u201d miglas efektu.<\/li>\n<li>Daudzpus\u012bba: \u0161\u012b dzija ir ide\u0101li piem\u0113rota ad\u012b\u0161anai atsevi\u0161\u0137i (caursp\u012bd\u012bga, viegla ap\u0123\u0113rba izgatavo\u0161anai) vai ar\u012b pievieno\u0161anai citai dzijam (vilnai vai kokvilnai), lai ieg\u016btu greznu, m\u012bkstu p\u016bku.<\/li>\n<li>Meistar\u012bbas z\u012bme: dzija, kas pat visvienk\u0101r\u0161\u0101ko d\u017eemperi, kas ad\u012bts ar vislab\u0101kaj\u0101m ac\u012bm, p\u0101rv\u0113r\u0161 par augst\u0101s modes darbu.<\/li>\n<\/ul>","protected":false},"excerpt":{"rendered":"<p>Phildar PHIL PHIL MOHAIR SOIE LUREX ir grezna it\u0101\u013cu moh\u0113ras un z\u012bda kombin\u0101cija ar smalku lureksa mirdzumu. \u0100rk\u0101rt\u012bgi smalka, viegla un silta dzija, kas ide\u0101li piem\u0113rota elegantiem kardiganiem, \u0161all\u0113m vai dekorat\u012bv\u0101m deta\u013c\u0101m. Pie\u0161\u0137iriet saviem darbiem \u201dc\u0113lo \u0161\u0137iedru\u201d piesk\u0101rienu un neuzkr\u012bto\u0161u mirdzumu.<\/p>","protected":false},"featured_media":38183,"comment_status":"open","ping_status":"closed","template":"","meta":{"_acf_changed":false},"product_brand":[1887],"product_cat":[58,487,428,418,453,1893,492,416,429],"product_tag":[1859],"class_list":{"0":"post-37972","1":"product","2":"type-product","3":"status-publish","4":"has-post-thumbnail","6":"product_brand-phildar","7":"product_cat-siulai-mezgimui","8":"product_cat-blizgus-siulai","9":"product_cat-gamintojas","10":"product_cat-moheros-siulai","11":"product_cat-nuolaidos","12":"product_cat-phildar-siulai","13":"product_cat-prabangus-siulai","14":"product_cat-silko-siulai","15":"product_cat-sudetis","16":"product_tag-phildar","17":"pa_spalva-phildar-mohair-soie-lurex-amande","18":"pa_spalva-phildar-mohair-soie-lurex-canard","19":"pa_spalva-phildar-mohair-soie-lurex-ecru","20":"pa_spalva-phildar-mohair-soie-lurex-gazelle","21":"pa_spalva-phildar-mohair-soie-lurex-rosee","22":"pa_spalva-phildar-mohair-soie-lurex-saphir","23":"pa_spalva-phildar-mohair-soie-lurex-vieux-rose","24":"pa_svoris-ilgis-25-g-200-m","26":"first","27":"instock","28":"sale","29":"taxable","30":"shipping-taxable","31":"purchasable","32":"product-type-variable"},"acf":[],"_links":{"self":[{"href":"https:\/\/siulubangos.lt\/lv\/wp-json\/wp\/v2\/product\/37972","targetHints":{"allow":["GET"]}}],"collection":[{"href":"https:\/\/siulubangos.lt\/lv\/wp-json\/wp\/v2\/product"}],"about":[{"href":"https:\/\/siulubangos.lt\/lv\/wp-json\/wp\/v2\/types\/product"}],"replies":[{"embeddable":true,"href":"https:\/\/siulubangos.lt\/lv\/wp-json\/wp\/v2\/comments?post=37972"}],"version-history":[{"count":0,"href":"https:\/\/siulubangos.lt\/lv\/wp-json\/wp\/v2\/product\/37972\/revisions"}],"wp:featuredmedia":[{"embeddable":true,"href":"https:\/\/siulubangos.lt\/lv\/wp-json\/wp\/v2\/media\/38183"}],"wp:attachment":[{"href":"https:\/\/siulubangos.lt\/lv\/wp-json\/wp\/v2\/media?parent=37972"}],"wp:term":[{"taxonomy":"product_brand","embeddable":true,"href":"https:\/\/siulubangos.lt\/lv\/wp-json\/wp\/v2\/product_brand?post=37972"},{"taxonomy":"product_cat","embeddable":true,"href":"https:\/\/siulubangos.lt\/lv\/wp-json\/wp\/v2\/product_cat?post=37972"},{"taxonomy":"product_tag","embeddable":true,"href":"https:\/\/siulubangos.lt\/lv\/wp-json\/wp\/v2\/product_tag?post=37972"}],"curies":[{"name":"wp","href":"https:\/\/api.w.org\/{rel}","templated":true}]}}