{"id":38268,"date":"2026-02-09T21:11:20","date_gmt":"2026-02-09T19:11:20","guid":{"rendered":"https:\/\/siulubangos.lt\/?post_type=product&#038;p=38268"},"modified":"2026-02-18T14:21:33","modified_gmt":"2026-02-18T12:21:33","slug":"adisanas-trauksme-gramata-pingouin-esterel-3","status":"publish","type":"product","link":"https:\/\/siulubangos.lt\/lv\/parduotuve\/mezgimo-nerimo-knyga-pingouin-esterel-3\/","title":{"rendered":"Pingouin ESTEREL 3 - ad\u012b\u0161ana - tambor\u0113\u0161ana gr\u0101mata"},"content":{"rendered":"<h3>Pingouin ESTREL3 ad\u012b\u0161anas - tambor\u0113\u0161anas gr\u0101mata<\/h3>\n<p><a href=\"https:\/\/siulubangos.lt\/wp-content\/uploads\/2026\/02\/ESTREL3-1.jpg\"><img loading=\"lazy\" decoding=\"async\" class=\"alignnone wp-image-38276\" src=\"https:\/\/siulubangos.lt\/wp-content\/uploads\/2026\/02\/ESTREL3-1.jpg\" alt=\"\" width=\"470\" height=\"470\" title=\"\" srcset=\"https:\/\/siulubangos.lt\/wp-content\/uploads\/2026\/02\/ESTREL3-1.jpg 600w, https:\/\/siulubangos.lt\/wp-content\/uploads\/2026\/02\/ESTREL3-1-300x300.jpg 300w, https:\/\/siulubangos.lt\/wp-content\/uploads\/2026\/02\/ESTREL3-1-150x150.jpg 150w\" sizes=\"auto, (max-width: 470px) 100vw, 470px\" \/><\/a><a href=\"https:\/\/siulubangos.lt\/wp-content\/uploads\/2026\/02\/ESTREL3-13.jpg\"><img loading=\"lazy\" decoding=\"async\" class=\"alignnone wp-image-38287\" src=\"https:\/\/siulubangos.lt\/wp-content\/uploads\/2026\/02\/ESTREL3-13.jpg\" alt=\"\" width=\"470\" height=\"470\" title=\"\" srcset=\"https:\/\/siulubangos.lt\/wp-content\/uploads\/2026\/02\/ESTREL3-13.jpg 600w, https:\/\/siulubangos.lt\/wp-content\/uploads\/2026\/02\/ESTREL3-13-300x300.jpg 300w, https:\/\/siulubangos.lt\/wp-content\/uploads\/2026\/02\/ESTREL3-13-150x150.jpg 150w\" sizes=\"auto, (max-width: 470px) 100vw, 470px\" \/><\/a><a href=\"https:\/\/siulubangos.lt\/wp-content\/uploads\/2026\/02\/ESTEREL3-14.jpg\"><img loading=\"lazy\" decoding=\"async\" class=\"alignnone wp-image-38288\" src=\"https:\/\/siulubangos.lt\/wp-content\/uploads\/2026\/02\/ESTEREL3-14.jpg\" alt=\"\" width=\"470\" height=\"470\" title=\"\" srcset=\"https:\/\/siulubangos.lt\/wp-content\/uploads\/2026\/02\/ESTEREL3-14.jpg 600w, https:\/\/siulubangos.lt\/wp-content\/uploads\/2026\/02\/ESTEREL3-14-300x300.jpg 300w, https:\/\/siulubangos.lt\/wp-content\/uploads\/2026\/02\/ESTEREL3-14-150x150.jpg 150w\" sizes=\"auto, (max-width: 470px) 100vw, 470px\" \/><\/a><a href=\"https:\/\/siulubangos.lt\/wp-content\/uploads\/2026\/02\/ESTREL3-12.jpg\"><img loading=\"lazy\" decoding=\"async\" class=\"alignnone wp-image-38289\" src=\"https:\/\/siulubangos.lt\/wp-content\/uploads\/2026\/02\/ESTREL3-12.jpg\" alt=\"\" width=\"470\" height=\"470\" title=\"\" srcset=\"https:\/\/siulubangos.lt\/wp-content\/uploads\/2026\/02\/ESTREL3-12.jpg 600w, https:\/\/siulubangos.lt\/wp-content\/uploads\/2026\/02\/ESTREL3-12-300x300.jpg 300w, https:\/\/siulubangos.lt\/wp-content\/uploads\/2026\/02\/ESTREL3-12-150x150.jpg 150w\" sizes=\"auto, (max-width: 470px) 100vw, 470px\" \/><\/a><\/p>\n<p>&nbsp;<\/p>\n<p>&nbsp;<\/p>\n<p>&nbsp;<\/p>\n<p>Ad\u012b\u0161anas prieks ar Pingouin ESTREL 3!<br \/>\nVai jau j\u016btat vasaras v\u0113smas? Ir pien\u0101cis laiks atjaunin\u0101t savu garderobi ar rokdarbiem! Iepaz\u012bstin\u0101m ar Pingouin ESTREL 3, iedvesmojo\u0161u katalogu darbam ar kvalitat\u012bvu dziju.<\/p>\n<p>Vair\u0101k nek\u0101 90 lappu\u0161u t\u012bra rado\u0161uma: no m\u0101j\u012bgiem s\u012bkumiem mazajiem l\u012bdz stil\u012bgiem sievie\u0161u mode\u013ciem.<\/p>\n<h3>\u00a0Kas j\u016bs gaida \u0161aj\u0101 katalog\u0101?<\/h3>\n<p><strong>\u0160aj\u0101 publik\u0101cij\u0101 ir 35 detaliz\u0113tas diagrammas, kas iedal\u012btas tr\u012bs galvenaj\u0101s grup\u0101s:<\/strong><\/p>\n<ul>\n<li>\u00a0Z\u012bdai\u0146i (0-18 m\u0113ne\u0161i): Kr\u0101\u0161\u0146as bl\u016bzes, m\u012bksti d\u017eemperi un m\u012b\u013cas pl\u012b\u0161a rota\u013clietas, kas k\u013c\u016bs par pirmaj\u0101m d\u0101rgaj\u0101m d\u0101van\u0101m.<\/li>\n<li>\u00a0B\u0113rniem (2-10 gadi): kr\u0101\u0161\u0146as tunikas un d\u017eemperi b\u0113rnu akt\u012bvai atp\u016btai un visiem dz\u012bves gad\u012bjumiem.<\/li>\n<li>Sieviet\u0113m (izm\u0113ri 34\/36 - 50\/52): pla\u0161s kl\u0101sts no viegl\u0101m bl\u016bzn\u0101m bez piedurkn\u0113m l\u012bdz elegantiem pon\u010do un d\u017eemperiem.<\/li>\n<\/ul>\n<h3>\u00a0K\u0101p\u0113c izv\u0113l\u0113ties \u0161o katalogu?<\/h3>\n<p><strong>Neatkar\u012bgi no t\u0101, vai esat ies\u0101c\u0113js vai tambor\u0113\u0161anas un ad\u012b\u0161anas eksperts, j\u016bs atrad\u012bsiet sev piem\u0113rotus projektus:<\/strong><\/p>\n<ul>\n<li>Visi l\u012bme\u0146i: instrukcijas ir sadal\u012btas ies\u0101c\u0113ju, vid\u0113ji pieredz\u0113ju\u0161o un ekspertu l\u012bme\u0146os.<\/li>\n<li>Visaptveram\u012bba: konsekventas vadl\u012bnijas un skaidri paskaidrojumi nodro\u0161in\u0101s, ka process ir vienm\u0113r\u012bgs un pat\u012bkams.<\/li>\n<li>Daudzpus\u012bba: mode\u013ci ir paredz\u0113ti katrai sezonai un katram gad\u012bjumam.<\/li>\n<\/ul>\n<p>Pa\u0137eriet auklas un tamboradatas \u0101\u0137us! Ir pien\u0101cis laiks pl\u0101not jaunus vasaras projektus. Ieg\u0101d\u0101jieties \u0161o katalogu un \u013caujiet sav\u0101m rok\u0101m rad\u012bt br\u012bnumus.<\/p>\n<p>J\u016bsu br\u012bvais laiks ir peln\u012bjis kr\u0101sas un maigumu!<\/p>","protected":false},"excerpt":{"rendered":"<p>Pingouin ESTREL 3 Ad\u012b\u0161anas-tambor\u0113\u0161anas gr\u0101mata - iedvesma katram adatu klik\u0161\u0137im!<br \/>\nL\u012bdz 35 ad\u012b\u0161anas un tambor\u0113\u0161anas mode\u013ciem.  \u0160is 90 lappu\u0161u garais ce\u013cvedis pavad\u012bs j\u016bs ik uz so\u013ca, s\u0101kot no pirm\u0101 valdzi\u0146a l\u012bdz gatavam rakstam.<\/p>\n<p><strong>Katalog\u0101 iek\u013cauti:<\/strong><\/p>\n<ul>\n<li>Z\u012bdai\u0146iem (0-18 m\u0113ne\u0161i): m\u0101j\u012bgas dr\u0113b\u012btes un m\u012b\u013cas rota\u013clietas.<\/li>\n<li>B\u0113rniem (2-10 gadi): stil\u012bgi d\u017eemperi un daudzpus\u012bgas tunikas.<\/li>\n<li>Sieviet\u0113m (34-52 izm\u0113ri): vieglas bl\u016bzes, pon\u010do un vasaras d\u017eemperi.<\/li>\n<\/ul>\n<p><strong>K\u0101p\u0113c ir nepiecie\u0161ams?<\/strong><\/p>\n<ul>\n<li>Piem\u0113rots visiem prasmju l\u012bme\u0146iem (no ies\u0101c\u0113ja l\u012bdz ekspertam).<\/li>\n<li>Skaidri, konsekventi nor\u0101d\u012bjumi.<\/li>\n<li>Mode\u013ci visiem gadalaikiem un gad\u012bjumiem.<\/li>\n<\/ul>\n<p>Papildiniet savu vasaras garderobi ar ar rok\u0101m darin\u0101tu siltumu!<\/p>","protected":false},"featured_media":38274,"comment_status":"open","ping_status":"closed","template":"","meta":{"_acf_changed":false},"product_brand":[1887],"product_cat":[484],"product_tag":[1859],"class_list":{"0":"post-38268","1":"product","2":"type-product","3":"status-publish","4":"has-post-thumbnail","6":"product_brand-phildar","7":"product_cat-spauda","8":"product_tag-phildar","10":"first","11":"instock","12":"taxable","13":"shipping-taxable","14":"purchasable","15":"product-type-simple"},"acf":[],"_links":{"self":[{"href":"https:\/\/siulubangos.lt\/lv\/wp-json\/wp\/v2\/product\/38268","targetHints":{"allow":["GET"]}}],"collection":[{"href":"https:\/\/siulubangos.lt\/lv\/wp-json\/wp\/v2\/product"}],"about":[{"href":"https:\/\/siulubangos.lt\/lv\/wp-json\/wp\/v2\/types\/product"}],"replies":[{"embeddable":true,"href":"https:\/\/siulubangos.lt\/lv\/wp-json\/wp\/v2\/comments?post=38268"}],"version-history":[{"count":0,"href":"https:\/\/siulubangos.lt\/lv\/wp-json\/wp\/v2\/product\/38268\/revisions"}],"wp:featuredmedia":[{"embeddable":true,"href":"https:\/\/siulubangos.lt\/lv\/wp-json\/wp\/v2\/media\/38274"}],"wp:attachment":[{"href":"https:\/\/siulubangos.lt\/lv\/wp-json\/wp\/v2\/media?parent=38268"}],"wp:term":[{"taxonomy":"product_brand","embeddable":true,"href":"https:\/\/siulubangos.lt\/lv\/wp-json\/wp\/v2\/product_brand?post=38268"},{"taxonomy":"product_cat","embeddable":true,"href":"https:\/\/siulubangos.lt\/lv\/wp-json\/wp\/v2\/product_cat?post=38268"},{"taxonomy":"product_tag","embeddable":true,"href":"https:\/\/siulubangos.lt\/lv\/wp-json\/wp\/v2\/product_tag?post=38268"}],"curies":[{"name":"wp","href":"https:\/\/api.w.org\/{rel}","templated":true}]}}