{"id":38299,"date":"2026-02-10T13:04:42","date_gmt":"2026-02-10T11:04:42","guid":{"rendered":"https:\/\/siulubangos.lt\/?post_type=product&#038;p=38299"},"modified":"2026-04-16T14:56:19","modified_gmt":"2026-04-16T11:56:19","slug":"phildar-maison-de-tricot-special-anxiety-edition-summer","status":"publish","type":"product","link":"https:\/\/siulubangos.lt\/lv\/parduotuve\/phildar-maison-de-tricot-specialusis-nerimo-leidimas-vasara\/","title":{"rendered":"NR. 272 Phildar tambor\u0113\u0161anas \u017eurn\u0101ls - Sievie\u0161u kolekcija"},"content":{"rendered":"<h3>NR. 272 Phildar Crochet Magazine - \u012apa\u0161ais tambor\u0113\u0161anas izdevums: Vasaras kolekcija<\/h3>\n<p>NR. 272 Phildar tambor\u0113\u0161anas \u017eurn\u0101ls - Sievie\u0161u kolekcija<\/p>\n<p><a href=\"https:\/\/siulubangos.lt\/wp-content\/uploads\/2026\/02\/Phildar-Maison-de-Tricot-11.jpg\"><img loading=\"lazy\" decoding=\"async\" class=\"alignnone wp-image-38321\" src=\"https:\/\/siulubangos.lt\/wp-content\/uploads\/2026\/02\/Phildar-Maison-de-Tricot-11.jpg\" alt=\"\" width=\"470\" height=\"583\" title=\"\" srcset=\"https:\/\/siulubangos.lt\/wp-content\/uploads\/2026\/02\/Phildar-Maison-de-Tricot-11.jpg 600w, https:\/\/siulubangos.lt\/wp-content\/uploads\/2026\/02\/Phildar-Maison-de-Tricot-11-242x300.jpg 242w, https:\/\/siulubangos.lt\/wp-content\/uploads\/2026\/02\/Phildar-Maison-de-Tricot-11-150x186.jpg 150w\" sizes=\"auto, (max-width: 470px) 100vw, 470px\" \/><\/a> <a href=\"https:\/\/siulubangos.lt\/wp-content\/uploads\/2026\/02\/Phildar-Maison-de-Tricot-10.jpg\"><img loading=\"lazy\" decoding=\"async\" class=\"alignnone wp-image-38320\" src=\"https:\/\/siulubangos.lt\/wp-content\/uploads\/2026\/02\/Phildar-Maison-de-Tricot-10.jpg\" alt=\"\" width=\"470\" height=\"583\" title=\"\" srcset=\"https:\/\/siulubangos.lt\/wp-content\/uploads\/2026\/02\/Phildar-Maison-de-Tricot-10.jpg 600w, https:\/\/siulubangos.lt\/wp-content\/uploads\/2026\/02\/Phildar-Maison-de-Tricot-10-242x300.jpg 242w, https:\/\/siulubangos.lt\/wp-content\/uploads\/2026\/02\/Phildar-Maison-de-Tricot-10-150x186.jpg 150w\" sizes=\"auto, (max-width: 470px) 100vw, 470px\" \/><\/a> <a href=\"https:\/\/siulubangos.lt\/wp-content\/uploads\/2026\/02\/Phildar-Maison-de-Tricot-9.jpg\"><img loading=\"lazy\" decoding=\"async\" class=\"alignnone wp-image-38319\" src=\"https:\/\/siulubangos.lt\/wp-content\/uploads\/2026\/02\/Phildar-Maison-de-Tricot-9.jpg\" alt=\"\" width=\"470\" height=\"583\" title=\"\" srcset=\"https:\/\/siulubangos.lt\/wp-content\/uploads\/2026\/02\/Phildar-Maison-de-Tricot-9.jpg 600w, https:\/\/siulubangos.lt\/wp-content\/uploads\/2026\/02\/Phildar-Maison-de-Tricot-9-242x300.jpg 242w, https:\/\/siulubangos.lt\/wp-content\/uploads\/2026\/02\/Phildar-Maison-de-Tricot-9-150x186.jpg 150w\" sizes=\"auto, (max-width: 470px) 100vw, 470px\" \/><\/a> \u00a0<a href=\"https:\/\/siulubangos.lt\/wp-content\/uploads\/2026\/02\/Phildar-Maison-de-Tricot-7.jpg\"><img loading=\"lazy\" decoding=\"async\" class=\"alignnone wp-image-38317\" src=\"https:\/\/siulubangos.lt\/wp-content\/uploads\/2026\/02\/Phildar-Maison-de-Tricot-7.jpg\" alt=\"\" width=\"471\" height=\"584\" title=\"\" srcset=\"https:\/\/siulubangos.lt\/wp-content\/uploads\/2026\/02\/Phildar-Maison-de-Tricot-7.jpg 600w, https:\/\/siulubangos.lt\/wp-content\/uploads\/2026\/02\/Phildar-Maison-de-Tricot-7-242x300.jpg 242w, https:\/\/siulubangos.lt\/wp-content\/uploads\/2026\/02\/Phildar-Maison-de-Tricot-7-150x186.jpg 150w\" sizes=\"auto, (max-width: 471px) 100vw, 471px\" \/><\/a><\/p>\n<p>Atkl\u0101jiet jaun\u0101ko \u012bpa\u0161o Phildar Maison de Tricot izdevumu, kas velt\u012bts tikai tambor\u0113\u0161anas tehnik\u0101m. \u0160\u012bs sezonas katalogs ir k\u0101 oda starojo\u0161ai, br\u012bvai un autentiskai sievi\u0161\u0137\u012bbai. Iedvesmojoties no saules apsp\u012bd\u0113tajiem dienvidu krastiem, \u0161is izdevums aicina j\u016bs iegremd\u0113ties rado\u0161\u0101 ce\u013cojum\u0101 caur diviem kontrast\u0113jo\u0161iem, bet harmoniskiem vasaras st\u0101stiem.<\/p>\n<p><strong>Kolekcijas koncepcija: divas vasaras noska\u0146as<\/strong><br \/>\nKatalogs prasm\u012bgi apvieno divus at\u0161\u0137ir\u012bgus est\u0113tiskos polus, \u013caujot katrai m\u0101ksliniecei atrast savu stilu.<\/p>\n<p><strong>Vidusj\u016bras dienvidu re\u0123ions:<\/strong><br \/>\nT\u0101 ir elegances un klusuma o\u0101ze. Kolekcij\u0101 domin\u0113 spilgtu un starojo\u0161u kr\u0101su spektrs: mirdzo\u0161i balta, tum\u0161i zila un saulaini dzeltena. Dizainiem rakstur\u012bgs maigums, r\u016bp\u012bga uzman\u012bba deta\u013c\u0101m un vieglums, kas atg\u0101dina svaigu piej\u016bras v\u0113ju.<\/p>\n<p><strong>Tropu dienvidi:<\/strong><br \/>\nDrosm\u012bga, spilgta un kr\u0101saina kolekcija. Tambor\u0113\u0161ana k\u013c\u016bst par pa\u0161izpausmes l\u012bdzekli, izmantojot intens\u012bvas kr\u0101sas, spilgtus kontrastus un rota\u013c\u012bgas sv\u012btru kombin\u0101cijas. \u0160ie raksti ir veidoti t\u0101, lai rad\u012btu v\u0113lu p\u0113cpusdienas siltumu un eksotisku d\u0101rzu sul\u012bgumu.<\/p>\n<h3>K\u0101p\u0113c ieg\u0101d\u0101ties \u0161o at\u013cauju?<\/h3>\n<ul>\n<li>Augst\u0101k\u0101s kvalit\u0101tes materi\u0101li: visi mode\u013ci ir veidoti no dab\u012bg\u0101m, elpojo\u0161\u0101m \u0161\u0137iedr\u0101m, kas nodro\u0161ina izstr\u0101d\u0101jumu elast\u012bbu un nep\u0101rsp\u0113jamu komfortu karst\u0101kaj\u0101s vasaras dien\u0101s.<\/li>\n<li>Saules sk\u016bpst\u012bti silueti: no viegliem vasaras topiem l\u012bdz elegant\u0101m kleit\u0101m - katrs modelis ir veidots t\u0101, lai izceltu sievi\u0161\u0137\u012bgas l\u012bnijas un rad\u012btu br\u012bv\u012bbas saj\u016btu.<\/li>\n<li>Meistar\u012bbas skola: Phildar instrukcijas tiek nov\u0113rt\u0113tas par to skaidr\u012bbu, kas \u013cauj sasniegt profesion\u0101lus rezult\u0101tus gan pieredz\u0113ju\u0161iem meistariem, gan ambicioziem ies\u0101c\u0113jiem.<\/li>\n<\/ul>\n<p>&nbsp;<\/p>\n<p>&nbsp;<\/p>\n<p>&nbsp;<\/p>\n<p>&nbsp;<\/p>","protected":false},"excerpt":{"rendered":"<h3>Vasaras tambor\u0113jumu kolekcija<\/h3>\n<p>Atkl\u0101jiet Phildar \u012bpa\u0161o izdevumu, ko iedvesmojusi saule un br\u012bv\u012bba un kas paredz\u0113ts tikai tambor\u0113\u0161anai. Katalog\u0101 ir divas stil\u012bgas vasaras v\u012bzijas:<\/p>\n<ul>\n<li>Vidusj\u016bras elegance: smalki, mirdzo\u0161i balti un zili dizaini piej\u016bras garam.<\/li>\n<li>Tropu ener\u0123ija: ko\u0161as kr\u0101sas, drosm\u012bgi kontrasti un rota\u013c\u012bgas sv\u012btras eksotiskai vasarai.<\/li>\n<\/ul>\n<p>\u0160is katalogs nav tikai nor\u0101d\u012bjumu kopums - tas ir iedvesmas avots j\u016bsu vasaras garderobei, kur roku darbs satiekas ar m\u016bsdienu modi.<\/p>\n<div id=\"gtx-trans\" style=\"position: absolute; left: -8px; top: -3.33333px;\">\n<div class=\"gtx-trans-icon\"><\/div>\n<\/div>","protected":false},"featured_media":38311,"comment_status":"open","ping_status":"closed","template":"","meta":{"_acf_changed":false},"product_brand":[1887],"product_cat":[484],"product_tag":[1859],"class_list":{"0":"post-38299","1":"product","2":"type-product","3":"status-publish","4":"has-post-thumbnail","6":"product_brand-phildar","7":"product_cat-spauda","8":"product_tag-phildar","10":"first","11":"instock","12":"taxable","13":"shipping-taxable","14":"purchasable","15":"product-type-simple"},"acf":[],"_links":{"self":[{"href":"https:\/\/siulubangos.lt\/lv\/wp-json\/wp\/v2\/product\/38299","targetHints":{"allow":["GET"]}}],"collection":[{"href":"https:\/\/siulubangos.lt\/lv\/wp-json\/wp\/v2\/product"}],"about":[{"href":"https:\/\/siulubangos.lt\/lv\/wp-json\/wp\/v2\/types\/product"}],"replies":[{"embeddable":true,"href":"https:\/\/siulubangos.lt\/lv\/wp-json\/wp\/v2\/comments?post=38299"}],"version-history":[{"count":0,"href":"https:\/\/siulubangos.lt\/lv\/wp-json\/wp\/v2\/product\/38299\/revisions"}],"wp:featuredmedia":[{"embeddable":true,"href":"https:\/\/siulubangos.lt\/lv\/wp-json\/wp\/v2\/media\/38311"}],"wp:attachment":[{"href":"https:\/\/siulubangos.lt\/lv\/wp-json\/wp\/v2\/media?parent=38299"}],"wp:term":[{"taxonomy":"product_brand","embeddable":true,"href":"https:\/\/siulubangos.lt\/lv\/wp-json\/wp\/v2\/product_brand?post=38299"},{"taxonomy":"product_cat","embeddable":true,"href":"https:\/\/siulubangos.lt\/lv\/wp-json\/wp\/v2\/product_cat?post=38299"},{"taxonomy":"product_tag","embeddable":true,"href":"https:\/\/siulubangos.lt\/lv\/wp-json\/wp\/v2\/product_tag?post=38299"}],"curies":[{"name":"wp","href":"https:\/\/api.w.org\/{rel}","templated":true}]}}