{"id":38305,"date":"2026-02-10T13:20:44","date_gmt":"2026-02-10T11:20:44","guid":{"rendered":"https:\/\/siulubangos.lt\/?post_type=product&#038;p=38305"},"modified":"2026-02-18T14:22:24","modified_gmt":"2026-02-18T12:22:24","slug":"mezgimo-katalogas-phildar-casual-chic-nr-253","status":"publish","type":"product","link":"https:\/\/siulubangos.lt\/lv\/parduotuve\/mezgimo-katalogas-phildar-casual-chic-nr-253\/","title":{"rendered":"NR. 253 Phildar ad\u012b\u0161anas \u017eurn\u0101ls (sieviet\u0113m un v\u012brie\u0161iem)"},"content":{"rendered":"<h3>NR. 253 Phildar mezgimo \u017eurnalas &#8211; Sporti\u0161ka elegancija ir \u017eieminis komfortas<\/h3>\n<p><a href=\"https:\/\/siulubangos.lt\/wp-content\/uploads\/2026\/02\/phildar-casual-chic-5.jpg\"><img loading=\"lazy\" decoding=\"async\" class=\"alignnone wp-image-38328\" src=\"https:\/\/siulubangos.lt\/wp-content\/uploads\/2026\/02\/phildar-casual-chic-5.jpg\" alt=\"\" width=\"470\" height=\"583\" title=\"\" srcset=\"https:\/\/siulubangos.lt\/wp-content\/uploads\/2026\/02\/phildar-casual-chic-5.jpg 600w, https:\/\/siulubangos.lt\/wp-content\/uploads\/2026\/02\/phildar-casual-chic-5-242x300.jpg 242w, https:\/\/siulubangos.lt\/wp-content\/uploads\/2026\/02\/phildar-casual-chic-5-150x186.jpg 150w\" sizes=\"auto, (max-width: 470px) 100vw, 470px\" \/><\/a> <a href=\"https:\/\/siulubangos.lt\/wp-content\/uploads\/2026\/02\/phildar-casual-chic-3.jpg\"><img loading=\"lazy\" decoding=\"async\" class=\"alignnone wp-image-38326\" src=\"https:\/\/siulubangos.lt\/wp-content\/uploads\/2026\/02\/phildar-casual-chic-3.jpg\" alt=\"\" width=\"470\" height=\"583\" title=\"\" srcset=\"https:\/\/siulubangos.lt\/wp-content\/uploads\/2026\/02\/phildar-casual-chic-3.jpg 600w, https:\/\/siulubangos.lt\/wp-content\/uploads\/2026\/02\/phildar-casual-chic-3-242x300.jpg 242w, https:\/\/siulubangos.lt\/wp-content\/uploads\/2026\/02\/phildar-casual-chic-3-150x186.jpg 150w\" sizes=\"auto, (max-width: 470px) 100vw, 470px\" \/><\/a><a href=\"https:\/\/siulubangos.lt\/wp-content\/uploads\/2026\/02\/phildar-casual-chic-10.jpg\"><img loading=\"lazy\" decoding=\"async\" class=\"alignnone wp-image-38333\" src=\"https:\/\/siulubangos.lt\/wp-content\/uploads\/2026\/02\/phildar-casual-chic-10.jpg\" alt=\"\" width=\"470\" height=\"583\" title=\"\" srcset=\"https:\/\/siulubangos.lt\/wp-content\/uploads\/2026\/02\/phildar-casual-chic-10.jpg 600w, https:\/\/siulubangos.lt\/wp-content\/uploads\/2026\/02\/phildar-casual-chic-10-242x300.jpg 242w, https:\/\/siulubangos.lt\/wp-content\/uploads\/2026\/02\/phildar-casual-chic-10-150x186.jpg 150w\" sizes=\"auto, (max-width: 470px) 100vw, 470px\" \/><\/a><\/p>\n<p>&nbsp;<\/p>\n<p><a href=\"https:\/\/siulubangos.lt\/wp-content\/uploads\/2026\/02\/phildar-casual-chic-9.jpg\"><img loading=\"lazy\" decoding=\"async\" class=\"alignnone wp-image-38332\" src=\"https:\/\/siulubangos.lt\/wp-content\/uploads\/2026\/02\/phildar-casual-chic-9.jpg\" alt=\"\" width=\"470\" height=\"583\" title=\"\" srcset=\"https:\/\/siulubangos.lt\/wp-content\/uploads\/2026\/02\/phildar-casual-chic-9.jpg 600w, https:\/\/siulubangos.lt\/wp-content\/uploads\/2026\/02\/phildar-casual-chic-9-242x300.jpg 242w, https:\/\/siulubangos.lt\/wp-content\/uploads\/2026\/02\/phildar-casual-chic-9-150x186.jpg 150w\" sizes=\"auto, (max-width: 470px) 100vw, 470px\" \/><\/a><\/p>\n<p>Phildar sukurta &#8222;b\u016btin\u0173j\u0173&#8221; drabu\u017ei\u0173 kolekcij\u0105, kurioje prakti\u0161kumas susitinka su rafinuotu stiliumi. \u0160is leidinys skirtas tiek moterims, tiek vyrams, ie\u0161kantiems balanso tarp kasdienio patogumo ir elegancijos.<\/p>\n<p><strong>Kolekcijos akcentai :<\/strong><\/p>\n<ul>\n<li>Klasika naujai: Nuo ikoni\u0161k\u0173 Bretan\u0117s dry\u017euot\u0173 palaidini\u0173 iki prabangi\u0173 pyni\u0173 (cable knit) ra\u0161t\u0173 megztini\u0173.<\/li>\n<li>Sporti\u0161kas prieskonis: Dizainai sukurti taip, kad suteikt\u0173 jud\u0117jimo laisv\u0119 ir &#8222;sporti\u0161k\u0105 poj\u016bt\u012f&#8221;, ta\u010diau i\u0161laikyt\u0173 rafinuot\u0105 \u012fvaizd\u012f kiekvien\u0105 dien\u0105.<\/li>\n<li>Nesenstanti palet\u0117: Modeliai i\u0161ry\u0161kinami naudojant klasikin\u0119 spalv\u0173 gam\u0105, kurie garantuoja nat\u016bral\u0173 ir kokybi\u0161k\u0105 galutinio gaminio vaizd\u0105.<\/li>\n<\/ul>\n<h3>Kod\u0117l verta rinktis \u0161\u012f katalog\u0105?<\/h3>\n<ul>\n<li>Universalumas: Drabu\u017eiai, kurie vienodai gerai atrodo tiek aktyviai leid\u017eiant laisvalaik\u012f, tiek mieste.<\/li>\n<li>Visiems \u0161eimos nariams: I\u0161skirtinis d\u0117mesys tiek moteri\u0161kiems, tiek vyri\u0161kiems siluetams.<\/li>\n<li>Kokyb\u0117s garantija: Naudojami klasikiniai si\u016blai u\u017etikrina mezgini\u0173 ilgaam\u017ei\u0161kum\u0105 ir \u0161ilum\u0105 \u0161al\u010diausiu sezonu.<\/li>\n<\/ul>","protected":false},"excerpt":{"rendered":"<h3>Sporti\u0161kas rafinuotumas ir \u017eiemos klasika<\/h3>\n<p>\u0160iame \u017eiemini\u0173 modeli\u0173 leidinyje pristatomi drabu\u017eiai vyrams ir moterims, vertinantiems prakti\u0161kum\u0105 bei subtil\u0173 stili\u0173. Kolekcijos pagrindas yra kasdienio patogumo ir elegancijos derinys, leid\u017eiantis sukurti universali\u0105 \u0161altojo sezono kapsul\u0119.<\/p>\n<p><strong>Leidinio akcentai:<\/strong><\/p>\n<ul>\n<li>Nesenstanti estetika: Instrukcijos klasikin\u0117ms Bretan\u0117s dry\u017euotoms palaidin\u0117ms bei tradicin\u0117ms pyn\u0117ms.<\/li>\n<li>Funkcionalus dizainas: Siluetai sukurti taip, kad derint\u0173 nat\u016bral\u0173 rafinuotum\u0105 su sporti\u0161ku lengvumu.<\/li>\n<li>Sezono spalvos: Modeliai pritaikyti b\u016btiniausioms \u017eiemin\u0117ms spalvoms, kurios lengvai derinamos \u0161iuolaikiniame garderobe.<\/li>\n<\/ul>\n<p>Tai idealus pasirinkimas ie\u0161kantiems kokybi\u0161k\u0173 sprendim\u0173 kasdienai &#8211; drabu\u017ei\u0173, kurie vienodai gerai tinka tiek aktyviam laisvalaikiui, tiek stilingam \u012fvaizd\u017eiui mieste.<\/p>\n<div id=\"gtx-trans\" style=\"position: absolute; left: -2px; top: -3.33333px;\">\n<div class=\"gtx-trans-icon\"><\/div>\n<\/div>","protected":false},"featured_media":38310,"comment_status":"open","ping_status":"closed","template":"","meta":{"_acf_changed":false},"product_brand":[1887],"product_cat":[484],"product_tag":[1859],"class_list":{"0":"post-38305","1":"product","2":"type-product","3":"status-publish","4":"has-post-thumbnail","6":"product_brand-phildar","7":"product_cat-spauda","8":"product_tag-phildar","10":"first","11":"instock","12":"taxable","13":"shipping-taxable","14":"purchasable","15":"product-type-simple"},"acf":[],"_links":{"self":[{"href":"https:\/\/siulubangos.lt\/lv\/wp-json\/wp\/v2\/product\/38305","targetHints":{"allow":["GET"]}}],"collection":[{"href":"https:\/\/siulubangos.lt\/lv\/wp-json\/wp\/v2\/product"}],"about":[{"href":"https:\/\/siulubangos.lt\/lv\/wp-json\/wp\/v2\/types\/product"}],"replies":[{"embeddable":true,"href":"https:\/\/siulubangos.lt\/lv\/wp-json\/wp\/v2\/comments?post=38305"}],"version-history":[{"count":0,"href":"https:\/\/siulubangos.lt\/lv\/wp-json\/wp\/v2\/product\/38305\/revisions"}],"wp:featuredmedia":[{"embeddable":true,"href":"https:\/\/siulubangos.lt\/lv\/wp-json\/wp\/v2\/media\/38310"}],"wp:attachment":[{"href":"https:\/\/siulubangos.lt\/lv\/wp-json\/wp\/v2\/media?parent=38305"}],"wp:term":[{"taxonomy":"product_brand","embeddable":true,"href":"https:\/\/siulubangos.lt\/lv\/wp-json\/wp\/v2\/product_brand?post=38305"},{"taxonomy":"product_cat","embeddable":true,"href":"https:\/\/siulubangos.lt\/lv\/wp-json\/wp\/v2\/product_cat?post=38305"},{"taxonomy":"product_tag","embeddable":true,"href":"https:\/\/siulubangos.lt\/lv\/wp-json\/wp\/v2\/product_tag?post=38305"}],"curies":[{"name":"wp","href":"https:\/\/api.w.org\/{rel}","templated":true}]}}