{"id":38375,"date":"2026-02-13T15:47:47","date_gmt":"2026-02-13T13:47:47","guid":{"rendered":"https:\/\/siulubangos.lt\/?post_type=product&#038;p=38375"},"modified":"2026-04-16T14:16:34","modified_gmt":"2026-04-16T11:16:34","slug":"gazzal-super-kid-mohair-dzija","status":"publish","type":"product","link":"https:\/\/siulubangos.lt\/lv\/parduotuve\/gazzal-super-kid-mohair\/","title":{"rendered":"Gazzal SUPER KID MOHAIR (moh\u0113ra, merino vilna)"},"content":{"rendered":"<h3>Gazzal SUPER KID MOHAIR (47% super kid moh\u0113ra, 31% merino vilnas, 22% poliam\u012bda)<\/h3>\n<p>\u0160\u012b ir \u013coti smalka un p\u016bkaina ad\u0101madatas dzija viegliem un siltiem rokdarbiem. \u0160\u012bs dzijas pamat\u0101 ir augst\u0101k\u0101s kvalit\u0101tes Kid Mohair vilna, kas papildin\u0101ta ar merino vilnu un poliam\u012bdu, kas pie\u0161\u0137ir dzijai iztur\u012bbu.<\/p>\n<p>\u0160o moh\u0113ras dziju strukt\u016bra padara t\u0101s \u013coti daudzpus\u012bgas. Adot vien\u0101 virten\u0113, tas rada a\u017e\u016bru, zirnek\u013ca t\u012bkla efektu, kas ir lieliski piem\u0113rots \u0161alles vai vieglu d\u017eemperu ad\u012b\u0161anai. To bie\u017ei izmanto ar\u012b k\u0101 papildu dziju, pievienojot cit\u0101m viln\u0101m vai kokvilnai, lai ad\u012bjumiem pie\u0161\u0137irtu papildu siltumu un m\u012bkstu p\u016bkain\u012bbu.<\/p>\n<p>Lai gan Gazzal SUPER KID MOHAIR bumbi\u0146a sver tikai 25 g, tai ir liels garums (237 m), kas padara to ekonomisku un praktiski neman\u0101mu valk\u0101\u0161anas laik\u0101.<\/p>\n<ul>\n<li><strong>Ieteicamie adatas<\/strong>: 3,0 mm - 5,0 mm (atkar\u012bb\u0101 no v\u0113lam\u0101 bl\u012bvuma).<\/li>\n<li><strong>Kop\u0161ana<\/strong>: Mazg\u0101jiet ar rok\u0101m v\u0113s\u0101 \u016bden\u012b un \u017e\u0101v\u0113jiet horizont\u0101li.<\/li>\n<\/ul>","protected":false},"excerpt":{"rendered":"<p>Gazzal SUPER KID MOHAIR ir smalka, p\u016bkaina moh\u0113ras dzija tambor\u0113\u0161anai vai kabe\u013cu ad\u012b\u0161anai. \u0160ai dzijai ir neliels svars un liels izm\u0113rs, t\u0101p\u0113c t\u0101 ir viegla, bet silta. To var ad\u012bt vienu pa\u0161u (caursp\u012bd\u012bgiem ad\u012bjumiem) vai kombin\u0113t ar citu vilnu, lai ieg\u016btu p\u016bkainu ad\u012bjumu.<\/p>\n<p>&nbsp;<\/p>","protected":false},"featured_media":38386,"comment_status":"open","ping_status":"closed","template":"","meta":{"_acf_changed":false},"product_brand":[2513],"product_cat":[58,428,493,419,418,429,1951],"product_tag":[1934],"class_list":{"0":"post-38375","1":"product","2":"type-product","3":"status-publish","4":"has-post-thumbnail","6":"product_brand-gazzal","7":"product_cat-siulai-mezgimui","8":"product_cat-gamintojas","9":"product_cat-itin-ploni-siulai","10":"product_cat-merino-vilnos-siulai","11":"product_cat-moheros-siulai","12":"product_cat-sudetis","13":"product_cat-turkijos-gamintoju-siulai","14":"product_tag-gazzal","15":"pa_spalva-64400-gazzal-super-kid-mohair-klasikine-ruda","16":"pa_spalva-64401-gazzal-super-kid-mohair-svelni-ruda","17":"pa_spalva-64402-gazzal-super-kid-mohair-chaki-zalia","18":"pa_spalva-super-kid-mohair-64403-super-kid-mohair-876-10-b","19":"pa_spalva-64404-gazzal-super-kid-mohair-siltai-smeline","20":"pa_spalva-64405-gazzal-super-kid-mohair-sviesi-garstyciu","21":"pa_spalva-super-kid-mohair-64408-super-kid-mohair-881-10-b","22":"pa_spalva-64409-gazal-super-kid-mohair-juoda","23":"pa_spalva-super-kid-mohair-64410-super-kid-mohair-883-10-b","24":"pa_spalva-super-kid-mohair-64411-super-kid-mohair-884-10-b","25":"pa_spalva-super-kid-mohair-64412-super-kid-mohair-885-10-b","26":"pa_spalva-super-kid-mohair-64413-super-kid-mohair-886-10-b","27":"pa_spalva-64414-gazzal-super-kid-mohair-naturali-balta","28":"pa_spalva-super-kid-mohair-64416-super-kid-mohair-889-10-b","29":"pa_spalva-super-kid-mohair-64417-super-kid-mohair-890-10-b","30":"pa_spalva-64418-gazzal-super-kid-mohair-tamsi-turkio","31":"pa_spalva-64420-gazzal-super-kid-mohair-serksno-melsva","32":"pa_spalva-64422-gazzal-super-kid-mohair-obuolio-zalia","33":"pa_spalva-super-kid-mohair-64426-super-kid-mohair-899-10-b","34":"pa_spalva-super-kid-mohair-64430-super-kid-mohair-2276-10-b","35":"pa_spalva-super-kid-mohair-64432-super-kid-mohair-905-10-b","36":"pa_spalva-super-kid-mohair-64433-super-kid-mohair-906-10-b","37":"pa_spalva-64434-gazzal-super-kid-mohair-sviesi-pilka","38":"pa_spalva-super-kid-mohair-64435-super-kid-mohair-908-10-b","39":"pa_spalva-64437-gazzal-super-kid-mohair","40":"pa_spalva-64439-gazzal-super-kid-mohair-kalkiu-balta","41":"pa_spalva-super-kid-mohair-65612-super-kid-mohair-2246-11-b","42":"pa_svoris-ilgis-25-g-237-m","44":"first","45":"instock","46":"sale","47":"taxable","48":"shipping-taxable","49":"purchasable","50":"product-type-variable"},"acf":[],"_links":{"self":[{"href":"https:\/\/siulubangos.lt\/lv\/wp-json\/wp\/v2\/product\/38375","targetHints":{"allow":["GET"]}}],"collection":[{"href":"https:\/\/siulubangos.lt\/lv\/wp-json\/wp\/v2\/product"}],"about":[{"href":"https:\/\/siulubangos.lt\/lv\/wp-json\/wp\/v2\/types\/product"}],"replies":[{"embeddable":true,"href":"https:\/\/siulubangos.lt\/lv\/wp-json\/wp\/v2\/comments?post=38375"}],"version-history":[{"count":0,"href":"https:\/\/siulubangos.lt\/lv\/wp-json\/wp\/v2\/product\/38375\/revisions"}],"wp:featuredmedia":[{"embeddable":true,"href":"https:\/\/siulubangos.lt\/lv\/wp-json\/wp\/v2\/media\/38386"}],"wp:attachment":[{"href":"https:\/\/siulubangos.lt\/lv\/wp-json\/wp\/v2\/media?parent=38375"}],"wp:term":[{"taxonomy":"product_brand","embeddable":true,"href":"https:\/\/siulubangos.lt\/lv\/wp-json\/wp\/v2\/product_brand?post=38375"},{"taxonomy":"product_cat","embeddable":true,"href":"https:\/\/siulubangos.lt\/lv\/wp-json\/wp\/v2\/product_cat?post=38375"},{"taxonomy":"product_tag","embeddable":true,"href":"https:\/\/siulubangos.lt\/lv\/wp-json\/wp\/v2\/product_tag?post=38375"}],"curies":[{"name":"wp","href":"https:\/\/api.w.org\/{rel}","templated":true}]}}