{"id":38391,"date":"2026-02-13T20:00:47","date_gmt":"2026-02-13T18:00:47","guid":{"rendered":"https:\/\/siulubangos.lt\/?post_type=product&#038;p=38391"},"modified":"2026-04-09T22:35:53","modified_gmt":"2026-04-09T19:35:53","slug":"alize-mohair-classic-moherio-siulai","status":"publish","type":"product","link":"https:\/\/siulubangos.lt\/lv\/parduotuve\/alize-mohair-classic-moherio-siulai\/","title":{"rendered":"Alize MOHAIR CLASSIC (mohair, vilna)"},"content":{"rendered":"<h3>Alize MOHAIR CLASSIC (25% moh\u0113ra, 24% vilnas, 51% akrila)<\/h3>\n<p>\u0160\u012b ir klasiska moh\u0113ras dzija, kas tiek nov\u0113rt\u0113ta t\u0101s termisko \u012bpa\u0161\u012bbu un p\u016bkain\u0101s tekst\u016bras d\u0113\u013c. Moh\u0113ra un vilnas kombin\u0101cija nodro\u0161ina dabisku siltumu, savuk\u0101rt akrils pie\u0161\u0137ir dzijai maigumu, ne\u013cauj tai \u0101tri zaud\u0113t formu un atvieglo uztur\u0113\u0161anu.<\/p>\n<p>\u0160\u012b moh\u0113ras dzija ir ide\u0101li piem\u0113rota apjom\u012bgiem (oversize) d\u017eemperiem, p\u016bkainiem \u0161all\u0113m vai ziemas aksesu\u0101riem, kuriem nepiecie\u0161ams izteiksm\u012bgs p\u016bkains efekts. Liel\u0101 izm\u0113ra (200 m\/100 g) d\u0113\u013c ad\u012bjumi ir sal\u012bdzino\u0161i viegli, bet \u013coti silti. Dzija ir piem\u0113rota gan ies\u0101c\u0113j\u0101m, gan pieredz\u0113ju\u0161\u0101m ad\u012bt\u0101j\u0101m, jo tai ir laba redzam\u012bba un \u0113rts biezums.<\/p>\n<p><strong>Uztur\u0113\u0161ana:<\/strong> Ieteicams mazg\u0101t ar rok\u0101m v\u0113s\u0101 \u016bden\u012b (l\u012bdz 30 gr\u0101diem p\u0113c Celsija) un \u017e\u0101v\u0113t horizont\u0101li, lai nov\u0113rstu izstiep\u0161anos.<\/p>","protected":false},"excerpt":{"rendered":"<p>Bieza, p\u016bkaina un silta moh\u0113ras dzija ziemas ad\u012bjumiem. Sal\u012bdzinot ar pl\u0101n\u0101kiem moh\u0113ras diegiem, \u0161\u012b dzija ir p\u016bkain\u0101ka un biez\u0101ka, kas nodro\u0161ina \u0101tru darbu, sp\u0113c\u012bgu ad\u012bjumu un labu siltuma saglab\u0101\u0161anu.<\/p>","protected":false},"featured_media":38403,"comment_status":"open","ping_status":"closed","template":"","meta":{"_acf_changed":false},"product_brand":[],"product_cat":[58,443,428,493,418,429,1951,445],"product_tag":[1939],"class_list":{"0":"post-38391","1":"product","2":"type-product","3":"status-publish","4":"has-post-thumbnail","6":"product_cat-siulai-mezgimui","7":"product_cat-akrilo-siulai","8":"product_cat-gamintojas","9":"product_cat-itin-ploni-siulai","10":"product_cat-moheros-siulai","11":"product_cat-sudetis","12":"product_cat-turkijos-gamintoju-siulai","13":"product_cat-vilnos-siulai","14":"product_tag-alize","15":"pa_spalva-01-drops-fiesta-naturali-balta","16":"pa_spalva-alize-mohair-classic-01-naturali-balta","17":"pa_spalva-alize-mohair-classic-161-pudros-rozine","18":"pa_spalva-alize-mohair-classic-180-salavijo","19":"pa_spalva-alize-mohair-classic-21-pilka","20":"pa_spalva-alize-mohair-classic-40-melsva","21":"pa_spalva-alize-mohair-classic-406-rausva","22":"pa_spalva-alize-mohair-classic-426-tamsi-turkio","23":"pa_spalva-alize-mohair-classic-53-grafito","24":"pa_spalva-alize-mohair-classic-541-rusva","25":"pa_spalva-55-alize-diva-balta","26":"pa_spalva-alize-mohair-classic-56-raudona","27":"pa_spalva-alize-mohair-classic-57-bordo","28":"pa_spalva-alize-mohair-classic-60-juoda","29":"pa_spalva-alize-mohair-classic-87-tamsi-pilka","30":"pa_spalva-alize-mohair-classic-952-tamsi-vynuoge","31":"pa_svoris-ilgis-100-g-200-m","33":"first","34":"instock","35":"sale","36":"taxable","37":"shipping-taxable","38":"purchasable","39":"product-type-variable"},"acf":[],"_links":{"self":[{"href":"https:\/\/siulubangos.lt\/lv\/wp-json\/wp\/v2\/product\/38391","targetHints":{"allow":["GET"]}}],"collection":[{"href":"https:\/\/siulubangos.lt\/lv\/wp-json\/wp\/v2\/product"}],"about":[{"href":"https:\/\/siulubangos.lt\/lv\/wp-json\/wp\/v2\/types\/product"}],"replies":[{"embeddable":true,"href":"https:\/\/siulubangos.lt\/lv\/wp-json\/wp\/v2\/comments?post=38391"}],"version-history":[{"count":0,"href":"https:\/\/siulubangos.lt\/lv\/wp-json\/wp\/v2\/product\/38391\/revisions"}],"wp:featuredmedia":[{"embeddable":true,"href":"https:\/\/siulubangos.lt\/lv\/wp-json\/wp\/v2\/media\/38403"}],"wp:attachment":[{"href":"https:\/\/siulubangos.lt\/lv\/wp-json\/wp\/v2\/media?parent=38391"}],"wp:term":[{"taxonomy":"product_brand","embeddable":true,"href":"https:\/\/siulubangos.lt\/lv\/wp-json\/wp\/v2\/product_brand?post=38391"},{"taxonomy":"product_cat","embeddable":true,"href":"https:\/\/siulubangos.lt\/lv\/wp-json\/wp\/v2\/product_cat?post=38391"},{"taxonomy":"product_tag","embeddable":true,"href":"https:\/\/siulubangos.lt\/lv\/wp-json\/wp\/v2\/product_tag?post=38391"}],"curies":[{"name":"wp","href":"https:\/\/api.w.org\/{rel}","templated":true}]}}