{"id":38430,"date":"2026-02-14T01:06:02","date_gmt":"2026-02-13T23:06:02","guid":{"rendered":"https:\/\/siulubangos.lt\/?post_type=product&#038;p=38430"},"modified":"2026-04-20T22:55:14","modified_gmt":"2026-04-20T19:55:14","slug":"lanoso-parla-siulai-su-zvyneliais","status":"publish","type":"product","link":"https:\/\/siulubangos.lt\/lv\/parduotuve\/lanoso-parla-siulai-su-zvyneliais\/","title":{"rendered":"Lanos PARLA (lustra, svari)"},"content":{"rendered":"<h3>Lanoso PARLA (75% diegi ar lustru, 25% svari)<\/h3>\n<p>Lanoso PARLA ir paredz\u0113ta tiem, kas v\u0113las pie\u0161\u0137irt savam trikot\u0101\u017eas izstr\u0101d\u0101jumam izteiksm\u012bgu un sv\u0113tku mirdzumu.Pievienot\u0101 met\u0101lisk\u0101 dzija (lurekss) pie\u0161\u0137ir smalku, bet paman\u0101mu sp\u012bdumu, kas ir \u012bpa\u0161i paman\u0101ms gaism\u0101. Zv\u012b\u0146as pie\u0161\u0137ir rota\u013c\u012bgumu.<\/p>\n<p>Lai gan dzijai ir sp\u012bdums, t\u0101 nav rupja.  Tie ir lieliski piem\u0113roti ad\u012b\u0161anai atsevi\u0161\u0137i vai kop\u0101 ar citiem vienk\u0101r\u0161iem diegiem, lai pie\u0161\u0137irtu tekst\u016bru un sp\u012bdumu.<\/p>\n<p><strong>Uztur\u0113\u0161ana:<\/strong> Ieteicams mazg\u0101t ar rok\u0101m v\u0113s\u0101 \u016bden\u012b bez sp\u0113c\u012bga balin\u0101t\u0101ja. \u017d\u0101v\u0113jiet horizont\u0101li uz l\u012bdzenas puses, lai izstr\u0101d\u0101jums nezaud\u0113tu formu.<\/p>","protected":false},"excerpt":{"rendered":"<p>Gluda, vid\u0113ji smaga ad\u0101madatas dzija ar spilgtu met\u0101lisku sp\u012bdumu (lurekss) un rota\u013c\u012bg\u0101m zv\u012b\u0146\u0101m. \u0160\u012b dzija ir paredz\u0113ta grezniem ad\u012bjumiem, kuriem nepiecie\u0161ams sv\u0113tku mirdzums un dzidra tekst\u016bra. T\u0101 k\u0101 dzija nesatur vilnu, t\u0101 ir piln\u012bgi m\u012bksta un pat\u012bkama piesk\u0101rienam.<\/p>","protected":false},"featured_media":38433,"template":"","meta":{"_acf_changed":false},"product_brand":[],"product_cat":[58,443,487,428,496,1110,1111,429,1951],"product_tag":[1948],"class_list":{"0":"post-38430","1":"product","2":"type-product","3":"status-publish","4":"has-post-thumbnail","6":"product_cat-siulai-mezgimui","7":"product_cat-akrilo-siulai","8":"product_cat-blizgus-siulai","9":"product_cat-gamintojas","10":"product_cat-isskirtiniai-teksturiniai-siulai","11":"product_cat-poliamidas","12":"product_cat-poliesteris","13":"product_cat-sudetis","14":"product_cat-turkijos-gamintoju-siulai","15":"product_tag-lanoso","16":"pa_spalva-1351-lanoso-parla-auksine","17":"pa_spalva-1951-lanoso-parla-zalsva","18":"pa_spalva-2951-lanoso-parla-chaki","19":"pa_spalva-3151-lanoso-parla-svelni-rozine","20":"pa_spalva-3636-lanoso-parla-ruda","21":"pa_spalva-4051-lanoso-parla-melsva","22":"pa_spalva-4751-lanoso-parla-sviesi-alyvine","23":"pa_spalva-5251-lanoso-parla-pilka","24":"pa_spalva-5451-lanoso-parla-melyna","25":"pa_spalva-5551-lanoso-parla-sidabrine","26":"pa_spalva-6060-lanoso-parla-juoda","27":"pa_svoris-ilgis-25-g-217-m","29":"first","30":"instock","31":"taxable","32":"shipping-taxable","33":"purchasable","34":"product-type-variable"},"acf":[],"_links":{"self":[{"href":"https:\/\/siulubangos.lt\/lv\/wp-json\/wp\/v2\/product\/38430","targetHints":{"allow":["GET"]}}],"collection":[{"href":"https:\/\/siulubangos.lt\/lv\/wp-json\/wp\/v2\/product"}],"about":[{"href":"https:\/\/siulubangos.lt\/lv\/wp-json\/wp\/v2\/types\/product"}],"version-history":[{"count":1,"href":"https:\/\/siulubangos.lt\/lv\/wp-json\/wp\/v2\/product\/38430\/revisions"}],"predecessor-version":[{"id":41671,"href":"https:\/\/siulubangos.lt\/lv\/wp-json\/wp\/v2\/product\/38430\/revisions\/41671"}],"wp:featuredmedia":[{"embeddable":true,"href":"https:\/\/siulubangos.lt\/lv\/wp-json\/wp\/v2\/media\/38433"}],"wp:attachment":[{"href":"https:\/\/siulubangos.lt\/lv\/wp-json\/wp\/v2\/media?parent=38430"}],"wp:term":[{"taxonomy":"product_brand","embeddable":true,"href":"https:\/\/siulubangos.lt\/lv\/wp-json\/wp\/v2\/product_brand?post=38430"},{"taxonomy":"product_cat","embeddable":true,"href":"https:\/\/siulubangos.lt\/lv\/wp-json\/wp\/v2\/product_cat?post=38430"},{"taxonomy":"product_tag","embeddable":true,"href":"https:\/\/siulubangos.lt\/lv\/wp-json\/wp\/v2\/product_tag?post=38430"}],"curies":[{"name":"wp","href":"https:\/\/api.w.org\/{rel}","templated":true}]}}