{"id":38594,"date":"2026-02-18T00:38:27","date_gmt":"2026-02-17T22:38:27","guid":{"rendered":"https:\/\/siulubangos.lt\/?post_type=product&#038;p=38594"},"modified":"2026-04-12T12:45:17","modified_gmt":"2026-04-12T09:45:17","slug":"chiaogoo-kvadratveida-stringeri","status":"publish","type":"product","link":"https:\/\/siulubangos.lt\/lv\/parduotuve\/chiaogoo-quads-kvadratiniai-virbalai\/","title":{"rendered":"ChiaoGoo QUADS Lace \u2013 kvadr\u0101tveida skr\u016bv\u0113jamas adatas 10 cm"},"content":{"rendered":"<h2 data-start=\"135\" data-end=\"432\"><strong data-start=\"135\" data-end=\"183\">ChiaoGoo QUADS Lace &#8211; kvadratiniai prisukami 10 cm virbalai<\/strong><\/h2>\n<p data-start=\"135\" data-end=\"432\">Inovatyvaus kvadratinio dizaino ChiaoGoo QUADS virbalai u\u017etikrina didesn\u012f stabilum\u0105 ir i\u0161skirtin\u012f komfort\u0105 rankoms. Pagaminti i\u0161 hipoalerginio ner\u016bdijan\u010dio plieno, \u0161ie virbalai pasi\u017eymi TWIST serijai b\u016bdingu \u0161velnumu ir idealiai lygia jungtimi, saugan\u010dia si\u016bl\u0105 nuo u\u017esikabinimo.<\/p>\n<p><strong>Pagrindin\u0117s savyb\u0117s:<\/strong><\/p>\n<ul>\n<li>Kvadratin\u0117 forma: Plok\u0161\u010dios pus\u0117s leid\u017eia tvir\u010diau suimti virbal\u0105, tod\u0117l rankos ma\u017eiau pavargsta, o valus priver\u017eti tampa dar lengviau.<\/li>\n<li>Tikslus tankis: Antgaliai sukurti taip, kad mezginio tankis sutapt\u0173 su mezgant apvaliais virbalais (nereikia rinktis didesnio dyd\u017eio).<\/li>\n<li>Suderinamumas: Tinka visiems [S] ir [L] dyd\u017eio ChiaoGoo valams bei jungtims. Naudojant special\u0173 adapter\u012f.<\/li>\n<\/ul>\n<h3><strong>Bendra informacija, taikoma visiems ChiaoGoo kei\u010diamiems virbalams<\/strong><\/h3>\n<p>TWIST ir SPIN serijos gaminiai turi vienodo dyd\u017eio sriegius, tod\u0117l yra tarpusavyje suderinami. Visi prisukami virbalai ir valai yra lazeriu pa\u017eym\u0117ti atitinkamu sriegio dyd\u017eiu:<\/p>\n<p>M = MINI &#8211; tinka virbal\u0173 dyd\u017eiams 1.50-2.50 mm (10 ir 13 cm) ir 1.50-3.25 mm (8 cm)<\/p>\n<p>S = Small (ma\u017eas) &#8211; tinka virbal\u0173 dyd\u017eiams 2.75-5.0 mm (10 ir 13 cm) ir 3.50-5.0 mm (8 cm)<\/p>\n<p>L = Large (didelis) &#8211; tinka virbal\u0173 dyd\u017eiams 5.50-10.0 mm (10 ir 13 cm)<\/p>\n<p>MINI serijos gaminiai nesuderinami su S ir L sriegio dyd\u017eiais, tod\u0117l visi MINI prisukami virbalai turi b\u016bti naudojami tik su MINI valais.<\/p>\n<p>Atkreipkite d\u0117mes\u012f, kad 10 cm ir 13 cm ilgio MINI prisukami virbalai yra per ilgi, kad b\u016bt\u0173 naudojami su 5 cm, 13 cm ar 15 cm ilgio MINI valais. Jie gali b\u016bti prat\u0119siami naudojant MINI val\u0173 jungt\u012f (connector).<\/p>\n<p>ChiaoGoo taip pat si\u016blo adapterius, leid\u017eian\u010dius sujungti MINI, S ir L sriegio dyd\u017eio gaminius tarpusavyje.<\/p>\n<p>I\u0161imtis:<br \/>\nChiaoGoo MINI SHORTIES prisukami virbalai (1.50-3.25 mm dyd\u017eio) yra suderinami tik su MINI sriegio gaminiais.<\/p>\n","protected":false},"excerpt":{"rendered":"<p>Vair\u0101k komforta j\u016bsu rok\u0101m ar ChiaoGoo QUADS! \u0160\u012bs inovat\u012bv\u0101s kvadr\u0101tveida uzskr\u016bv\u0113jam\u0101s auklas ir paredz\u0113tas tiem, kas nov\u0113rt\u0113 stabilit\u0101ti un ergonomiku. Izgatavoti no augst\u0101k\u0101s kvalit\u0101tes ner\u016bs\u0113jo\u0161\u0101 t\u0113rauda, tie ne tikai atvieglo satv\u0113rienu, bet ar\u012b nodro\u0161ina, ka ad\u012bt\u0101 auduma bl\u012bvums paliek t\u0101ds pats k\u0101 adot ar parastaj\u0101m apa\u013caj\u0101m aukl\u0101m.<\/p>","protected":false},"featured_media":38602,"comment_status":"open","ping_status":"closed","template":"","meta":{"_acf_changed":false},"product_brand":[560],"product_cat":[513,466,455,527,61],"product_tag":[1257],"class_list":{"0":"post-38594","1":"product","2":"type-product","3":"status-publish","4":"has-post-thumbnail","6":"product_brand-chiaogoo","7":"product_cat-10-cm-prisukami-virbalai","8":"product_cat-chiaogoo-virbalai-vaseliai","9":"product_cat-gamintojas-virbalai-vaseliai","10":"product_cat-metaliniai","11":"product_cat-virbalai-vaseliai","12":"product_tag-chiaogoo","13":"pa_dydis-3-25-mm","14":"pa_dydis-3-50-mm","15":"pa_dydis-3-75-mm","16":"pa_dydis-4-mm","17":"pa_dydis-4-50-mm","18":"pa_dydis-5-mm","20":"first","21":"instock","22":"featured","23":"taxable","24":"shipping-taxable","25":"purchasable","26":"product-type-variable"},"acf":[],"_links":{"self":[{"href":"https:\/\/siulubangos.lt\/lv\/wp-json\/wp\/v2\/product\/38594","targetHints":{"allow":["GET"]}}],"collection":[{"href":"https:\/\/siulubangos.lt\/lv\/wp-json\/wp\/v2\/product"}],"about":[{"href":"https:\/\/siulubangos.lt\/lv\/wp-json\/wp\/v2\/types\/product"}],"replies":[{"embeddable":true,"href":"https:\/\/siulubangos.lt\/lv\/wp-json\/wp\/v2\/comments?post=38594"}],"version-history":[{"count":0,"href":"https:\/\/siulubangos.lt\/lv\/wp-json\/wp\/v2\/product\/38594\/revisions"}],"wp:featuredmedia":[{"embeddable":true,"href":"https:\/\/siulubangos.lt\/lv\/wp-json\/wp\/v2\/media\/38602"}],"wp:attachment":[{"href":"https:\/\/siulubangos.lt\/lv\/wp-json\/wp\/v2\/media?parent=38594"}],"wp:term":[{"taxonomy":"product_brand","embeddable":true,"href":"https:\/\/siulubangos.lt\/lv\/wp-json\/wp\/v2\/product_brand?post=38594"},{"taxonomy":"product_cat","embeddable":true,"href":"https:\/\/siulubangos.lt\/lv\/wp-json\/wp\/v2\/product_cat?post=38594"},{"taxonomy":"product_tag","embeddable":true,"href":"https:\/\/siulubangos.lt\/lv\/wp-json\/wp\/v2\/product_tag?post=38594"}],"curies":[{"name":"wp","href":"https:\/\/api.w.org\/{rel}","templated":true}]}}