{"id":38605,"date":"2026-02-18T01:24:00","date_gmt":"2026-02-17T23:24:00","guid":{"rendered":"https:\/\/siulubangos.lt\/?post_type=product&#038;p=38605"},"modified":"2026-04-09T09:09:51","modified_gmt":"2026-04-09T06:09:51","slug":"chiaogoo-forte-mezginu-pieskruvejama-bungas-bungas","status":"publish","type":"product","link":"https:\/\/siulubangos.lt\/lv\/parduotuve\/chiaogoo-forte-lace-prisukami-virbalai\/","title":{"rendered":"ChiaoGoo FORTE Lace \u2013 oglek\u013ca \u0161\u0137iedras skr\u016bv\u0113jamas adatas 10 cm"},"content":{"rendered":"<h2 data-start=\"135\" data-end=\"432\"><strong data-start=\"135\" data-end=\"183\">ChiaoGoo FORTE Lace \u2013 oglek\u013ca \u0161\u0137iedras skr\u016bv\u0113jamas adatas 10 cm<\/strong><\/h2>\n<p>ChiaoGoo FORTE Lace apvieno grezn\u012bbu un tehnolo\u0123iju. \u0160\u012bs auklas ir izgatavotas no \u012bpa\u0161i iztur\u012bgas oglek\u013ca \u0161\u0137iedras ar ner\u016bs\u0113jo\u0161\u0101 t\u0113rauda uzga\u013ciem un pavedieniem. Tas nodro\u0161ina neticamu vieglumu, iztur\u012bbu un perfektu sl\u012bd\u0113\u0161anu.<\/p>\n<p><strong>Galven\u0101s funkcijas:<\/strong><\/p>\n<ul>\n<li>Materi\u0101lu harmonija: oglek\u013ca \u0161\u0137iedras korpuss nodro\u0161ina iztur\u012bbu, bet t\u0113rauda me\u017e\u0123\u012b\u0146u uzga\u013ci garant\u0113 prec\u012bzu un vienm\u0113r\u012bgu ad\u012b\u0161anu pat ar smalk\u0101kajiem diegiem.<\/li>\n<li>Perfekts stiprin\u0101jums: prec\u012bzi piel\u0101gots savienojums ar v\u0101rpstu nodro\u0161ina, ka acis sl\u012bd bez pretest\u012bbas.<\/li>\n<li>Daudzpus\u012bba: viegli izveidojiet v\u0113lamo v\u0101rpstas garumu ar v\u0101rpstu, kombin\u0113jot izv\u0113l\u0113to v\u0101rpstu ar jebkuru ChiaoGoo v\u0101rpstu.<\/li>\n<\/ul>\n<h3><strong>Visp\u0101r\u012bga inform\u0101cija par visiem ChiaoGoo main\u0101majiem kabe\u013ciem<\/strong><\/h3>\n<p>TWIST un SPIN ir vien\u0101da izm\u0113ra v\u012btnes, t\u0101p\u0113c tie ir savstarp\u0113ji sader\u012bgi. Uz vis\u0101m uzskr\u016bv\u0113jamaj\u0101m spol\u012bt\u0113m un rull\u012b\u0161iem ir l\u0101zermar\u0137\u0113jums ar atbilsto\u0161o diegu izm\u0113ru:<\/p>\n<p>M = MINI - piem\u0113rots 1,50-2,50 mm (10 un 13 cm) un 1,50-3,25 mm (8 cm) izm\u0113ra aukl\u0101m.<\/p>\n<p>S = mazs - piem\u0113rots 2,75-5,0 mm (10 un 13 cm) un 3,50-5,0 mm (8 cm) izm\u0113ra aukl\u0101m.<\/p>\n<p>L = liels - piem\u0113rots auklas izm\u0113riem 5,50-10,0 mm (10 un 13 cm)<\/p>\n<p>MINI s\u0113rija nav savietojama ar S un L v\u012bt\u0146u izm\u0113riem, t\u0101p\u0113c visas MINI ieskr\u016bv\u0113jam\u0101s v\u0101rpstas j\u0101izmanto tikai ar MINI v\u0101rpst\u0101m.<\/p>\n<p>L\u016bdzu, \u0146emiet v\u0113r\u0101, ka 10 cm un 13 cm MINI skr\u016bv\u0113jam\u0101 virve ir p\u0101r\u0101k gara, lai to izmantotu ar 5 cm, 13 cm vai 15 cm MINI velt\u0146iem. Tos var pagarin\u0101t, izmantojot MINI rull\u012b\u0161u savienot\u0101ju.<\/p>\n<p>ChiaoGoo pied\u0101v\u0101 ar\u012b adapterus MINI, S un L v\u012bt\u0146u izm\u0113ru savieno\u0161anai.<\/p>\n<p>Iz\u0146\u0113mums:<br \/>\nChiaoGoo MINI SHORTIES uzskr\u016bv\u0113jamie virvju k\u0101ti\u0146i (izm\u0113rs 1,50-3,25 mm) ir sader\u012bgi tikai ar MINI v\u012bt\u0146u izstr\u0101d\u0101jumiem.<\/p>","protected":false},"excerpt":{"rendered":"<p>ChiaoGoo FORTE Lace apvieno oglek\u013ca \u0161\u0137iedras vieglumu un ner\u016bs\u0113jo\u0161\u0101 t\u0113rauda precizit\u0101ti. Tie ir \u012bpa\u0161i iztur\u012bgi, iztur\u012bgi un perfekti gludi, paredz\u0113ti vispras\u012bg\u0101kaj\u0101m ad\u012bt\u0101j\u0101m. Izbaudiet gludu darbu bez kompromisiem.<\/p>","protected":false},"featured_media":38615,"comment_status":"open","ping_status":"closed","template":"","meta":{"_acf_changed":false},"product_brand":[560],"product_cat":[513,466,455,524,502,61],"product_tag":[1257],"class_list":{"0":"post-38605","1":"product","2":"type-product","3":"status-publish","4":"has-post-thumbnail","6":"product_brand-chiaogoo","7":"product_cat-10-cm-prisukami-virbalai","8":"product_cat-chiaogoo-virbalai-vaseliai","9":"product_cat-gamintojas-virbalai-vaseliai","10":"product_cat-karboniniai","11":"product_cat-prisukami-virbalai","12":"product_cat-virbalai-vaseliai","13":"product_tag-chiaogoo","14":"pa_dydis-2-75-mm","15":"pa_dydis-3-mm","16":"pa_dydis-3-25-mm","17":"pa_dydis-3-50-mm","18":"pa_dydis-3-75-mm","19":"pa_dydis-4-mm","20":"pa_dydis-4-50-mm","21":"pa_dydis-5-mm","23":"first","24":"instock","25":"featured","26":"taxable","27":"shipping-taxable","28":"purchasable","29":"product-type-variable"},"acf":[],"_links":{"self":[{"href":"https:\/\/siulubangos.lt\/lv\/wp-json\/wp\/v2\/product\/38605","targetHints":{"allow":["GET"]}}],"collection":[{"href":"https:\/\/siulubangos.lt\/lv\/wp-json\/wp\/v2\/product"}],"about":[{"href":"https:\/\/siulubangos.lt\/lv\/wp-json\/wp\/v2\/types\/product"}],"replies":[{"embeddable":true,"href":"https:\/\/siulubangos.lt\/lv\/wp-json\/wp\/v2\/comments?post=38605"}],"version-history":[{"count":0,"href":"https:\/\/siulubangos.lt\/lv\/wp-json\/wp\/v2\/product\/38605\/revisions"}],"wp:featuredmedia":[{"embeddable":true,"href":"https:\/\/siulubangos.lt\/lv\/wp-json\/wp\/v2\/media\/38615"}],"wp:attachment":[{"href":"https:\/\/siulubangos.lt\/lv\/wp-json\/wp\/v2\/media?parent=38605"}],"wp:term":[{"taxonomy":"product_brand","embeddable":true,"href":"https:\/\/siulubangos.lt\/lv\/wp-json\/wp\/v2\/product_brand?post=38605"},{"taxonomy":"product_cat","embeddable":true,"href":"https:\/\/siulubangos.lt\/lv\/wp-json\/wp\/v2\/product_cat?post=38605"},{"taxonomy":"product_tag","embeddable":true,"href":"https:\/\/siulubangos.lt\/lv\/wp-json\/wp\/v2\/product_tag?post=38605"}],"curies":[{"name":"wp","href":"https:\/\/api.w.org\/{rel}","templated":true}]}}