{"id":38630,"date":"2026-02-18T14:06:59","date_gmt":"2026-02-18T12:06:59","guid":{"rendered":"https:\/\/siulubangos.lt\/?post_type=product&#038;p=38630"},"modified":"2026-04-06T22:49:15","modified_gmt":"2026-04-06T19:49:15","slug":"addi-crasytrio-novel-square-vibes","status":"publish","type":"product","link":"https:\/\/siulubangos.lt\/lv\/parduotuve\/addi-crasytrio-novel-kvadratiniai-virbalai\/","title":{"rendered":"Addi CrasyTrio NOVEL LONG \u2013 elast\u012bgas kvadr\u0101tveida ad\u0101madatas ze\u0137\u0113m un piedurkn\u0113m"},"content":{"rendered":"<h3>Addi CrasyTrio NOVEL LONG \u2013 elast\u012bgas kvadr\u0101tveida ad\u0101madatas ze\u0137\u0113m un piedurkn\u0113m<\/h3>\n<p>Atkl\u0101jiet jaunu ad\u012b\u0161anas komfortu ar Addi CrasyTrio NOVEL LONG!<\/p>\n<p>Ja j\u016bs mekl\u0113jat veidu, k\u0101 viegl\u0101k un \u0101tr\u0101k ad\u012bt ap\u013cveida ad\u012bjumus, Addi CrasyTrio NOVEL LONG ir tas, kas jums nepiecie\u0161ams. \u0160\u012bs tamboradatas aizst\u0101j tradicion\u0101los 5 tamboradatu komplektu - tagad valdzi\u0146i tiek sadal\u012bti tikai uz div\u0101m tamboradat\u0101m, bet ad\u012bjumi tiek ad\u012bti uz tre\u0161\u0101s. Tas ne tikai pa\u0101trina procesu, bet ar\u012b samazina \u201eceli\u0146u\u201c iesp\u0113jam\u012bbu starp auklas savienojumiem.<\/p>\n<p><strong>Ar ko at\u0161\u0137iras s\u0113rija NOVEL LONG?<\/strong><\/p>\n<ul>\n<li>Ergonomiska kvadr\u0101tveida forma: virp\u0101m ir noapa\u013cotas kvadr\u0101tveida malas, kas mas\u0113 rokas un nov\u0113r\u0161 spriedzi. Tas ir ide\u0101li piem\u0113rots ad\u012bt\u0101j\u0101m ar loc\u012btavu probl\u0113m\u0101m.<\/li>\n<li>\u201eMe\u017e\u0123\u012b\u0146u tipa konusveida formas: garas un konusveida spol\u012btes atvieglo pat vispl\u0101n\u0101k\u0101s dzijas satver\u0161anu vai sare\u017e\u0123\u012btu a\u017e\u016bru rakstu ad\u012b\u0161anu.<\/li>\n<li>\u012apa\u0161a elast\u012bba: 12,5 cm gar\u0101s auklas ir savienotas ar \u012bsu, elast\u012bgu k\u0101tu (kop\u0113jais garums 30 cm), kas lieliski piel\u0101gojas ad\u012bt\u0101 izstr\u0101d\u0101juma formai.<\/li>\n<li>V\u0101cu kvalit\u0101te: ra\u017eots V\u0101cij\u0101, lai nodro\u0161in\u0101tu perfektu sl\u012bd\u0113\u0161anu un savienojumu iztur\u012bbu.<\/li>\n<li>M\u0113r\u0137is: Ide\u0101li piem\u0113rots ze\u0137u, apro\u010du, cimdu, cepuru un b\u0113rnu ap\u0123\u0113rbu ad\u012b\u0161anai.<\/li>\n<\/ul>","protected":false},"excerpt":{"rendered":"<p>Revolucion\u0101rs veids, k\u0101 ad\u012bt apa\u013caj\u0101 form\u0101 bez gr\u016bt\u012bb\u0101m! Addi CrasyTrio NOVEL LONG ir \u012bpa\u0161i elast\u012bga, tr\u012bsda\u013c\u012bga aukla, kas \u012bpa\u0161i izstr\u0101d\u0101ta neliela diametra projektiem: ze\u0137\u0113m, cimdiem vai b\u0113rnu ap\u0123\u0113rbiem. Unik\u0101lais kvadr\u0101tveida dizains ar mas\u0113jo\u0161u virsmu nodro\u0161ina maksim\u0101lu komfortu un gludus valdzi\u0146us pat tad, ja ad\u0101t ilgi.<\/p>","protected":false},"featured_media":38642,"comment_status":"open","ping_status":"closed","template":"","meta":{"_acf_changed":false},"product_brand":[754],"product_cat":[61,455,527,500,505,499,507],"product_tag":[1222],"class_list":{"0":"post-38630","1":"product","2":"type-product","3":"status-publish","4":"has-post-thumbnail","6":"product_brand-addi","7":"product_cat-virbalai-vaseliai","8":"product_cat-gamintojas-virbalai-vaseliai","9":"product_cat-metaliniai","10":"product_cat-pluostas","11":"product_cat-rinkiniai","12":"product_cat-rusis","13":"product_cat-virbalu-rinkiniai","14":"product_tag-addi","15":"pa_dydis-2-mm","16":"pa_dydis-2-25-mm","17":"pa_dydis-2-50-mm","18":"pa_dydis-2-75-mm","19":"pa_dydis-3-mm","20":"pa_dydis-3-25-mm","21":"pa_dydis-3-50-mm","22":"pa_dydis-3-75-mm","23":"pa_dydis-4-mm","25":"first","26":"instock","27":"taxable","28":"shipping-taxable","29":"purchasable","30":"product-type-variable"},"acf":[],"_links":{"self":[{"href":"https:\/\/siulubangos.lt\/lv\/wp-json\/wp\/v2\/product\/38630","targetHints":{"allow":["GET"]}}],"collection":[{"href":"https:\/\/siulubangos.lt\/lv\/wp-json\/wp\/v2\/product"}],"about":[{"href":"https:\/\/siulubangos.lt\/lv\/wp-json\/wp\/v2\/types\/product"}],"replies":[{"embeddable":true,"href":"https:\/\/siulubangos.lt\/lv\/wp-json\/wp\/v2\/comments?post=38630"}],"version-history":[{"count":0,"href":"https:\/\/siulubangos.lt\/lv\/wp-json\/wp\/v2\/product\/38630\/revisions"}],"wp:featuredmedia":[{"embeddable":true,"href":"https:\/\/siulubangos.lt\/lv\/wp-json\/wp\/v2\/media\/38642"}],"wp:attachment":[{"href":"https:\/\/siulubangos.lt\/lv\/wp-json\/wp\/v2\/media?parent=38630"}],"wp:term":[{"taxonomy":"product_brand","embeddable":true,"href":"https:\/\/siulubangos.lt\/lv\/wp-json\/wp\/v2\/product_brand?post=38630"},{"taxonomy":"product_cat","embeddable":true,"href":"https:\/\/siulubangos.lt\/lv\/wp-json\/wp\/v2\/product_cat?post=38630"},{"taxonomy":"product_tag","embeddable":true,"href":"https:\/\/siulubangos.lt\/lv\/wp-json\/wp\/v2\/product_tag?post=38630"}],"curies":[{"name":"wp","href":"https:\/\/api.w.org\/{rel}","templated":true}]}}