{"id":38690,"date":"2026-02-18T23:28:17","date_gmt":"2026-02-18T21:28:17","guid":{"rendered":"https:\/\/siulubangos.lt\/?post_type=product&#038;p=38690"},"modified":"2026-02-18T23:28:57","modified_gmt":"2026-02-18T21:28:57","slug":"prym-adisanas-tirisanas-birste-2","status":"publish","type":"product","link":"https:\/\/siulubangos.lt\/lv\/parduotuve\/prym-mezginiu-valymo-sepetelis-2\/","title":{"rendered":"PRYM Ad\u012b\u0161anas t\u012br\u012b\u0161anas birste (bez iepakojuma)"},"content":{"rendered":"","protected":false},"excerpt":{"rendered":"<p>Prym trikot\u0101\u017eas t\u012br\u012b\u0161anas birste - padara j\u016bsu ap\u0123\u0113rbu atkal k\u0101 jaunu. \u0160ai birstei ir iztur\u012bgs plastmasas rokturis un t\u0101 ir izgatavota no vulkaniz\u0113ta met\u0101la. Izmantojot birsti un maigi p\u0101rvelkot to p\u0101ri vilnas audumam, tiek no\u0146emti plankumi, un tas atkal izskat\u0101s k\u0101 jauns. Cena nor\u0101d\u012bta par vienu vien\u012bbu.<\/p>","protected":false},"featured_media":38691,"comment_status":"open","ping_status":"closed","template":"","meta":{"_acf_changed":false},"product_brand":[761],"product_cat":[310,538,528,533],"product_tag":[1232],"class_list":{"0":"post-38690","1":"product","2":"type-product","3":"status-publish","4":"has-post-thumbnail","6":"product_brand-prym","7":"product_cat-mezgimo-priemones","8":"product_cat-mezginiu-prieziura","9":"product_cat-priemones-tipas","10":"product_cat-prym-gamintojas-kitos-priemones","11":"product_tag-prym","12":"pa_dydis-2-mm","13":"pa_dydis-2-25-mm","14":"pa_dydis-2-50-mm","15":"pa_dydis-2-75-mm","16":"pa_dydis-3-mm","17":"pa_dydis-3-25-mm","18":"pa_dydis-3-50-mm","19":"pa_dydis-3-75-mm","20":"pa_dydis-4-mm","21":"pa_dydis-4-50-mm","22":"pa_dydis-5-mm","23":"pa_dydis-5-50-mm","24":"pa_dydis-6-mm","26":"first","27":"instock","28":"taxable","29":"shipping-taxable","30":"purchasable","31":"product-type-simple"},"acf":[],"_links":{"self":[{"href":"https:\/\/siulubangos.lt\/lv\/wp-json\/wp\/v2\/product\/38690","targetHints":{"allow":["GET"]}}],"collection":[{"href":"https:\/\/siulubangos.lt\/lv\/wp-json\/wp\/v2\/product"}],"about":[{"href":"https:\/\/siulubangos.lt\/lv\/wp-json\/wp\/v2\/types\/product"}],"replies":[{"embeddable":true,"href":"https:\/\/siulubangos.lt\/lv\/wp-json\/wp\/v2\/comments?post=38690"}],"version-history":[{"count":0,"href":"https:\/\/siulubangos.lt\/lv\/wp-json\/wp\/v2\/product\/38690\/revisions"}],"wp:featuredmedia":[{"embeddable":true,"href":"https:\/\/siulubangos.lt\/lv\/wp-json\/wp\/v2\/media\/38691"}],"wp:attachment":[{"href":"https:\/\/siulubangos.lt\/lv\/wp-json\/wp\/v2\/media?parent=38690"}],"wp:term":[{"taxonomy":"product_brand","embeddable":true,"href":"https:\/\/siulubangos.lt\/lv\/wp-json\/wp\/v2\/product_brand?post=38690"},{"taxonomy":"product_cat","embeddable":true,"href":"https:\/\/siulubangos.lt\/lv\/wp-json\/wp\/v2\/product_cat?post=38690"},{"taxonomy":"product_tag","embeddable":true,"href":"https:\/\/siulubangos.lt\/lv\/wp-json\/wp\/v2\/product_tag?post=38690"}],"curies":[{"name":"wp","href":"https:\/\/api.w.org\/{rel}","templated":true}]}}