{"id":38859,"date":"2026-02-19T20:54:12","date_gmt":"2026-02-19T18:54:12","guid":{"rendered":"https:\/\/siulubangos.lt\/?post_type=product&#038;p=38859"},"modified":"2026-02-19T20:56:14","modified_gmt":"2026-02-19T18:56:14","slug":"madeira-elastic-skaidrus-siulas-mezgimui","status":"publish","type":"product","link":"https:\/\/siulubangos.lt\/lv\/parduotuve\/madeira-elastic-skaidrus-siulas-mezgimui\/","title":{"rendered":"Madeira elastinis si\u016blas (200 m)"},"content":{"rendered":"","protected":false},"excerpt":{"rendered":"<p>Madeira elastinis si\u016blas &#8211; tai skaidrus, tamprus mezgimo si\u016blas, suteikiantis j\u016bs\u0173 megztiems ar nertiems gaminiams reikiam\u0105 tamprum\u0105 ir formos stabilum\u0105, visi\u0161kai nekei\u010diant j\u0173 i\u0161vaizdos ar tekst\u016bros. \u0160is elastinis si\u016blas idealiai tinka aksesuarams, kuriems reikia i\u0161laikyti pradin\u0119 form\u0105: rie\u0161in\u0117ms, galvajuost\u0117ms ar kepuri\u0173 kra\u0161teliams.<br \/>\nPagamintas i\u0161 100 % elastano, \u0161is si\u016blas yra itin prakti\u0161kas &#8211; j\u012f galima skalbti iki 60 laipsni\u0173 temperat\u016broje ir d\u017eiovinti d\u017eiovykl\u0117je \u017eemoje temperat\u016broje. Kiekvienoje rit\u0117je yra 200 metr\u0173 skaidraus si\u016blo, kuris lengvai \u012fmezgamas kartu su pagrindiniu si\u016blu.<\/p>","protected":false},"featured_media":38861,"comment_status":"open","ping_status":"closed","template":"","meta":{"_acf_changed":false},"product_brand":[],"product_cat":[310,529,528,1260],"product_tag":[2032],"class_list":{"0":"post-38859","1":"product","2":"type-product","3":"status-publish","4":"has-post-thumbnail","6":"product_cat-mezgimo-priemones","7":"product_cat-gamintojas-kitos-priemones","8":"product_cat-priemones-tipas","9":"product_cat-siuvimo-siulai","10":"product_tag-madeira","12":"first","13":"instock","14":"taxable","15":"shipping-taxable","16":"purchasable","17":"product-type-simple"},"acf":[],"_links":{"self":[{"href":"https:\/\/siulubangos.lt\/lv\/wp-json\/wp\/v2\/product\/38859","targetHints":{"allow":["GET"]}}],"collection":[{"href":"https:\/\/siulubangos.lt\/lv\/wp-json\/wp\/v2\/product"}],"about":[{"href":"https:\/\/siulubangos.lt\/lv\/wp-json\/wp\/v2\/types\/product"}],"replies":[{"embeddable":true,"href":"https:\/\/siulubangos.lt\/lv\/wp-json\/wp\/v2\/comments?post=38859"}],"version-history":[{"count":0,"href":"https:\/\/siulubangos.lt\/lv\/wp-json\/wp\/v2\/product\/38859\/revisions"}],"wp:featuredmedia":[{"embeddable":true,"href":"https:\/\/siulubangos.lt\/lv\/wp-json\/wp\/v2\/media\/38861"}],"wp:attachment":[{"href":"https:\/\/siulubangos.lt\/lv\/wp-json\/wp\/v2\/media?parent=38859"}],"wp:term":[{"taxonomy":"product_brand","embeddable":true,"href":"https:\/\/siulubangos.lt\/lv\/wp-json\/wp\/v2\/product_brand?post=38859"},{"taxonomy":"product_cat","embeddable":true,"href":"https:\/\/siulubangos.lt\/lv\/wp-json\/wp\/v2\/product_cat?post=38859"},{"taxonomy":"product_tag","embeddable":true,"href":"https:\/\/siulubangos.lt\/lv\/wp-json\/wp\/v2\/product_tag?post=38859"}],"curies":[{"name":"wp","href":"https:\/\/api.w.org\/{rel}","templated":true}]}}