{"id":38885,"date":"2026-02-19T22:33:59","date_gmt":"2026-02-19T20:33:59","guid":{"rendered":"https:\/\/siulubangos.lt\/?post_type=product&#038;p=38885"},"modified":"2026-03-09T22:20:36","modified_gmt":"2026-03-09T20:20:36","slug":"knitpro-mindful-kindness-auklu-komplekts","status":"publish","type":"product","link":"https:\/\/siulubangos.lt\/lv\/parduotuve\/knitpro-mindful-kindness-virbalu-rinkinys\/","title":{"rendered":"Ad\u012b\u0161anas komplekts KnitPro Mindful KINDNESS ar uzskr\u016bv\u0113jamu auklu komplektu (10 cm, 3-6 mm)"},"content":{"rendered":"<h3>KnitPro Mindful KINDNESS kompakts savijamo auklu komplekts j\u016bsu miera mirk\u013ciem<\/h3>\n<p>KnitPro Mindful KINDNESS ir smalks un izsmalcin\u0101ts virvju komplekts no ekskluz\u012bv\u0101s kolekcijas Mindful. \u0160\u012bs s\u0113rijas pamat\u0101 ir ad\u012b\u0161ana k\u0101 apzin\u0101t\u012bbas prakse. Virvju ritmiskajai kust\u012bbai ir nomierino\u0161s efekts, kas pal\u012bdz mazin\u0101t ikdienas spriedzi un \u013cauj koncentr\u0113ties uz rado\u0161o procesu, t\u0101d\u0113j\u0101di saglab\u0101jot emocion\u0101lo vesel\u012bbu.<\/p>\n<p><strong>Precizit\u0101te un kvalit\u0101te<\/strong><br \/>\nUzga\u013ci ir izgatavoti no augstas kvalit\u0101tes ner\u016bs\u0113jo\u0161\u0101 t\u0113rauda ar \u013coti gludu virsmu un vienm\u0113r\u012bgu konusu. Tas garant\u0113 vienm\u0113r\u012bgu sl\u012bd\u0113\u0161anu uz jebkura veida dzijas un pat\u012bkamu ad\u012b\u0161anas pieredzi. Uz katras auklas ar l\u0101zeru ir iegrav\u0113ti ne tikai izm\u0113ri, bet ar\u012b iedvesmojo\u0161i v\u0101rdi, kas atg\u0101dina par mirk\u013ca v\u0113rt\u012bbu.<\/p>\n<p>Komplekt\u0101 izmantotas inovat\u012bvas 360\u00b0 Swivel sist\u0113mas l\u012bnijas. T\u0113rauda serde nodro\u0161ina \u0161arn\u012bra iztur\u012bbu, un neilona p\u0101rkl\u0101jums \u013cauj ac\u012bm sl\u012bd\u0113t bez pretest\u012bbas. Pateicoties \u012bpa\u0161ajam groz\u0101majam meh\u0101nismam, aukla nekad neveidojas cilpas un nesv\u012bst, t\u0101p\u0113c varat aizmirst par jebk\u0101d\u0101m tehnisk\u0101m ne\u0113rt\u012bb\u0101m.<\/p>\n<p><strong>Komplekta KINDNESS sast\u0101vs:<\/strong><br \/>\n\u0160aj\u0101 komplekt\u0101 ietilpst popul\u0101r\u0101kie auklu izm\u0113ri, kas ir ide\u0101li piem\u0113roti liel\u0101kajai da\u013cai projektu:<\/p>\n<ul>\n<li>7 p\u0101ri 10 cm garu auklu: 3,0, 3,50, 4,0, 4,50, 5,0, 5,50 un 6,0 mm.<\/li>\n<li>2 elast\u012bgas auklas ar 360 gr\u0101du rot\u0101ciju: paredz\u0113tas 40 cm un 56 cm kop\u0113jam garumam (m\u0113rot ar virv\u0113m).<\/li>\n<li>Nepiecie\u0161amie piederumi: 4 pieturas, 2 stiprin\u0101juma atsl\u0113gas, 1 rull\u012b\u0161u savienot\u0101ju p\u0101ris, spol\u012btes m\u0113r\u012bt\u0101js un 2 adatas diegu sl\u0113p\u0161anai.<\/li>\n<li>Mar\u0137\u0113\u0161anas z\u012bmju kl\u0101st\u0101 ir 10 aizveramas, 10 atv\u0113rtas un 30 sl\u0113gtas apa\u013cas mar\u0137\u0113\u0161anas z\u012bmes.<\/li>\n<\/ul>\n<p><strong>Est\u0113tika un k\u0101rt\u012bba<\/strong><br \/>\nVijoles ir pasniegtas elegant\u0101 taisnst\u016bra formas tekstila futr\u0101l\u012b, ko rot\u0101 Mindful Collection rakstur\u012bgie ziedu mot\u012bvi. Visi nodal\u012bjumi ir skaidri mar\u0137\u0113ti ar izm\u0113riem, lai j\u016bsu instrumenti vienm\u0113r b\u016btu sav\u0101 viet\u0101. Atsevi\u0161\u0137a maza r\u0101v\u0113jsl\u0113dz\u0113ja kabati\u0146a piederumiem un t\u0113jas kr\u0101sas akcenti pie\u0161\u0137ir visam komplektam unik\u0101lu \u0161armu.<\/p>","protected":false},"excerpt":{"rendered":"<p>KnitPro Mindful KINDNESS ir kompakts 7 popul\u0101r\u0101ko izm\u0113ru (3-6 mm) virvju komplekts. Ner\u016bs\u0113jo\u0161\u0101 t\u0113rauda auklas ar iedvesmojo\u0161iem v\u0101rdiem, 360\u00b0 rot\u0101cijas le\u0146\u0137\u012b groz\u0101mie valdzi\u0146i un stil\u012bgais futr\u0101lis padara ad\u012b\u0161anu par relaks\u0113jo\u0161u nodarbi. Ide\u0101li piem\u0113rots tiem, kas mekl\u0113 kvalit\u0101ti, est\u0113tisku dizainu un \u0113rt\u012bbas vien\u0101 komplekt\u0101.<\/p>","protected":false},"featured_media":38887,"comment_status":"open","ping_status":"closed","template":"","meta":{"_acf_changed":false},"product_brand":[557],"product_cat":[61,455,468,527,505,499,507],"product_tag":[306],"class_list":{"0":"post-38885","1":"product","2":"type-product","3":"status-publish","4":"has-post-thumbnail","6":"product_brand-knitpro","7":"product_cat-virbalai-vaseliai","8":"product_cat-gamintojas-virbalai-vaseliai","9":"product_cat-knitpro-virbalai-vaseliai","10":"product_cat-metaliniai","11":"product_cat-rinkiniai","12":"product_cat-rusis","13":"product_cat-virbalu-rinkiniai","14":"product_tag-knitpro","15":"pa_dydis-4-mm","16":"pa_dydis-4-50-mm","17":"pa_dydis-5-mm","18":"pa_dydis-5-50-mm","19":"pa_dydis-6-mm","20":"pa_dydis-7-mm","21":"pa_dydis-8-mm","23":"first","24":"instock","25":"taxable","26":"shipping-taxable","27":"purchasable","28":"product-type-simple"},"acf":[],"_links":{"self":[{"href":"https:\/\/siulubangos.lt\/lv\/wp-json\/wp\/v2\/product\/38885","targetHints":{"allow":["GET"]}}],"collection":[{"href":"https:\/\/siulubangos.lt\/lv\/wp-json\/wp\/v2\/product"}],"about":[{"href":"https:\/\/siulubangos.lt\/lv\/wp-json\/wp\/v2\/types\/product"}],"replies":[{"embeddable":true,"href":"https:\/\/siulubangos.lt\/lv\/wp-json\/wp\/v2\/comments?post=38885"}],"version-history":[{"count":0,"href":"https:\/\/siulubangos.lt\/lv\/wp-json\/wp\/v2\/product\/38885\/revisions"}],"wp:featuredmedia":[{"embeddable":true,"href":"https:\/\/siulubangos.lt\/lv\/wp-json\/wp\/v2\/media\/38887"}],"wp:attachment":[{"href":"https:\/\/siulubangos.lt\/lv\/wp-json\/wp\/v2\/media?parent=38885"}],"wp:term":[{"taxonomy":"product_brand","embeddable":true,"href":"https:\/\/siulubangos.lt\/lv\/wp-json\/wp\/v2\/product_brand?post=38885"},{"taxonomy":"product_cat","embeddable":true,"href":"https:\/\/siulubangos.lt\/lv\/wp-json\/wp\/v2\/product_cat?post=38885"},{"taxonomy":"product_tag","embeddable":true,"href":"https:\/\/siulubangos.lt\/lv\/wp-json\/wp\/v2\/product_tag?post=38885"}],"curies":[{"name":"wp","href":"https:\/\/api.w.org\/{rel}","templated":true}]}}