{"id":38892,"date":"2026-02-19T22:45:36","date_gmt":"2026-02-19T20:45:36","guid":{"rendered":"https:\/\/siulubangos.lt\/?post_type=product&#038;p=38892"},"modified":"2026-03-09T22:19:04","modified_gmt":"2026-03-09T20:19:04","slug":"knitpro-mindful-grace-auklu-komplekts","status":"publish","type":"product","link":"https:\/\/siulubangos.lt\/lv\/parduotuve\/knitpro-mindful-grace-virbalu-rinkinys\/","title":{"rendered":"KnitPro Mindful GRACE uzskr\u016bv\u0113jamo auklu komplekts (10 cm, 3-5 mm)"},"content":{"rendered":"<h3>KnitPro Mindful GRACE - elegants pieskr\u016bv\u0113jamo kabe\u013cu komplekts smalkiem projektiem<\/h3>\n<p>KnitPro Mindful GRACE ir gudrs un stil\u012bgs vijumu komplekts tiem, kas nov\u0113rt\u0113 smalk\u0101ku un vid\u0113ja svara ad\u012bjumus. T\u0101pat k\u0101 visa Mindful kolekcija, ar\u012b \u0161is komplekts ir veidots, lai izceltu ad\u012b\u0161anas k\u0101 nomierino\u0161as medit\u0101cijas priek\u0161roc\u012bbas. Ad\u0101madatu ritmisk\u0101 kust\u012bba pal\u012bdz mazin\u0101t stresu, uzlabo pa\u0161saj\u016btu un \u013cauj iegremd\u0113ties rado\u0161\u0101 mier\u0101.<\/p>\n<p><strong>Nevainojama kvalit\u0101te un inov\u0101cijas<\/strong><br \/>\n\u0160\u012bs virpas ir izgatavotas no augst\u0101k\u0101s kvalit\u0101tes ner\u016bs\u0113jo\u0161\u0101 t\u0113rauda, t\u0101m ir \u013coti gluda virsma un prec\u012bzi konusveida uzga\u013ci. Tas nodro\u0161ina perfektu v\u012btnes sl\u012bd\u0113\u0161anu un pat\u012bkamu darba procesu. Uz katra auklu p\u0101ra ar l\u0101zergrav\u0113jumu ir iegrav\u0113ti ne tikai izm\u0113ri, bet ar\u012b iedvesmojo\u0161i v\u0101rdi, kas pal\u012bdz saglab\u0101t pozit\u012bvu noska\u0146ojumu, adot katru valdzi\u0146u.<\/p>\n<p>Komplekta galven\u0101 iez\u012bme ir 360\u00b0 groz\u0101m\u0101 sist\u0113ma. T\u0113rauda, neilona p\u0101rkl\u0101juma auklas br\u012bvi grie\u017eas loc\u012btav\u0101, t\u0101p\u0113c t\u0101s nekad nesavijas un nesavijas, nodro\u0161inot piln\u012bgu kust\u012bbu br\u012bv\u012bbu. Rull\u012b\u0161a gal\u0101 eso\u0161ais caurums tiek izmantots ne tikai savilk\u0161anai, bet ar\u012b \u201egl\u0101b\u0161anas auklas\u201c ievilk\u0161anai, lai j\u016bsu ad\u012bjums neb\u016btu k\u013c\u016bdains.<\/p>\n<p><strong>GRACE komplekta sast\u0101vs:<\/strong><br \/>\n\u0160aj\u0101 komplekt\u0101 ir iek\u013cauti popul\u0101r\u0101kie viegl\u0101ku ap\u0123\u0113rbu un piederumu izm\u0113ri:<\/p>\n<ul>\n<li>7 p\u0101ri 10 cm garu auklu: 3,0, 3,25, 3,50, 3,75, 4,0, 4,50 un 5,0 mm.<\/li>\n<li>4 elast\u012bgas l\u012bnijas ar 360 gr\u0101du rot\u0101ciju: divas l\u012bnijas pa 40 cm un 56 cm, lai sasniegtu kop\u0113jo garumu.<\/li>\n<li>Praktiski piederumi: 4 ierobe\u017eot\u0101ji, 2 pievilk\u0161anas atsl\u0113gas, auklas savienot\u0101ju komplekts, virves m\u0113r\u012bt\u0101js un 2 adatas galu pasl\u0113p\u0161anai.<\/li>\n<li>Pla\u0161s mar\u0137ieru kl\u0101sts: 10 aizverami, 10 atv\u0113rti un 30 sl\u0113gti apa\u013ci mar\u0137ieri.<\/li>\n<\/ul>\n<p><strong>Stil\u012bga uzglab\u0101\u0161ana un est\u0113tika<\/strong><br \/>\nVijoles ir ievietotas kompakt\u0101 taisnst\u016bra formas tekstila futr\u0101l\u012b ar skaidri iez\u012bm\u0113tiem nodal\u012bjumiem katram izm\u0113ram. Ir atsevi\u0161\u0137a maza, r\u0101v\u0113jsl\u0113dz\u0113ja aizdares aizdare piederumiem. Zilganza\u013c\u0101s kr\u0101sas rakstur\u012bgie akcenti un smalki ziedu mot\u012bvi rada grezn\u012bbas un integrit\u0101tes saj\u016btu, kas rakstur\u012bga visai Mindful s\u0113rijas kolekcijai.<\/p>","protected":false},"excerpt":{"rendered":"<p>KnitPro Mindful GRACE ir elegants 7 p\u0101ru (3-5 mm) pieskr\u016bv\u0113jamo auklu komplekts, kas ir ide\u0101li piem\u0113rots prec\u012bzas ad\u012b\u0161anas projektiem. Ner\u016bs\u0113jo\u0161\u0101 t\u0113rauda auklas ar iedvesmojo\u0161iem v\u0101rdiem, 360\u00b0 pagrieziena le\u0146\u0137\u012b nev\u0113r\u0161amie rull\u012b\u0161i un stil\u012bgais korpuss nodro\u0161ina vienm\u0113r\u012bgu, stresu mazino\u0161u ad\u012b\u0161anas procesu. T\u0101 ir lieliska izv\u0113le tiem, kas mekl\u0113 kvalit\u0101ti un est\u0113tisku apmierin\u0101jumu vien\u0101 komplekt\u0101.<\/p>","protected":false},"featured_media":38888,"comment_status":"open","ping_status":"closed","template":"","meta":{"_acf_changed":false},"product_brand":[557],"product_cat":[61,455,468,527,505,499,507],"product_tag":[306],"class_list":{"0":"post-38892","1":"product","2":"type-product","3":"status-publish","4":"has-post-thumbnail","6":"product_brand-knitpro","7":"product_cat-virbalai-vaseliai","8":"product_cat-gamintojas-virbalai-vaseliai","9":"product_cat-knitpro-virbalai-vaseliai","10":"product_cat-metaliniai","11":"product_cat-rinkiniai","12":"product_cat-rusis","13":"product_cat-virbalu-rinkiniai","14":"product_tag-knitpro","15":"pa_dydis-4-mm","16":"pa_dydis-4-50-mm","17":"pa_dydis-5-mm","18":"pa_dydis-5-50-mm","19":"pa_dydis-6-mm","20":"pa_dydis-7-mm","21":"pa_dydis-8-mm","23":"first","24":"instock","25":"taxable","26":"shipping-taxable","27":"purchasable","28":"product-type-simple"},"acf":[],"_links":{"self":[{"href":"https:\/\/siulubangos.lt\/lv\/wp-json\/wp\/v2\/product\/38892","targetHints":{"allow":["GET"]}}],"collection":[{"href":"https:\/\/siulubangos.lt\/lv\/wp-json\/wp\/v2\/product"}],"about":[{"href":"https:\/\/siulubangos.lt\/lv\/wp-json\/wp\/v2\/types\/product"}],"replies":[{"embeddable":true,"href":"https:\/\/siulubangos.lt\/lv\/wp-json\/wp\/v2\/comments?post=38892"}],"version-history":[{"count":0,"href":"https:\/\/siulubangos.lt\/lv\/wp-json\/wp\/v2\/product\/38892\/revisions"}],"wp:featuredmedia":[{"embeddable":true,"href":"https:\/\/siulubangos.lt\/lv\/wp-json\/wp\/v2\/media\/38888"}],"wp:attachment":[{"href":"https:\/\/siulubangos.lt\/lv\/wp-json\/wp\/v2\/media?parent=38892"}],"wp:term":[{"taxonomy":"product_brand","embeddable":true,"href":"https:\/\/siulubangos.lt\/lv\/wp-json\/wp\/v2\/product_brand?post=38892"},{"taxonomy":"product_cat","embeddable":true,"href":"https:\/\/siulubangos.lt\/lv\/wp-json\/wp\/v2\/product_cat?post=38892"},{"taxonomy":"product_tag","embeddable":true,"href":"https:\/\/siulubangos.lt\/lv\/wp-json\/wp\/v2\/product_tag?post=38892"}],"curies":[{"name":"wp","href":"https:\/\/api.w.org\/{rel}","templated":true}]}}