{"id":38934,"date":"2026-02-19T23:48:59","date_gmt":"2026-02-19T21:48:59","guid":{"rendered":"https:\/\/siulubangos.lt\/?post_type=product&#038;p=38934"},"modified":"2026-03-08T22:47:31","modified_gmt":"2026-03-08T20:47:31","slug":"milward-metalines-sagos-geles-22mm-5vnt","status":"publish","type":"product","link":"https:\/\/siulubangos.lt\/lv\/parduotuve\/milward-metalines-sagos-geles-22mm-5vnt\/","title":{"rendered":"Milward dekoratyvin\u0117s metalin\u0117s sagos &#8211; g\u0117l\u0117s forma (22 mm, 5 vnt)"},"content":{"rendered":"<h3>Milward dekoratyvin\u0117s metalin\u0117s sagos &#8211; g\u0117l\u0117s forma (22 mm, 5 vnt)<\/h3>\n<p data-path-to-node=\"3\">\u0160ios \u017eavingos prek\u0117s \u017eenklo <b data-path-to-node=\"3\" data-index-in-node=\"28\">\u201eMilward\u201c<\/b> sagos yra itin universalus pasirinkimas j\u016bs\u0173 k\u016brybiniams projektams. Jos puikiai tinka ne tik rank\u0173 darbo drabu\u017eiams puo\u0161ti, bet ir nam\u0173 dekoro detal\u0117ms bei aksesuarams atnaujinti.<\/p>\n<h3 data-path-to-node=\"4\"><b data-path-to-node=\"4\" data-index-in-node=\"0\">Savyb\u0117s ir privalumai:<\/b><\/h3>\n<ul data-path-to-node=\"5\">\n<li>\n<p data-path-to-node=\"5,0,0\"><b data-path-to-node=\"5,0,0\" data-index-in-node=\"0\">I\u0161skirtinis dizainas:<\/b> Sagos yra romanti\u0161kos g\u0117l\u0117s formos, suteikian\u010dios gaminiui subtilumo ir unikalumo.<\/p>\n<\/li>\n<li>\n<p data-path-to-node=\"5,1,0\"><b data-path-to-node=\"5,1,0\" data-index-in-node=\"0\">Kokybi\u0161kos med\u017eiagos:<\/b> Pagamintos i\u0161 tvirto metalo, tod\u0117l yra ilgaam\u017e\u0117s ir atrodo prabangiai.<\/p>\n<\/li>\n<li>\n<p data-path-to-node=\"5,2,0\"><b data-path-to-node=\"5,2,0\" data-index-in-node=\"0\">Prakti\u0161kumas:<\/b> Sagos yra 22 mm plo\u010dio, jas lengva prisi\u016bti rankomis. Jas galima saugiai skalbti iki 30\u00b0C temperat\u016broje.<\/p>\n<\/li>\n<li>\n<p data-path-to-node=\"5,3,0\"><b data-path-to-node=\"5,3,0\" data-index-in-node=\"0\">Stilingas pateikimas:<\/b> Sagos supakuotos \u012f esteti\u0161k\u0105 kartonin\u012f vokel\u012f, tod\u0117l puikiai tinka ir dovanai.<\/p>\n<\/li>\n<\/ul>\n<p data-path-to-node=\"6\"><b data-path-to-node=\"6\" data-index-in-node=\"0\">Pakuot\u0117je:<\/b> 5 vnt.<\/p>","protected":false},"excerpt":{"rendered":"<p>Stilingos, g\u0117l\u0117s formos metalin\u0117s sagos, suteikian\u010dios i\u0161skirtinumo drabu\u017eiams ir aksesuarams.<\/p>\n<ul>\n<li>Dydis: 22 mm.<\/li>\n<li>Prie\u017ei\u016bra: Skalbiamos iki 30\u00b0C.<\/li>\n<li>Kiekis: 5 vnt. pakuot\u0117je.<\/li>\n<li>Paskirtis: Mezginiai, si\u016bti drabu\u017eiai, nam\u0173 dekoras.<\/li>\n<\/ul>","protected":false},"featured_media":38936,"comment_status":"open","ping_status":"closed","template":"","meta":{"_acf_changed":false},"product_brand":[766],"product_cat":[310,529,2064,528,539],"product_tag":[1242],"class_list":{"0":"post-38934","1":"product","2":"type-product","3":"status-publish","4":"has-post-thumbnail","6":"product_brand-milward","7":"product_cat-mezgimo-priemones","8":"product_cat-gamintojas-kitos-priemones","9":"product_cat-milward","10":"product_cat-priemones-tipas","11":"product_cat-sagos","12":"product_tag-milward","14":"first","15":"instock","16":"taxable","17":"shipping-taxable","18":"purchasable","19":"product-type-simple"},"acf":[],"_links":{"self":[{"href":"https:\/\/siulubangos.lt\/lv\/wp-json\/wp\/v2\/product\/38934","targetHints":{"allow":["GET"]}}],"collection":[{"href":"https:\/\/siulubangos.lt\/lv\/wp-json\/wp\/v2\/product"}],"about":[{"href":"https:\/\/siulubangos.lt\/lv\/wp-json\/wp\/v2\/types\/product"}],"replies":[{"embeddable":true,"href":"https:\/\/siulubangos.lt\/lv\/wp-json\/wp\/v2\/comments?post=38934"}],"version-history":[{"count":0,"href":"https:\/\/siulubangos.lt\/lv\/wp-json\/wp\/v2\/product\/38934\/revisions"}],"wp:featuredmedia":[{"embeddable":true,"href":"https:\/\/siulubangos.lt\/lv\/wp-json\/wp\/v2\/media\/38936"}],"wp:attachment":[{"href":"https:\/\/siulubangos.lt\/lv\/wp-json\/wp\/v2\/media?parent=38934"}],"wp:term":[{"taxonomy":"product_brand","embeddable":true,"href":"https:\/\/siulubangos.lt\/lv\/wp-json\/wp\/v2\/product_brand?post=38934"},{"taxonomy":"product_cat","embeddable":true,"href":"https:\/\/siulubangos.lt\/lv\/wp-json\/wp\/v2\/product_cat?post=38934"},{"taxonomy":"product_tag","embeddable":true,"href":"https:\/\/siulubangos.lt\/lv\/wp-json\/wp\/v2\/product_tag?post=38934"}],"curies":[{"name":"wp","href":"https:\/\/api.w.org\/{rel}","templated":true}]}}