{"id":38939,"date":"2026-02-20T00:10:55","date_gmt":"2026-02-19T22:10:55","guid":{"rendered":"https:\/\/siulubangos.lt\/?post_type=product&#038;p=38939"},"modified":"2026-03-31T19:45:42","modified_gmt":"2026-03-31T16:45:42","slug":"milward-sagos-su-perlu-ir-metalo-apvadu","status":"publish","type":"product","link":"https:\/\/siulubangos.lt\/lv\/parduotuve\/milward-sagos-su-perlu-ir-metalo-apvadu\/","title":{"rendered":"Milward dekoratyvin\u0117s sagos su perlu (15 mm, 5 vnt)"},"content":{"rendered":"<h3>Milward dekoratyvin\u0117s sagos su perlu\u00a0 (15 mm, 5 vnt)<\/h3>\n<p>Prabangios ir eleganti\u0161kos Milward sagos, papuo\u0161tos dirbtiniu perlu ir stilingu metaliniu apvadu. Puikiai tinka puo\u0161niems mezginiams, drabu\u017eiams ar aksesuarams suteikti klasikinio \u017eavesio.<\/p>\n<ul>\n<li>Dizainas: Perlas su metaliniu apvad\u0117liu.<\/li>\n<li>Med\u017eiaga: Auk\u0161tos kokyb\u0117s plastikas.<\/li>\n<li>Prie\u017ei\u016bra: Skalbiamos iki 30\u00b0C temperat\u016broje.<\/li>\n<li>Pakuot\u0117: Stilingas kartoninis vokelis.<\/li>\n<li>Paskirtis: Drabu\u017eiai (kardiganai, palaidin\u0117s), dekoras, aksesuarai.<\/li>\n<\/ul>","protected":false},"excerpt":{"rendered":"<p>\u0160ios nuostabios Milward sagos yra ne\u012ftik\u0117tinai universalios: jas galite naudoti (rank\u0173 darbo) drabu\u017eiams, nam\u0173 dekoro elementams bei aksesuarams. \u0160ios sagos su perlu ir metaliniu apvadu gali b\u016bti prisiuvamos rankomis. Jos pagamintos i\u0161 plastiko ir yra skalbiamos iki 30\u00b0C temperat\u016broje. Sagos supakuotos \u012f stiling\u0105 kartonin\u012f vokel\u012f.<\/p>","protected":false},"featured_media":38945,"comment_status":"open","ping_status":"closed","template":"","meta":{"_acf_changed":false},"product_brand":[766],"product_cat":[310,529,2064,528,539],"product_tag":[1242],"class_list":{"0":"post-38939","1":"product","2":"type-product","3":"status-publish","4":"has-post-thumbnail","6":"product_brand-milward","7":"product_cat-mezgimo-priemones","8":"product_cat-gamintojas-kitos-priemones","9":"product_cat-milward","10":"product_cat-priemones-tipas","11":"product_cat-sagos","12":"product_tag-milward","14":"first","15":"instock","16":"taxable","17":"shipping-taxable","18":"purchasable","19":"product-type-simple"},"acf":[],"_links":{"self":[{"href":"https:\/\/siulubangos.lt\/lv\/wp-json\/wp\/v2\/product\/38939","targetHints":{"allow":["GET"]}}],"collection":[{"href":"https:\/\/siulubangos.lt\/lv\/wp-json\/wp\/v2\/product"}],"about":[{"href":"https:\/\/siulubangos.lt\/lv\/wp-json\/wp\/v2\/types\/product"}],"replies":[{"embeddable":true,"href":"https:\/\/siulubangos.lt\/lv\/wp-json\/wp\/v2\/comments?post=38939"}],"version-history":[{"count":0,"href":"https:\/\/siulubangos.lt\/lv\/wp-json\/wp\/v2\/product\/38939\/revisions"}],"wp:featuredmedia":[{"embeddable":true,"href":"https:\/\/siulubangos.lt\/lv\/wp-json\/wp\/v2\/media\/38945"}],"wp:attachment":[{"href":"https:\/\/siulubangos.lt\/lv\/wp-json\/wp\/v2\/media?parent=38939"}],"wp:term":[{"taxonomy":"product_brand","embeddable":true,"href":"https:\/\/siulubangos.lt\/lv\/wp-json\/wp\/v2\/product_brand?post=38939"},{"taxonomy":"product_cat","embeddable":true,"href":"https:\/\/siulubangos.lt\/lv\/wp-json\/wp\/v2\/product_cat?post=38939"},{"taxonomy":"product_tag","embeddable":true,"href":"https:\/\/siulubangos.lt\/lv\/wp-json\/wp\/v2\/product_tag?post=38939"}],"curies":[{"name":"wp","href":"https:\/\/api.w.org\/{rel}","templated":true}]}}