{"id":38940,"date":"2026-02-20T00:01:33","date_gmt":"2026-02-19T22:01:33","guid":{"rendered":"https:\/\/siulubangos.lt\/?post_type=product&#038;p=38940"},"modified":"2026-03-08T22:48:16","modified_gmt":"2026-03-08T20:48:16","slug":"milward-medines-sagos-natural-15mm-5vnt","status":"publish","type":"product","link":"https:\/\/siulubangos.lt\/lv\/parduotuve\/milward-medines-sagos-natural-15mm-5vnt\/","title":{"rendered":"Milward nat\u016bralaus med\u017eio sagos &#8211; Natural (15 mm, 5 vnt)"},"content":{"rendered":"<h3>Milward nat\u016bralaus med\u017eio sagos &#8211; Natural (15 mm, 5 vnt)<\/h3>\n<p>\u0160ios nuostabios Milward sagos yra ne\u012ftik\u0117tinai universalios: jas galite naudoti (rank\u0173 darbo) drabu\u017eiams, nam\u0173 dekoro elementams bei aksesuarams. \u0160ios apvalios, nat\u016bralios sagos su skylu\u010di\u0173 ra\u0161tu gali b\u016bti prisiuvamos rankomis per dvi esamas skyles. Sagos yra 15 mm plo\u010dio. Jos pagamintos i\u0161 med\u017eio ir yra skalbiamos iki 30\u00b0C temperat\u016broje. Sagos supakuotos \u012f stiling\u0105 kartonin\u012f vokel\u012f. Pakuot\u0117je yra 5 vienetai.<\/p>","protected":false},"excerpt":{"rendered":"<p>Universalios, nat\u016bralaus med\u017eio sagos su subtiliu skylu\u010di\u0173 ra\u0161tu, suteikian\u010dios jaukumo ir nat\u016bralumo bet kokiam rankdarbiui.<\/p>\n<ul>\n<li>Dydis: 15 mm.<\/li>\n<li>Med\u017eiaga: Medis (2 skylu\u010di\u0173 tvirtinimas).<\/li>\n<li>Prie\u017ei\u016bra: Skalbiamos iki 30\u00b0C.<\/li>\n<li>Kiekis: 5 vnt. pakuot\u0117je.<\/li>\n<li>Paskirtis: Drabu\u017eiai, aksesuarai, nam\u0173 dekoras.<\/li>\n<\/ul>","protected":false},"featured_media":38942,"comment_status":"open","ping_status":"closed","template":"","meta":{"_acf_changed":false},"product_brand":[766],"product_cat":[310,529,2064,528,539],"product_tag":[1242],"class_list":{"0":"post-38940","1":"product","2":"type-product","3":"status-publish","4":"has-post-thumbnail","6":"product_brand-milward","7":"product_cat-mezgimo-priemones","8":"product_cat-gamintojas-kitos-priemones","9":"product_cat-milward","10":"product_cat-priemones-tipas","11":"product_cat-sagos","12":"product_tag-milward","14":"first","15":"instock","16":"taxable","17":"shipping-taxable","18":"purchasable","19":"product-type-simple"},"acf":[],"_links":{"self":[{"href":"https:\/\/siulubangos.lt\/lv\/wp-json\/wp\/v2\/product\/38940","targetHints":{"allow":["GET"]}}],"collection":[{"href":"https:\/\/siulubangos.lt\/lv\/wp-json\/wp\/v2\/product"}],"about":[{"href":"https:\/\/siulubangos.lt\/lv\/wp-json\/wp\/v2\/types\/product"}],"replies":[{"embeddable":true,"href":"https:\/\/siulubangos.lt\/lv\/wp-json\/wp\/v2\/comments?post=38940"}],"version-history":[{"count":0,"href":"https:\/\/siulubangos.lt\/lv\/wp-json\/wp\/v2\/product\/38940\/revisions"}],"wp:featuredmedia":[{"embeddable":true,"href":"https:\/\/siulubangos.lt\/lv\/wp-json\/wp\/v2\/media\/38942"}],"wp:attachment":[{"href":"https:\/\/siulubangos.lt\/lv\/wp-json\/wp\/v2\/media?parent=38940"}],"wp:term":[{"taxonomy":"product_brand","embeddable":true,"href":"https:\/\/siulubangos.lt\/lv\/wp-json\/wp\/v2\/product_brand?post=38940"},{"taxonomy":"product_cat","embeddable":true,"href":"https:\/\/siulubangos.lt\/lv\/wp-json\/wp\/v2\/product_cat?post=38940"},{"taxonomy":"product_tag","embeddable":true,"href":"https:\/\/siulubangos.lt\/lv\/wp-json\/wp\/v2\/product_tag?post=38940"}],"curies":[{"name":"wp","href":"https:\/\/api.w.org\/{rel}","templated":true}]}}