{"id":38948,"date":"2026-02-20T00:19:03","date_gmt":"2026-02-19T22:19:03","guid":{"rendered":"https:\/\/siulubangos.lt\/?post_type=product&#038;p=38948"},"modified":"2026-03-31T19:47:11","modified_gmt":"2026-03-31T16:47:11","slug":"milward-dekoratyvines-sagos-su-perlu","status":"publish","type":"product","link":"https:\/\/siulubangos.lt\/lv\/parduotuve\/milward-dekoratyvines-sagos-su-perlu\/","title":{"rendered":"Milward dekoratyvin\u0117s sagos su perlu (15 mm, 6 vnt)"},"content":{"rendered":"<h3>Milward dekoratyvin\u0117s sagos su perlu (13 mm, 6 vnt)<\/h3>\n<p>Eleganti\u0161kos ir klasikin\u0117s Milward sagos, papuo\u0161tos dirbtiniu perlu ir stilingu metaliniu apvadu. Puikiai tinka puo\u0161niems mezginiams, \u0161ventiniams drabu\u017eiams ar aksesuarams suteikti prabangos poj\u016bt\u012f.<\/p>\n<ul>\n<li>Dizainas: Perlas su metaliniu apvadu.<\/li>\n<li>Med\u017eiaga: Plastikas.<\/li>\n<li>Prie\u017ei\u016bra: Galima skalbti iki 30\u00b0C temperat\u016broje.<\/li>\n<li>Pakuot\u0117: Stilingas kartoninis vokelis.<\/li>\n<li>Paskirtis: Kardiganai, proginiai drabu\u017eiai, nam\u0173 dekoras.<\/li>\n<\/ul>","protected":false},"excerpt":{"rendered":"<p>\u0160ios nuostabios Milward sagos yra ne\u012ftik\u0117tinai universalios: jas galite naudoti (rank\u0173 darbo) drabu\u017eiams, nam\u0173 dekoro elementams bei aksesuarams. \u0160ios sagos su perlu ir metaliniu apvadu gali b\u016bti prisiuvamos rankomis. Jos pagamintos i\u0161 plastiko ir yra skalbiamos iki 30\u00b0C temperat\u016broje. Sagos supakuotos \u012f stiling\u0105 kartonin\u012f vokel\u012f.<\/p>","protected":false},"featured_media":38949,"comment_status":"open","ping_status":"closed","template":"","meta":{"_acf_changed":false},"product_brand":[766],"product_cat":[310,529,2064,528,539],"product_tag":[1242],"class_list":{"0":"post-38948","1":"product","2":"type-product","3":"status-publish","4":"has-post-thumbnail","6":"product_brand-milward","7":"product_cat-mezgimo-priemones","8":"product_cat-gamintojas-kitos-priemones","9":"product_cat-milward","10":"product_cat-priemones-tipas","11":"product_cat-sagos","12":"product_tag-milward","14":"first","15":"instock","16":"taxable","17":"shipping-taxable","18":"purchasable","19":"product-type-simple"},"acf":[],"_links":{"self":[{"href":"https:\/\/siulubangos.lt\/lv\/wp-json\/wp\/v2\/product\/38948","targetHints":{"allow":["GET"]}}],"collection":[{"href":"https:\/\/siulubangos.lt\/lv\/wp-json\/wp\/v2\/product"}],"about":[{"href":"https:\/\/siulubangos.lt\/lv\/wp-json\/wp\/v2\/types\/product"}],"replies":[{"embeddable":true,"href":"https:\/\/siulubangos.lt\/lv\/wp-json\/wp\/v2\/comments?post=38948"}],"version-history":[{"count":0,"href":"https:\/\/siulubangos.lt\/lv\/wp-json\/wp\/v2\/product\/38948\/revisions"}],"wp:featuredmedia":[{"embeddable":true,"href":"https:\/\/siulubangos.lt\/lv\/wp-json\/wp\/v2\/media\/38949"}],"wp:attachment":[{"href":"https:\/\/siulubangos.lt\/lv\/wp-json\/wp\/v2\/media?parent=38948"}],"wp:term":[{"taxonomy":"product_brand","embeddable":true,"href":"https:\/\/siulubangos.lt\/lv\/wp-json\/wp\/v2\/product_brand?post=38948"},{"taxonomy":"product_cat","embeddable":true,"href":"https:\/\/siulubangos.lt\/lv\/wp-json\/wp\/v2\/product_cat?post=38948"},{"taxonomy":"product_tag","embeddable":true,"href":"https:\/\/siulubangos.lt\/lv\/wp-json\/wp\/v2\/product_tag?post=38948"}],"curies":[{"name":"wp","href":"https:\/\/api.w.org\/{rel}","templated":true}]}}