{"id":38951,"date":"2026-02-20T00:31:36","date_gmt":"2026-02-19T22:31:36","guid":{"rendered":"https:\/\/siulubangos.lt\/?post_type=product&#038;p=38951"},"modified":"2026-03-08T22:41:42","modified_gmt":"2026-03-08T20:41:42","slug":"milward-zalvarines-sagos-15mm-10vnt","status":"publish","type":"product","link":"https:\/\/siulubangos.lt\/lv\/parduotuve\/milward-zalvarines-sagos-15mm-10vnt\/","title":{"rendered":"Milward \u017ealvarin\u0117s sagos (15 mm, 10 vnt)"},"content":{"rendered":"<p>Klasikin\u0117s ir itin tvirtos Milward metalin\u0117s sagos, skirtos suteikti drabu\u017eiams profesionali\u0105 ir u\u017ebaigt\u0105 i\u0161vaizd\u0105. Pagamintos i\u0161 \u017ealvario, tod\u0117l yra ilgaam\u017e\u0117s ir atsparios d\u0117v\u0117jimuisi.<\/p>\n<ul>\n<li>Dydis: 15 mm.<\/li>\n<li>Med\u017eiaga: \u017dalvaris (metalo lydinys).<\/li>\n<li>Prie\u017ei\u016bra: Galima skalbti iki 40\u00b0C temperat\u016broje.<\/li>\n<li>Kiekis: 10 vnt. pakuot\u0117je.<\/li>\n<li>Paskirtis: \u0160varkai, megztiniai, aksesuarai ir nam\u0173 dekoro projektai.<\/li>\n<\/ul>","protected":false},"excerpt":{"rendered":"<p>\u0160ios nuostabios Milward sagos yra ne\u012ftik\u0117tinai universalios: jas galite naudoti (rank\u0173 darbo) drabu\u017eiams, nam\u0173 dekoro elementams bei aksesuarams. \u0160ios sagos su perlu ir metaliniu apvadu gali b\u016bti prisiuvamos rankomis. Jos pagamintos i\u0161 plastiko ir yra skalbiamos iki 30\u00b0C temperat\u016broje. Sagos supakuotos \u012f stiling\u0105 kartonin\u012f vokel\u012f.<\/p>","protected":false},"featured_media":38952,"comment_status":"open","ping_status":"closed","template":"","meta":{"_acf_changed":false},"product_brand":[766],"product_cat":[310,529,2064,528,539],"product_tag":[1242],"class_list":{"0":"post-38951","1":"product","2":"type-product","3":"status-publish","4":"has-post-thumbnail","6":"product_brand-milward","7":"product_cat-mezgimo-priemones","8":"product_cat-gamintojas-kitos-priemones","9":"product_cat-milward","10":"product_cat-priemones-tipas","11":"product_cat-sagos","12":"product_tag-milward","14":"first","15":"instock","16":"taxable","17":"shipping-taxable","18":"purchasable","19":"product-type-simple"},"acf":[],"_links":{"self":[{"href":"https:\/\/siulubangos.lt\/lv\/wp-json\/wp\/v2\/product\/38951","targetHints":{"allow":["GET"]}}],"collection":[{"href":"https:\/\/siulubangos.lt\/lv\/wp-json\/wp\/v2\/product"}],"about":[{"href":"https:\/\/siulubangos.lt\/lv\/wp-json\/wp\/v2\/types\/product"}],"replies":[{"embeddable":true,"href":"https:\/\/siulubangos.lt\/lv\/wp-json\/wp\/v2\/comments?post=38951"}],"version-history":[{"count":0,"href":"https:\/\/siulubangos.lt\/lv\/wp-json\/wp\/v2\/product\/38951\/revisions"}],"wp:featuredmedia":[{"embeddable":true,"href":"https:\/\/siulubangos.lt\/lv\/wp-json\/wp\/v2\/media\/38952"}],"wp:attachment":[{"href":"https:\/\/siulubangos.lt\/lv\/wp-json\/wp\/v2\/media?parent=38951"}],"wp:term":[{"taxonomy":"product_brand","embeddable":true,"href":"https:\/\/siulubangos.lt\/lv\/wp-json\/wp\/v2\/product_brand?post=38951"},{"taxonomy":"product_cat","embeddable":true,"href":"https:\/\/siulubangos.lt\/lv\/wp-json\/wp\/v2\/product_cat?post=38951"},{"taxonomy":"product_tag","embeddable":true,"href":"https:\/\/siulubangos.lt\/lv\/wp-json\/wp\/v2\/product_tag?post=38951"}],"curies":[{"name":"wp","href":"https:\/\/api.w.org\/{rel}","templated":true}]}}