{"id":38998,"date":"2026-02-20T23:40:08","date_gmt":"2026-02-20T21:40:08","guid":{"rendered":"https:\/\/siulubangos.lt\/?post_type=product&#038;p=38998"},"modified":"2026-03-09T22:03:29","modified_gmt":"2026-03-09T20:03:29","slug":"meklet-adamadatas-paligtikliem-3-gab","status":"publish","type":"product","link":"https:\/\/siulubangos.lt\/lv\/parduotuve\/seeknit-pagalbiniai-virbalai-pynems-3vnt\/","title":{"rendered":"Seeknit Braid Aids (3 izm\u0113ri)"},"content":{"rendered":"<p>&nbsp;<\/p>\n<p>&nbsp;<\/p>","protected":false},"excerpt":{"rendered":"<p>Izveidojiet perfektu pinumu ar jap\u0101\u0146u Seeknit pal\u012bgvirv\u0113m. \u0160ie r\u012bki ir neaizst\u0101jami, adot p\u012bnes vai citus krustveida acu rakstus, nodro\u0161inot vienm\u0113r\u012bgu procesu un pasarg\u0101jot acis.<\/p>\n<p>Komplekta sast\u0101vs (3 gab.):<\/p>\n<ul>\n<li>Mazs: 10 cm gar\u0161, 3,0 mm biezs.<\/li>\n<li>Vid\u0113jais: 11 cm gar\u0161, 4,0 mm biezs.<\/li>\n<li>Liels: 12 cm gar\u0161, 5,00 mm biezs.<\/li>\n<\/ul>\n<p>&nbsp;<\/p>","protected":false},"featured_media":38999,"comment_status":"open","ping_status":"closed","template":"","meta":{"_acf_changed":false},"product_brand":[2038],"product_cat":[528,529,310,1119],"product_tag":[2034],"class_list":{"0":"post-38998","1":"product","2":"type-product","3":"status-publish","4":"has-post-thumbnail","6":"product_brand-seeknit","7":"product_cat-priemones-tipas","8":"product_cat-gamintojas-kitos-priemones","9":"product_cat-mezgimo-priemones","10":"product_cat-pagalbiniai-virbalai","11":"product_tag-seeknit","12":"pa_dydis-4-mm","13":"pa_dydis-4-50-mm","14":"pa_dydis-5-mm","15":"pa_dydis-5-50-mm","16":"pa_dydis-6-mm","17":"pa_dydis-7-mm","18":"pa_dydis-8-mm","20":"first","21":"instock","22":"taxable","23":"shipping-taxable","24":"purchasable","25":"product-type-simple"},"acf":[],"_links":{"self":[{"href":"https:\/\/siulubangos.lt\/lv\/wp-json\/wp\/v2\/product\/38998","targetHints":{"allow":["GET"]}}],"collection":[{"href":"https:\/\/siulubangos.lt\/lv\/wp-json\/wp\/v2\/product"}],"about":[{"href":"https:\/\/siulubangos.lt\/lv\/wp-json\/wp\/v2\/types\/product"}],"replies":[{"embeddable":true,"href":"https:\/\/siulubangos.lt\/lv\/wp-json\/wp\/v2\/comments?post=38998"}],"version-history":[{"count":0,"href":"https:\/\/siulubangos.lt\/lv\/wp-json\/wp\/v2\/product\/38998\/revisions"}],"wp:featuredmedia":[{"embeddable":true,"href":"https:\/\/siulubangos.lt\/lv\/wp-json\/wp\/v2\/media\/38999"}],"wp:attachment":[{"href":"https:\/\/siulubangos.lt\/lv\/wp-json\/wp\/v2\/media?parent=38998"}],"wp:term":[{"taxonomy":"product_brand","embeddable":true,"href":"https:\/\/siulubangos.lt\/lv\/wp-json\/wp\/v2\/product_brand?post=38998"},{"taxonomy":"product_cat","embeddable":true,"href":"https:\/\/siulubangos.lt\/lv\/wp-json\/wp\/v2\/product_cat?post=38998"},{"taxonomy":"product_tag","embeddable":true,"href":"https:\/\/siulubangos.lt\/lv\/wp-json\/wp\/v2\/product_tag?post=38998"}],"curies":[{"name":"wp","href":"https:\/\/api.w.org\/{rel}","templated":true}]}}