{"id":39006,"date":"2026-02-21T00:06:47","date_gmt":"2026-02-20T22:06:47","guid":{"rendered":"https:\/\/siulubangos.lt\/?post_type=product&#038;p=39006"},"modified":"2026-03-11T11:13:30","modified_gmt":"2026-03-11T09:13:30","slug":"tulip-adata-vilnai-paauksuota-asele","status":"publish","type":"product","link":"https:\/\/siulubangos.lt\/lv\/parduotuve\/tulip-adata-vilnai-paauksuota-asele\/","title":{"rendered":"Tulip adatos vilnai su paauksuota asele"},"content":{"rendered":"","protected":false},"excerpt":{"rendered":"<p>Auk\u0161\u010diausios kokyb\u0117s Japonijos gamintojo Tulip adatos yra nepakei\u010diamas \u012frankis kiekvienos mezg\u0117jos ar n\u0117r\u0117jos krep\u0161elyje. Sukurtos specialiai darbui su vilna ir kitais mezgimo si\u016blais, \u0161ios adatos u\u017etikrina precizi\u0161k\u0105 ir lengv\u0105 darbo pabaig\u0105.<\/p>\n<ul>\n<li>Galvenie ieguvumi:<\/li>\n<li>Paauksuota asel\u0117: Itin lygi ir plati asel\u0117 leid\u017eia lengvai \u012fverti net ir puresn\u012f ar storesn\u012f si\u016bl\u0105, jo nepa\u017eeid\u017eiant.<\/li>\n<li>Bukas galiukas: Specialiai suapvalinta vir\u0161\u016bn\u0117 saugo mezgin\u012f &#8211; adata slysta tarp gij\u0173, j\u0173 neskaidydama ir nepl\u0117\u0161ydama.<\/li>\n<li>Universalumas: Puikiai tinka detali\u0173 susiuvimui, si\u016bl\u0173 gal\u0173 sl\u0117pimui ar drabu\u017ei\u0173 adymui.<\/li>\n<\/ul>","protected":false},"featured_media":39025,"comment_status":"open","ping_status":"closed","template":"","meta":{"_acf_changed":false},"product_brand":[558],"product_cat":[310,549,528,532],"product_tag":[1229],"class_list":{"0":"post-39006","1":"product","2":"type-product","3":"status-publish","4":"has-post-thumbnail","6":"product_brand-tulip","7":"product_cat-mezgimo-priemones","8":"product_cat-adatos","9":"product_cat-priemones-tipas","10":"product_cat-tulip-gamintojas-kitos-priemones","11":"product_tag-tulip","12":"pa_dydis-nr-17-1-35x54-5-mm","13":"pa_dydis-nr-16-1-60x60-0-mm","15":"first","16":"instock","17":"taxable","18":"shipping-taxable","19":"purchasable","20":"product-type-variable"},"acf":[],"_links":{"self":[{"href":"https:\/\/siulubangos.lt\/lv\/wp-json\/wp\/v2\/product\/39006","targetHints":{"allow":["GET"]}}],"collection":[{"href":"https:\/\/siulubangos.lt\/lv\/wp-json\/wp\/v2\/product"}],"about":[{"href":"https:\/\/siulubangos.lt\/lv\/wp-json\/wp\/v2\/types\/product"}],"replies":[{"embeddable":true,"href":"https:\/\/siulubangos.lt\/lv\/wp-json\/wp\/v2\/comments?post=39006"}],"version-history":[{"count":0,"href":"https:\/\/siulubangos.lt\/lv\/wp-json\/wp\/v2\/product\/39006\/revisions"}],"wp:featuredmedia":[{"embeddable":true,"href":"https:\/\/siulubangos.lt\/lv\/wp-json\/wp\/v2\/media\/39025"}],"wp:attachment":[{"href":"https:\/\/siulubangos.lt\/lv\/wp-json\/wp\/v2\/media?parent=39006"}],"wp:term":[{"taxonomy":"product_brand","embeddable":true,"href":"https:\/\/siulubangos.lt\/lv\/wp-json\/wp\/v2\/product_brand?post=39006"},{"taxonomy":"product_cat","embeddable":true,"href":"https:\/\/siulubangos.lt\/lv\/wp-json\/wp\/v2\/product_cat?post=39006"},{"taxonomy":"product_tag","embeddable":true,"href":"https:\/\/siulubangos.lt\/lv\/wp-json\/wp\/v2\/product_tag?post=39006"}],"curies":[{"name":"wp","href":"https:\/\/api.w.org\/{rel}","templated":true}]}}