{"id":39057,"date":"2026-02-22T21:15:14","date_gmt":"2026-02-22T19:15:14","guid":{"rendered":"https:\/\/siulubangos.lt\/?post_type=product&#038;p=39057"},"modified":"2026-02-22T21:15:16","modified_gmt":"2026-02-22T19:15:16","slug":"dekorativas-koka-pogas-kakiem-20-mm","status":"publish","type":"product","link":"https:\/\/siulubangos.lt\/lv\/parduotuve\/dekoratyvines-medines-sagos-kates-20-mm\/","title":{"rendered":"Dekorat\u012bv\u0101s koka pogas - CATS (20 mm)"},"content":{"rendered":"","protected":false},"excerpt":{"rendered":"<p>Neatkar\u012bgi no t\u0101, vai ad\u0101t m\u0101j\u012bgu d\u017eemperi, \u0161ujat stil\u012bgu auduma somu vai veidojat unik\u0101lu apsveikuma karti\u0146u, \u0161\u012bs pogas b\u016bs tas mazais, bet drosm\u012bgais piesk\u0101riens, kas papildin\u0101s visu att\u0113lu. Katra poga st\u0101sta savu st\u0101stu da\u017e\u0101d\u0101s kr\u0101s\u0101s un rakstos. M\u0101j\u012bgas, siltas un izgatavotas no koka.<\/p>\n<p>Ide\u0101li piem\u0113rots gan b\u0113rnu, gan pieaugu\u0161o aksesu\u0101riem.<\/p>","protected":false},"featured_media":39059,"comment_status":"open","ping_status":"closed","template":"","meta":{"_acf_changed":false},"product_brand":[],"product_cat":[310,528,539],"product_tag":[],"class_list":{"0":"post-39057","1":"product","2":"type-product","3":"status-publish","4":"has-post-thumbnail","6":"product_cat-mezgimo-priemones","7":"product_cat-priemones-tipas","8":"product_cat-sagos","10":"first","11":"instock","12":"taxable","13":"shipping-taxable","14":"purchasable","15":"product-type-simple"},"acf":[],"_links":{"self":[{"href":"https:\/\/siulubangos.lt\/lv\/wp-json\/wp\/v2\/product\/39057","targetHints":{"allow":["GET"]}}],"collection":[{"href":"https:\/\/siulubangos.lt\/lv\/wp-json\/wp\/v2\/product"}],"about":[{"href":"https:\/\/siulubangos.lt\/lv\/wp-json\/wp\/v2\/types\/product"}],"replies":[{"embeddable":true,"href":"https:\/\/siulubangos.lt\/lv\/wp-json\/wp\/v2\/comments?post=39057"}],"version-history":[{"count":0,"href":"https:\/\/siulubangos.lt\/lv\/wp-json\/wp\/v2\/product\/39057\/revisions"}],"wp:featuredmedia":[{"embeddable":true,"href":"https:\/\/siulubangos.lt\/lv\/wp-json\/wp\/v2\/media\/39059"}],"wp:attachment":[{"href":"https:\/\/siulubangos.lt\/lv\/wp-json\/wp\/v2\/media?parent=39057"}],"wp:term":[{"taxonomy":"product_brand","embeddable":true,"href":"https:\/\/siulubangos.lt\/lv\/wp-json\/wp\/v2\/product_brand?post=39057"},{"taxonomy":"product_cat","embeddable":true,"href":"https:\/\/siulubangos.lt\/lv\/wp-json\/wp\/v2\/product_cat?post=39057"},{"taxonomy":"product_tag","embeddable":true,"href":"https:\/\/siulubangos.lt\/lv\/wp-json\/wp\/v2\/product_tag?post=39057"}],"curies":[{"name":"wp","href":"https:\/\/api.w.org\/{rel}","templated":true}]}}