{"id":39060,"date":"2026-02-22T21:22:33","date_gmt":"2026-02-22T19:22:33","guid":{"rendered":"https:\/\/siulubangos.lt\/?post_type=product&#038;p=39060"},"modified":"2026-02-22T21:22:59","modified_gmt":"2026-02-22T19:22:59","slug":"spalvingos-medines-sagos-drugeliai-25-mm","status":"publish","type":"product","link":"https:\/\/siulubangos.lt\/lv\/parduotuve\/spalvingos-medines-sagos-drugeliai-25-mm\/","title":{"rendered":"Dekoratyvin\u0117s medin\u0117s sagos &#8211; DRUGELIAI (25 mm)"},"content":{"rendered":"","protected":false},"excerpt":{"rendered":"<p>Nuostabi\u0173 spalv\u0173 medin\u0117s drugeli\u0173 formos sagos suteiks pol\u0117kio ir \u017eavesio patiems \u012fvairiausiems k\u016brybiniams projektams. Jos puikiai tinka tiek rank\u0173 darbo rankin\u0117ms, \u0161alikams ar kepur\u0117ms puo\u0161ti, tiek megztiniams ar skraist\u0117ms u\u017esegti.<\/p>\n<p>Kiekviena saga turi dvi skylutes ir yra skirta prisi\u016bti rankomis.<\/p>\n<p>&nbsp;<\/p>","protected":false},"featured_media":39061,"comment_status":"open","ping_status":"closed","template":"","meta":{"_acf_changed":false},"product_brand":[],"product_cat":[310,528,539],"product_tag":[],"class_list":{"0":"post-39060","1":"product","2":"type-product","3":"status-publish","4":"has-post-thumbnail","6":"product_cat-mezgimo-priemones","7":"product_cat-priemones-tipas","8":"product_cat-sagos","10":"first","11":"instock","12":"taxable","13":"shipping-taxable","14":"purchasable","15":"product-type-simple"},"acf":[],"_links":{"self":[{"href":"https:\/\/siulubangos.lt\/lv\/wp-json\/wp\/v2\/product\/39060","targetHints":{"allow":["GET"]}}],"collection":[{"href":"https:\/\/siulubangos.lt\/lv\/wp-json\/wp\/v2\/product"}],"about":[{"href":"https:\/\/siulubangos.lt\/lv\/wp-json\/wp\/v2\/types\/product"}],"replies":[{"embeddable":true,"href":"https:\/\/siulubangos.lt\/lv\/wp-json\/wp\/v2\/comments?post=39060"}],"version-history":[{"count":0,"href":"https:\/\/siulubangos.lt\/lv\/wp-json\/wp\/v2\/product\/39060\/revisions"}],"wp:featuredmedia":[{"embeddable":true,"href":"https:\/\/siulubangos.lt\/lv\/wp-json\/wp\/v2\/media\/39061"}],"wp:attachment":[{"href":"https:\/\/siulubangos.lt\/lv\/wp-json\/wp\/v2\/media?parent=39060"}],"wp:term":[{"taxonomy":"product_brand","embeddable":true,"href":"https:\/\/siulubangos.lt\/lv\/wp-json\/wp\/v2\/product_brand?post=39060"},{"taxonomy":"product_cat","embeddable":true,"href":"https:\/\/siulubangos.lt\/lv\/wp-json\/wp\/v2\/product_cat?post=39060"},{"taxonomy":"product_tag","embeddable":true,"href":"https:\/\/siulubangos.lt\/lv\/wp-json\/wp\/v2\/product_tag?post=39060"}],"curies":[{"name":"wp","href":"https:\/\/api.w.org\/{rel}","templated":true}]}}