{"id":39063,"date":"2026-02-22T21:27:10","date_gmt":"2026-02-22T19:27:10","guid":{"rendered":"https:\/\/siulubangos.lt\/?post_type=product&#038;p=39063"},"modified":"2026-02-22T21:27:11","modified_gmt":"2026-02-22T19:27:11","slug":"spalvingos-medines-sagos-drugeliai-25-mm-2","status":"publish","type":"product","link":"https:\/\/siulubangos.lt\/lv\/parduotuve\/spalvingos-medines-sagos-drugeliai-25-mm-2\/","title":{"rendered":"Dekoratyvin\u0117s spalvingos medin\u0117s sagos &#8211; DRUGELIAI (25 mm)"},"content":{"rendered":"","protected":false},"excerpt":{"rendered":"<p>Leiskite savo k\u016brybai \u201enuskristi\u201c su \u0161iomis ry\u0161kiomis ir spalvingomis drugeli\u0173 sagomis! Tai ne tik u\u017esegimas &#8211; tai ma\u017ea, \u017eavinga detal\u0117, kuri suteiks lengvumo bet kuriam j\u016bs\u0173 k\u016briniui. Idealiai tinka pavasari\u0161kiems megztukams, vaik\u0173 aksesuarams ar unikaliems nam\u0173 dekoro elementams.<\/p>","protected":false},"featured_media":39064,"comment_status":"open","ping_status":"closed","template":"","meta":{"_acf_changed":false},"product_brand":[],"product_cat":[310,528,539],"product_tag":[],"class_list":{"0":"post-39063","1":"product","2":"type-product","3":"status-publish","4":"has-post-thumbnail","6":"product_cat-mezgimo-priemones","7":"product_cat-priemones-tipas","8":"product_cat-sagos","10":"first","11":"instock","12":"taxable","13":"shipping-taxable","14":"purchasable","15":"product-type-simple"},"acf":[],"_links":{"self":[{"href":"https:\/\/siulubangos.lt\/lv\/wp-json\/wp\/v2\/product\/39063","targetHints":{"allow":["GET"]}}],"collection":[{"href":"https:\/\/siulubangos.lt\/lv\/wp-json\/wp\/v2\/product"}],"about":[{"href":"https:\/\/siulubangos.lt\/lv\/wp-json\/wp\/v2\/types\/product"}],"replies":[{"embeddable":true,"href":"https:\/\/siulubangos.lt\/lv\/wp-json\/wp\/v2\/comments?post=39063"}],"version-history":[{"count":0,"href":"https:\/\/siulubangos.lt\/lv\/wp-json\/wp\/v2\/product\/39063\/revisions"}],"wp:featuredmedia":[{"embeddable":true,"href":"https:\/\/siulubangos.lt\/lv\/wp-json\/wp\/v2\/media\/39064"}],"wp:attachment":[{"href":"https:\/\/siulubangos.lt\/lv\/wp-json\/wp\/v2\/media?parent=39063"}],"wp:term":[{"taxonomy":"product_brand","embeddable":true,"href":"https:\/\/siulubangos.lt\/lv\/wp-json\/wp\/v2\/product_brand?post=39063"},{"taxonomy":"product_cat","embeddable":true,"href":"https:\/\/siulubangos.lt\/lv\/wp-json\/wp\/v2\/product_cat?post=39063"},{"taxonomy":"product_tag","embeddable":true,"href":"https:\/\/siulubangos.lt\/lv\/wp-json\/wp\/v2\/product_tag?post=39063"}],"curies":[{"name":"wp","href":"https:\/\/api.w.org\/{rel}","templated":true}]}}