{"id":39066,"date":"2026-02-22T22:29:16","date_gmt":"2026-02-22T20:29:16","guid":{"rendered":"https:\/\/siulubangos.lt\/?post_type=product&#038;p=39066"},"modified":"2026-02-22T22:32:18","modified_gmt":"2026-02-22T20:32:18","slug":"plastikine-saga-juoda-roze-ant-kojeles","status":"publish","type":"product","link":"https:\/\/siulubangos.lt\/lv\/parduotuve\/plastikine-saga-juoda-roze-ant-kojeles\/","title":{"rendered":"Sagos JUODA RO\u017d\u0116 (15-21.25 mm)"},"content":{"rendered":"","protected":false},"excerpt":{"rendered":"<p>\u0160ios eleganti\u0161kos juodos ro\u017e\u0117s formos sagos suteiks j\u016bs\u0173 drabu\u017eiams rafinuotumo ir klasikinio \u017eavesio. I\u0161kilus, detalus \u017eiedo dizainas sukuria prabang\u0173 \u012fsp\u016bd\u012f, o tvirta kojel\u0117 nugarin\u0117je pus\u0117je leid\u017eia sagai gra\u017eiai pakilti vir\u0161 audinio, i\u0161laikant form\u0105.<\/p>\n<p>Sagos pagamintos i\u0161 auk\u0161tos kokyb\u0117s lengvo plastiko, tod\u0117l jos netempia audinio ir puikiai tinka tiek lengviems mar\u0161kiniams, tiek sunkesniems megztiniams ar \u0161varkams. Galite rinktis i\u0161 dviej\u0173 skirting\u0173 dyd\u017ei\u0173, pritaikydami juos pagal savo poreikius.<\/p>","protected":false},"featured_media":39067,"comment_status":"open","ping_status":"closed","template":"","meta":{"_acf_changed":false},"product_brand":[],"product_cat":[310,528,539],"product_tag":[],"class_list":{"0":"post-39066","1":"product","2":"type-product","3":"status-publish","4":"has-post-thumbnail","6":"product_cat-mezgimo-priemones","7":"product_cat-priemones-tipas","8":"product_cat-sagos","9":"pa_dydis-15-mm","10":"pa_dydis-21-25-mm","12":"first","13":"instock","14":"taxable","15":"shipping-taxable","16":"purchasable","17":"product-type-variable"},"acf":[],"_links":{"self":[{"href":"https:\/\/siulubangos.lt\/lv\/wp-json\/wp\/v2\/product\/39066","targetHints":{"allow":["GET"]}}],"collection":[{"href":"https:\/\/siulubangos.lt\/lv\/wp-json\/wp\/v2\/product"}],"about":[{"href":"https:\/\/siulubangos.lt\/lv\/wp-json\/wp\/v2\/types\/product"}],"replies":[{"embeddable":true,"href":"https:\/\/siulubangos.lt\/lv\/wp-json\/wp\/v2\/comments?post=39066"}],"version-history":[{"count":0,"href":"https:\/\/siulubangos.lt\/lv\/wp-json\/wp\/v2\/product\/39066\/revisions"}],"wp:featuredmedia":[{"embeddable":true,"href":"https:\/\/siulubangos.lt\/lv\/wp-json\/wp\/v2\/media\/39067"}],"wp:attachment":[{"href":"https:\/\/siulubangos.lt\/lv\/wp-json\/wp\/v2\/media?parent=39066"}],"wp:term":[{"taxonomy":"product_brand","embeddable":true,"href":"https:\/\/siulubangos.lt\/lv\/wp-json\/wp\/v2\/product_brand?post=39066"},{"taxonomy":"product_cat","embeddable":true,"href":"https:\/\/siulubangos.lt\/lv\/wp-json\/wp\/v2\/product_cat?post=39066"},{"taxonomy":"product_tag","embeddable":true,"href":"https:\/\/siulubangos.lt\/lv\/wp-json\/wp\/v2\/product_tag?post=39066"}],"curies":[{"name":"wp","href":"https:\/\/api.w.org\/{rel}","templated":true}]}}