{"id":39071,"date":"2026-02-22T22:42:44","date_gmt":"2026-02-22T20:42:44","guid":{"rendered":"https:\/\/siulubangos.lt\/?post_type=product&#038;p=39071"},"modified":"2026-02-22T22:42:45","modified_gmt":"2026-02-22T20:42:45","slug":"plastikine-saga-smelis-blizgi-ivairios","status":"publish","type":"product","link":"https:\/\/siulubangos.lt\/lv\/parduotuve\/plastikine-saga-smelis-blizgi-ivairios\/","title":{"rendered":"Plastikin\u0117s sagos SM\u0116LIS (20-25 mm)"},"content":{"rendered":"","protected":false},"excerpt":{"rendered":"<p>\u0160i stilinga, \u0161velnios sm\u0117lio (beige) spalvos saga yra idealus pasirinkimas ie\u0161kantiems balanso tarp funkcionalumo ir subtilios elegancijos. Blizgus pavir\u0161ius suteikia gaminiui gyvumo, o standartinis keturi\u0173 skylu\u010di\u0173 tvirtinimas u\u017etikrina maksimal\u0173 stabilum\u0105 ir ilgaam\u017ei\u0161kum\u0105.<\/p>\n<p>D\u0117l savo neutralaus atspalvio \u0161i saga lengvai prisitaiko prie pa\u010di\u0173 \u012fvairiausi\u0173 audini\u0173 &#8211; nuo nat\u016bralaus lino iki \u0161iltos vilnos.<\/p>","protected":false},"featured_media":39072,"comment_status":"open","ping_status":"closed","template":"","meta":{"_acf_changed":false},"product_brand":[],"product_cat":[310,528,539],"product_tag":[],"class_list":{"0":"post-39071","1":"product","2":"type-product","3":"status-publish","4":"has-post-thumbnail","6":"product_cat-mezgimo-priemones","7":"product_cat-priemones-tipas","8":"product_cat-sagos","9":"pa_dydis-20-mm","10":"pa_dydis-25-mm","12":"first","13":"instock","14":"taxable","15":"shipping-taxable","16":"purchasable","17":"product-type-variable"},"acf":[],"_links":{"self":[{"href":"https:\/\/siulubangos.lt\/lv\/wp-json\/wp\/v2\/product\/39071","targetHints":{"allow":["GET"]}}],"collection":[{"href":"https:\/\/siulubangos.lt\/lv\/wp-json\/wp\/v2\/product"}],"about":[{"href":"https:\/\/siulubangos.lt\/lv\/wp-json\/wp\/v2\/types\/product"}],"replies":[{"embeddable":true,"href":"https:\/\/siulubangos.lt\/lv\/wp-json\/wp\/v2\/comments?post=39071"}],"version-history":[{"count":0,"href":"https:\/\/siulubangos.lt\/lv\/wp-json\/wp\/v2\/product\/39071\/revisions"}],"wp:featuredmedia":[{"embeddable":true,"href":"https:\/\/siulubangos.lt\/lv\/wp-json\/wp\/v2\/media\/39072"}],"wp:attachment":[{"href":"https:\/\/siulubangos.lt\/lv\/wp-json\/wp\/v2\/media?parent=39071"}],"wp:term":[{"taxonomy":"product_brand","embeddable":true,"href":"https:\/\/siulubangos.lt\/lv\/wp-json\/wp\/v2\/product_brand?post=39071"},{"taxonomy":"product_cat","embeddable":true,"href":"https:\/\/siulubangos.lt\/lv\/wp-json\/wp\/v2\/product_cat?post=39071"},{"taxonomy":"product_tag","embeddable":true,"href":"https:\/\/siulubangos.lt\/lv\/wp-json\/wp\/v2\/product_tag?post=39071"}],"curies":[{"name":"wp","href":"https:\/\/api.w.org\/{rel}","templated":true}]}}