{"id":39089,"date":"2026-02-24T10:40:54","date_gmt":"2026-02-24T08:40:54","guid":{"rendered":"https:\/\/siulubangos.lt\/?post_type=product&#038;p=39089"},"modified":"2026-03-23T19:42:01","modified_gmt":"2026-03-23T17:42:01","slug":"chiaogoo-twist-shorties-uzlime-stringiem","status":"publish","type":"product","link":"https:\/\/siulubangos.lt\/lv\/parduotuve\/chiaogoo-twist-shorties-deklas-virbalams\/","title":{"rendered":"ChiaoGoo TWIST SHORTIES d\u0117klas [S] prisukamiems virbalams (3.50-5.0 mm)"},"content":{"rendered":"","protected":false},"excerpt":{"rendered":"<p>Gl\u012bti uzglab\u0101jiet ChiaoGoo TWIST SHORTIES \u0161aj\u0101 stil\u012bgaj\u0101 un kompaktaj\u0101 futr\u0101l\u012b. Katrs nodal\u012bjums ir skaidri mar\u0137\u0113ts, t\u0101p\u0113c j\u016bs uzreiz atrad\u012bsiet pareiz\u0101 izm\u0113ra auklas, un dro\u0161ais spiedpogu stiprin\u0101jums nov\u0113r\u0161 to izkri\u0161anu.<\/p>\n<p>TWIST Shorties s\u0113rija (5 cm un 8 cm) ir neaizst\u0101jama neliela diametra projektiem, piem\u0113ram, ze\u0137u, apro\u010du un cepuru izgatavo\u0161anai.<\/p>\n<ul>\n<li>S izm\u0113ra korpusa funkcijas:<br \/>\nIetilp\u012bba: 10 p\u0101ri auklu - 5 p\u0101ri 5 cm un 5 p\u0101ri 8 cm SMALL s\u0113rijas aukl\u0101m.<\/li>\n<li>Izm\u0113ri: Piem\u0113rots 3,50, 3,75, 4,0, 4,50 un 5,0 mm virv\u0113m.<\/li>\n<\/ul>","protected":false},"featured_media":39085,"comment_status":"open","ping_status":"closed","template":"","meta":{"_acf_changed":false},"product_brand":[560],"product_cat":[568,466,455,61],"product_tag":[1257],"class_list":{"0":"post-39089","1":"product","2":"type-product","3":"status-publish","4":"has-post-thumbnail","6":"product_brand-chiaogoo","7":"product_cat-deklai-virbalams","8":"product_cat-chiaogoo-virbalai-vaseliai","9":"product_cat-gamintojas-virbalai-vaseliai","10":"product_cat-virbalai-vaseliai","11":"product_tag-chiaogoo","12":"pa_dydis-38-40","13":"pa_dydis-1218","15":"first","16":"instock","17":"taxable","18":"shipping-taxable","19":"purchasable","20":"product-type-simple"},"acf":[],"_links":{"self":[{"href":"https:\/\/siulubangos.lt\/lv\/wp-json\/wp\/v2\/product\/39089","targetHints":{"allow":["GET"]}}],"collection":[{"href":"https:\/\/siulubangos.lt\/lv\/wp-json\/wp\/v2\/product"}],"about":[{"href":"https:\/\/siulubangos.lt\/lv\/wp-json\/wp\/v2\/types\/product"}],"replies":[{"embeddable":true,"href":"https:\/\/siulubangos.lt\/lv\/wp-json\/wp\/v2\/comments?post=39089"}],"version-history":[{"count":0,"href":"https:\/\/siulubangos.lt\/lv\/wp-json\/wp\/v2\/product\/39089\/revisions"}],"wp:featuredmedia":[{"embeddable":true,"href":"https:\/\/siulubangos.lt\/lv\/wp-json\/wp\/v2\/media\/39085"}],"wp:attachment":[{"href":"https:\/\/siulubangos.lt\/lv\/wp-json\/wp\/v2\/media?parent=39089"}],"wp:term":[{"taxonomy":"product_brand","embeddable":true,"href":"https:\/\/siulubangos.lt\/lv\/wp-json\/wp\/v2\/product_brand?post=39089"},{"taxonomy":"product_cat","embeddable":true,"href":"https:\/\/siulubangos.lt\/lv\/wp-json\/wp\/v2\/product_cat?post=39089"},{"taxonomy":"product_tag","embeddable":true,"href":"https:\/\/siulubangos.lt\/lv\/wp-json\/wp\/v2\/product_tag?post=39089"}],"curies":[{"name":"wp","href":"https:\/\/api.w.org\/{rel}","templated":true}]}}