{"id":39092,"date":"2026-02-24T10:51:43","date_gmt":"2026-02-24T08:51:43","guid":{"rendered":"https:\/\/siulubangos.lt\/?post_type=product&#038;p=39092"},"modified":"2026-02-24T10:51:44","modified_gmt":"2026-02-24T08:51:44","slug":"metaline-saga-juodintas-metalas-20mm","status":"publish","type":"product","link":"https:\/\/siulubangos.lt\/lv\/parduotuve\/metaline-saga-juodintas-metalas-20mm\/","title":{"rendered":"Dekorat\u012bva meln\u0101 met\u0101la poga ar rakstiem (20 mm)"},"content":{"rendered":"","protected":false},"excerpt":{"rendered":"<p>Suteikite savo drabu\u017eiams i\u0161skirtinumo su \u0161iomis prabangiomis, juodinto metalo sagomis. Reljefiniai, subtiliai i\u0161rai\u017eyti ra\u0161tai suteikia gaminiui vinta\u017einio \u017eavesio ir solidumo, o \u201eantikinio\u201c metalo efektas puikiai dera prie \u012fvairi\u0173 audini\u0173.<\/p>\n<ul>\n<li>Dizainas: Juodintas metalas su dekoratyviais ra\u0161tais.<\/li>\n<li>Tipas: Saga su kojele (patogiam ir tvirtam prisiuvimui).<\/li>\n<li>Skersmuo: 20 mm.<\/li>\n<li>Paskirtis: Idealiai tinka \u0161varkams, paltams, kardiganams, liemen\u0117ms ar kitiems vir\u0161utiniams drabu\u017eiams dekoruoti.<\/li>\n<li>Stiliaus patarimas: \u0160ios sagos puikiai atrodo ant storo mezginio, vilnos ar tvido, suteikdamos drabu\u017eiui u\u017ebaigt\u0105, rank\u0173 darbo estetikos \u012fsp\u016bd\u012f.<\/li>\n<\/ul>","protected":false},"featured_media":39093,"comment_status":"open","ping_status":"closed","template":"","meta":{"_acf_changed":false},"product_brand":[],"product_cat":[310,528,539],"product_tag":[],"class_list":{"0":"post-39092","1":"product","2":"type-product","3":"status-publish","4":"has-post-thumbnail","6":"product_cat-mezgimo-priemones","7":"product_cat-priemones-tipas","8":"product_cat-sagos","9":"pa_dydis-15-mm","10":"pa_dydis-21-25-mm","12":"first","13":"instock","14":"taxable","15":"shipping-taxable","16":"purchasable","17":"product-type-simple"},"acf":[],"_links":{"self":[{"href":"https:\/\/siulubangos.lt\/lv\/wp-json\/wp\/v2\/product\/39092","targetHints":{"allow":["GET"]}}],"collection":[{"href":"https:\/\/siulubangos.lt\/lv\/wp-json\/wp\/v2\/product"}],"about":[{"href":"https:\/\/siulubangos.lt\/lv\/wp-json\/wp\/v2\/types\/product"}],"replies":[{"embeddable":true,"href":"https:\/\/siulubangos.lt\/lv\/wp-json\/wp\/v2\/comments?post=39092"}],"version-history":[{"count":0,"href":"https:\/\/siulubangos.lt\/lv\/wp-json\/wp\/v2\/product\/39092\/revisions"}],"wp:featuredmedia":[{"embeddable":true,"href":"https:\/\/siulubangos.lt\/lv\/wp-json\/wp\/v2\/media\/39093"}],"wp:attachment":[{"href":"https:\/\/siulubangos.lt\/lv\/wp-json\/wp\/v2\/media?parent=39092"}],"wp:term":[{"taxonomy":"product_brand","embeddable":true,"href":"https:\/\/siulubangos.lt\/lv\/wp-json\/wp\/v2\/product_brand?post=39092"},{"taxonomy":"product_cat","embeddable":true,"href":"https:\/\/siulubangos.lt\/lv\/wp-json\/wp\/v2\/product_cat?post=39092"},{"taxonomy":"product_tag","embeddable":true,"href":"https:\/\/siulubangos.lt\/lv\/wp-json\/wp\/v2\/product_tag?post=39092"}],"curies":[{"name":"wp","href":"https:\/\/api.w.org\/{rel}","templated":true}]}}