{"id":39095,"date":"2026-02-24T11:06:16","date_gmt":"2026-02-24T09:06:16","guid":{"rendered":"https:\/\/siulubangos.lt\/?post_type=product&#038;p=39095"},"modified":"2026-04-14T15:23:42","modified_gmt":"2026-04-14T12:23:42","slug":"grezna-brosa-ar-spidumiem-30-mm","status":"publish","type":"product","link":"https:\/\/siulubangos.lt\/lv\/parduotuve\/prabangi-saga-su-blizguciais-30-mm\/","title":{"rendered":"Luksusa bro\u0161a ar zelta spir\u0101li un sp\u012bdumiem (30 mm)"},"content":{"rendered":"","protected":false},"excerpt":{"rendered":"<p>Atkl\u0101jiet unik\u0101lu est\u0113tiku ar juvelierizstr\u0101d\u0101jumiem l\u012bdz\u012bgaj\u0101m Luxurious kolekcijas pog\u0101m. \u0160ai bro\u0161ai ir unik\u0101ls daudzsl\u0101\u0146ains dizains: zem caursp\u012bd\u012bg\u0101 polim\u0113ra glud\u0101s, sp\u012bd\u012bg\u0101s virsmas sl\u0113pjas prec\u012bzi sav\u012bta zelta spir\u0101le, ko ieskauj smalka zvaigznes veida aprises no zelta un sudraba putek\u013ciem.<\/p>\n<p>T\u0101s dzi\u013cums un sp\u012bdums padara \u0161o pogu par galveno ap\u0123\u0113rba akcentu un pie\u0161\u0137ir greznuma piesk\u0101rienu pat visvienk\u0101r\u0161\u0101kajam matu griezumam.<\/p>\n<ul>\n<li><strong>K\u0101p\u0113c \u0161\u012b s\u0101ga ir \u012bpa\u0161a?<\/strong><br \/>\nDzi\u013cuma efekts: zelta raksts ir pogas iek\u0161pus\u0113, t\u0101p\u0113c tas nekad neizpl\u012bs\u012bs un nezaud\u0113s savu mirdzumu.<\/li>\n<li>Augst\u0101k\u0101 kvalit\u0101te: virsma ir \u013coti m\u012bksta un pat\u012bkama piesk\u0101rienam, ne\u0137eroties pie auduma pavedieniem.<\/li>\n<li>Dizains: melns fons un zelta deta\u013cas - m\u016b\u017e\u012bga klasika sv\u0113tku jak\u0101m vai grezniem m\u0113te\u013ciem.<\/li>\n<\/ul>","protected":false},"featured_media":39097,"comment_status":"open","ping_status":"closed","template":"","meta":{"_acf_changed":false},"product_brand":[],"product_cat":[310,528,539],"product_tag":[],"class_list":{"0":"post-39095","1":"product","2":"type-product","3":"status-publish","4":"has-post-thumbnail","6":"product_cat-mezgimo-priemones","7":"product_cat-priemones-tipas","8":"product_cat-sagos","9":"pa_dydis-15-mm","10":"pa_dydis-21-25-mm","12":"first","13":"instock","14":"taxable","15":"shipping-taxable","16":"purchasable","17":"product-type-simple"},"acf":[],"_links":{"self":[{"href":"https:\/\/siulubangos.lt\/lv\/wp-json\/wp\/v2\/product\/39095","targetHints":{"allow":["GET"]}}],"collection":[{"href":"https:\/\/siulubangos.lt\/lv\/wp-json\/wp\/v2\/product"}],"about":[{"href":"https:\/\/siulubangos.lt\/lv\/wp-json\/wp\/v2\/types\/product"}],"replies":[{"embeddable":true,"href":"https:\/\/siulubangos.lt\/lv\/wp-json\/wp\/v2\/comments?post=39095"}],"version-history":[{"count":0,"href":"https:\/\/siulubangos.lt\/lv\/wp-json\/wp\/v2\/product\/39095\/revisions"}],"wp:featuredmedia":[{"embeddable":true,"href":"https:\/\/siulubangos.lt\/lv\/wp-json\/wp\/v2\/media\/39097"}],"wp:attachment":[{"href":"https:\/\/siulubangos.lt\/lv\/wp-json\/wp\/v2\/media?parent=39095"}],"wp:term":[{"taxonomy":"product_brand","embeddable":true,"href":"https:\/\/siulubangos.lt\/lv\/wp-json\/wp\/v2\/product_brand?post=39095"},{"taxonomy":"product_cat","embeddable":true,"href":"https:\/\/siulubangos.lt\/lv\/wp-json\/wp\/v2\/product_cat?post=39095"},{"taxonomy":"product_tag","embeddable":true,"href":"https:\/\/siulubangos.lt\/lv\/wp-json\/wp\/v2\/product_tag?post=39095"}],"curies":[{"name":"wp","href":"https:\/\/api.w.org\/{rel}","templated":true}]}}