{"id":39530,"date":"2026-03-30T21:17:48","date_gmt":"2026-03-30T18:17:48","guid":{"rendered":"https:\/\/siulubangos.lt\/?post_type=product&#038;p=39530"},"modified":"2026-04-07T21:29:24","modified_gmt":"2026-04-07T18:29:24","slug":"sesanas-vilni-un-sesanas-pilieni-puna","status":"publish","type":"product","link":"https:\/\/siulubangos.lt\/lv\/parduotuve\/siulu-bangos-lt-siulai-drops-puna\/","title":{"rendered":"Drops PUNA  (100 % alpakas vilna)"},"content":{"rendered":"<h2>Drops PUNA (100 % alpakas vilnas) - dabisks alpakas vilnas greznums un t\u012br\u012bba.<\/h2>\n<p><a href=\"https:\/\/siulubangos.lt\/wp-content\/uploads\/2026\/03\/drops-puna-8.jpg\"><img loading=\"lazy\" decoding=\"async\" class=\"alignnone size-full wp-image-39566\" src=\"https:\/\/siulubangos.lt\/wp-content\/uploads\/2026\/03\/drops-puna-8.jpg\" alt=\"\" width=\"458\" height=\"709\" title=\"\" srcset=\"https:\/\/siulubangos.lt\/wp-content\/uploads\/2026\/03\/drops-puna-8.jpg 458w, https:\/\/siulubangos.lt\/wp-content\/uploads\/2026\/03\/drops-puna-8-194x300.jpg 194w, https:\/\/siulubangos.lt\/wp-content\/uploads\/2026\/03\/drops-puna-8-150x232.jpg 150w\" sizes=\"auto, (max-width: 458px) 100vw, 458px\" \/><\/a> <a href=\"https:\/\/siulubangos.lt\/wp-content\/uploads\/2026\/03\/drops-puna-9.jpg\"><img loading=\"lazy\" decoding=\"async\" class=\"alignnone size-full wp-image-39567\" src=\"https:\/\/siulubangos.lt\/wp-content\/uploads\/2026\/03\/drops-puna-9.jpg\" alt=\"\" width=\"458\" height=\"709\" title=\"\" srcset=\"https:\/\/siulubangos.lt\/wp-content\/uploads\/2026\/03\/drops-puna-9.jpg 458w, https:\/\/siulubangos.lt\/wp-content\/uploads\/2026\/03\/drops-puna-9-194x300.jpg 194w, https:\/\/siulubangos.lt\/wp-content\/uploads\/2026\/03\/drops-puna-9-150x232.jpg 150w\" sizes=\"auto, (max-width: 458px) 100vw, 458px\" \/><\/a> <a href=\"https:\/\/siulubangos.lt\/wp-content\/uploads\/2026\/03\/drops-puna-10.jpg\"><img loading=\"lazy\" decoding=\"async\" class=\"alignnone wp-image-39568\" src=\"https:\/\/siulubangos.lt\/wp-content\/uploads\/2026\/03\/drops-puna-10.jpg\" alt=\"\" width=\"459\" height=\"711\" title=\"\" srcset=\"https:\/\/siulubangos.lt\/wp-content\/uploads\/2026\/03\/drops-puna-10.jpg 458w, https:\/\/siulubangos.lt\/wp-content\/uploads\/2026\/03\/drops-puna-10-194x300.jpg 194w, https:\/\/siulubangos.lt\/wp-content\/uploads\/2026\/03\/drops-puna-10-150x232.jpg 150w\" sizes=\"auto, (max-width: 459px) 100vw, 459px\" \/><\/a> \u00a0<a href=\"https:\/\/siulubangos.lt\/wp-content\/uploads\/2026\/03\/drops-puna-12.jpg\"><img loading=\"lazy\" decoding=\"async\" class=\"alignnone wp-image-39570\" src=\"https:\/\/siulubangos.lt\/wp-content\/uploads\/2026\/03\/drops-puna-12.jpg\" alt=\"\" width=\"625\" height=\"712\" title=\"\" srcset=\"https:\/\/siulubangos.lt\/wp-content\/uploads\/2026\/03\/drops-puna-12.jpg 600w, https:\/\/siulubangos.lt\/wp-content\/uploads\/2026\/03\/drops-puna-12-263x300.jpg 263w, https:\/\/siulubangos.lt\/wp-content\/uploads\/2026\/03\/drops-puna-12-150x171.jpg 150w\" sizes=\"auto, (max-width: 625px) 100vw, 625px\" \/><\/a><a href=\"https:\/\/siulubangos.lt\/wp-content\/uploads\/2026\/03\/drops-puna-7.jpg\"><img loading=\"lazy\" decoding=\"async\" class=\"alignnone wp-image-39541\" src=\"https:\/\/siulubangos.lt\/wp-content\/uploads\/2026\/03\/drops-puna-7.jpg\" alt=\"\" width=\"509\" height=\"713\" title=\"\" srcset=\"https:\/\/siulubangos.lt\/wp-content\/uploads\/2026\/03\/drops-puna-7.jpg 1828w, https:\/\/siulubangos.lt\/wp-content\/uploads\/2026\/03\/drops-puna-7-214x300.jpg 214w, https:\/\/siulubangos.lt\/wp-content\/uploads\/2026\/03\/drops-puna-7-571x800.jpg 571w, https:\/\/siulubangos.lt\/wp-content\/uploads\/2026\/03\/drops-puna-7-768x1076.jpg 768w, https:\/\/siulubangos.lt\/wp-content\/uploads\/2026\/03\/drops-puna-7-1097x1536.jpg 1097w, https:\/\/siulubangos.lt\/wp-content\/uploads\/2026\/03\/drops-puna-7-1462x2048.jpg 1462w, https:\/\/siulubangos.lt\/wp-content\/uploads\/2026\/03\/drops-puna-7-600x840.jpg 600w, https:\/\/siulubangos.lt\/wp-content\/uploads\/2026\/03\/drops-puna-7-1200x1681.jpg 1200w, https:\/\/siulubangos.lt\/wp-content\/uploads\/2026\/03\/drops-puna-7-150x210.jpg 150w\" sizes=\"auto, (max-width: 509px) 100vw, 509px\" \/><\/a><\/p>\n<p>&nbsp;<\/p>\n<p>Ja j\u016bs mekl\u0113jat kaut ko \u012bpa\u0161u, kas sasild\u012btu aukst\u0101kaj\u0101 ziemas laik\u0101 un lutin\u0101tu j\u016bsu \u0101du, Drops PUNA ir j\u016bsu izv\u0113le. T\u0101 ir \u010detru pavedienu dzija, kas izgatavota no t\u012bras alpakas vilnas, kura ir \u013coti m\u012bksta un viegla.<\/p>\n<h3>Ar ko Drops PUNA at\u0161\u0137iras?<\/h3>\n<ul>\n<li>Dabiskums bez \u0137imik\u0101lij\u0101m: \u0161ie diegi pirms kr\u0101so\u0161anas nav apstr\u0101d\u0101ti ar \u0137\u012bmisk\u0101m viel\u0101m (tikai mazg\u0101ti). Tas saglab\u0101 vilnas dabisko strukt\u016bru, nodro\u0161ina lab\u0101ku formu un \u013cauj \u0161\u0137iedr\u0101m \u201eelpot\u201c.<\/li>\n<li>\u012apa\u0161s siltums: alpakas vilna ir vair\u0101kas reizes silt\u0101ka par parasto aitas vilnu, ta\u010du taj\u0101 pa\u0161\u0101 laik\u0101 t\u0101 ir viegl\u0101ka un nerada \u201ekoduma\u201c saj\u016btu.<\/li>\n<li>P\u0101rsteidzo\u0161a tekst\u016bra: dzija ir sav\u012bta no 4 pavedieniem, t\u0101p\u0113c ad\u012bt\u0101 auduma virsma izskat\u0101s gluda un raksti (gan pinumi, gan vienk\u0101r\u0161ais ad\u012bjums) ir spilgti un izteiksm\u012bgi.<\/li>\n<li>Oeko-Tex sertifik\u0101ts: t\u0101pat k\u0101 citiem Drops Premium dzijas izstr\u0101d\u0101jumiem, ar\u012b PUNA ir dro\u0161\u012bbas sertifik\u0101ts, kas apliecina, ka t\u0101s ra\u017eo\u0161an\u0101 netiek izmantotas kait\u012bgas vielas.<\/li>\n<\/ul>\n<h3>Rado\u0161as idejas<\/h3>\n<p>Ko ad\u012bt? Drops PUNA ir ide\u0101li piem\u0113rots d\u017eemperu, \u0161alles, cepuru un m\u0101j\u012bgu segu ad\u012b\u0161anai. Pateicoties t\u0101s maigumam, \u0161o dziju bie\u017ei izv\u0113las ap\u0123\u0113rbiem, kas sniedzas l\u012bdz pat kaklam vai plaukst\u0101m - nek\u0101da diskomforta, tikai t\u012brs maigums.<\/p>\n<p>PUNA ir ide\u0101li piem\u0113rota ad\u012b\u0161anai ar \u0161o dziju atsevi\u0161\u0137i vai sajauk\u0161anai ar cit\u0101m \u0161\u0137iedr\u0101m. Radiet p\u016bkainus, vieglus un siltus ap\u0123\u0113rbus, kas priec\u0113s j\u016bs un j\u016bsu tuviniekus gadiem ilgi.<\/p>\n<h3>Padoms<\/h3>\n<p>T\u0101 k\u0101 \u0161\u012b dzija ir 100% alpakas vilna un tai nav poliam\u012bda vai citu sint\u0113tisku piedevu, tai nav aitas vilnas \u201eatmi\u0146as\u201c (elast\u012bbas). T\u0101p\u0113c, adot lielus un smagus izstr\u0101d\u0101jumus, izv\u0113lieties nedaudz bl\u012bv\u0101ku ad\u012bjumu, lai nov\u0113rstu ap\u0123\u0113rba izstiep\u0161anos no t\u0101 svara.<\/p>","protected":false},"excerpt":{"rendered":"<p>Drops PUNA ir grezna, neticami m\u012bksta un viegla dzija no 100% alpakas vilnas. \u0160\u012b dzija pirms kr\u0101so\u0161anas nav \u0137\u012bmiski apstr\u0101d\u0101ta, t\u0101p\u0113c t\u0101 saglab\u0101 vislab\u0101k\u0101s dabisko \u0161\u0137iedru \u012bpa\u0161\u012bbas. Ide\u0101li piem\u0113rota m\u0101j\u012bgiem, siltiem un elpojo\u0161iem ap\u0123\u0113rbiem, kurus v\u0113laties valk\u0101t tie\u0161i uz \u0101das.<\/p>","protected":false},"featured_media":39725,"comment_status":"open","ping_status":"closed","template":"","meta":{"_acf_changed":false},"product_brand":[559],"product_cat":[448,417,428,58,429],"product_tag":[594],"class_list":{"0":"post-39530","1":"product","2":"type-product","3":"status-publish","4":"has-post-thumbnail","6":"product_brand-drops","7":"product_cat-drops-siulai","8":"product_cat-alpakos-siulai","9":"product_cat-gamintojas","10":"product_cat-siulai-mezgimui","11":"product_cat-sudetis","12":"product_tag-drops","13":"pa_pluostas-alpaku-vilna","14":"pa_spalva-01-drops-puna-pieno-balta","15":"pa_spalva-02-drops-baby-merino-naturali-balta","16":"pa_spalva-03-drops-puna-ruda","17":"pa_spalva-05-drops-puna-tamsiai-pilka","18":"pa_spalva-06-drops-puna-pilka","19":"pa_spalva-07-drops-safran-sviesi-pilka","20":"pa_spalva-08-drops-puna-antracitas","21":"pa_spalva-17-drops-puna-nuga","22":"pa_svoris-ilgis-50-g-110-m","24":"first","25":"instock","26":"taxable","27":"shipping-taxable","28":"purchasable","29":"product-type-variable"},"acf":[],"_links":{"self":[{"href":"https:\/\/siulubangos.lt\/lv\/wp-json\/wp\/v2\/product\/39530","targetHints":{"allow":["GET"]}}],"collection":[{"href":"https:\/\/siulubangos.lt\/lv\/wp-json\/wp\/v2\/product"}],"about":[{"href":"https:\/\/siulubangos.lt\/lv\/wp-json\/wp\/v2\/types\/product"}],"replies":[{"embeddable":true,"href":"https:\/\/siulubangos.lt\/lv\/wp-json\/wp\/v2\/comments?post=39530"}],"version-history":[{"count":0,"href":"https:\/\/siulubangos.lt\/lv\/wp-json\/wp\/v2\/product\/39530\/revisions"}],"wp:featuredmedia":[{"embeddable":true,"href":"https:\/\/siulubangos.lt\/lv\/wp-json\/wp\/v2\/media\/39725"}],"wp:attachment":[{"href":"https:\/\/siulubangos.lt\/lv\/wp-json\/wp\/v2\/media?parent=39530"}],"wp:term":[{"taxonomy":"product_brand","embeddable":true,"href":"https:\/\/siulubangos.lt\/lv\/wp-json\/wp\/v2\/product_brand?post=39530"},{"taxonomy":"product_cat","embeddable":true,"href":"https:\/\/siulubangos.lt\/lv\/wp-json\/wp\/v2\/product_cat?post=39530"},{"taxonomy":"product_tag","embeddable":true,"href":"https:\/\/siulubangos.lt\/lv\/wp-json\/wp\/v2\/product_tag?post=39530"}],"curies":[{"name":"wp","href":"https:\/\/api.w.org\/{rel}","templated":true}]}}