{"id":39543,"date":"2026-03-31T19:37:34","date_gmt":"2026-03-31T16:37:34","guid":{"rendered":"https:\/\/siulubangos.lt\/?post_type=product&#038;p=39543"},"modified":"2026-04-14T22:58:55","modified_gmt":"2026-04-14T19:58:55","slug":"drops-air-dzija","status":"publish","type":"product","link":"https:\/\/siulubangos.lt\/lv\/parduotuve\/drops-air-alpaku-vilna-mezgimo-siulai\/","title":{"rendered":"Drops AIR (alpakas vilna)"},"content":{"rendered":"<h2>Drops AIR (65% alpakas vilna, 28% poliam\u012bds, 7% vilna) - vieglums, ko iem\u012bl\u0113si no pirm\u0101 piesk\u0101riena.<\/h2>\n<p><a href=\"https:\/\/siulubangos.lt\/wp-content\/uploads\/2026\/03\/drops-air-6.jpg\"><img loading=\"lazy\" decoding=\"async\" class=\"alignnone wp-image-39551\" src=\"https:\/\/siulubangos.lt\/wp-content\/uploads\/2026\/03\/drops-air-6.jpg\" alt=\"\" width=\"451\" height=\"564\" title=\"\" srcset=\"https:\/\/siulubangos.lt\/wp-content\/uploads\/2026\/03\/drops-air-6.jpg 1500w, https:\/\/siulubangos.lt\/wp-content\/uploads\/2026\/03\/drops-air-6-240x300.jpg 240w, https:\/\/siulubangos.lt\/wp-content\/uploads\/2026\/03\/drops-air-6-640x800.jpg 640w, https:\/\/siulubangos.lt\/wp-content\/uploads\/2026\/03\/drops-air-6-768x960.jpg 768w, https:\/\/siulubangos.lt\/wp-content\/uploads\/2026\/03\/drops-air-6-1229x1536.jpg 1229w, https:\/\/siulubangos.lt\/wp-content\/uploads\/2026\/03\/drops-air-6-600x750.jpg 600w, https:\/\/siulubangos.lt\/wp-content\/uploads\/2026\/03\/drops-air-6-1200x1500.jpg 1200w, https:\/\/siulubangos.lt\/wp-content\/uploads\/2026\/03\/drops-air-6-150x188.jpg 150w\" sizes=\"auto, (max-width: 451px) 100vw, 451px\" \/><\/a> <a href=\"https:\/\/siulubangos.lt\/wp-content\/uploads\/2026\/03\/drops-air-7.jpg\"><img loading=\"lazy\" decoding=\"async\" class=\"alignnone wp-image-39552\" src=\"https:\/\/siulubangos.lt\/wp-content\/uploads\/2026\/03\/drops-air-7.jpg\" alt=\"\" width=\"450\" height=\"563\" title=\"\" srcset=\"https:\/\/siulubangos.lt\/wp-content\/uploads\/2026\/03\/drops-air-7.jpg 1500w, https:\/\/siulubangos.lt\/wp-content\/uploads\/2026\/03\/drops-air-7-240x300.jpg 240w, https:\/\/siulubangos.lt\/wp-content\/uploads\/2026\/03\/drops-air-7-640x800.jpg 640w, https:\/\/siulubangos.lt\/wp-content\/uploads\/2026\/03\/drops-air-7-768x960.jpg 768w, https:\/\/siulubangos.lt\/wp-content\/uploads\/2026\/03\/drops-air-7-1229x1536.jpg 1229w, https:\/\/siulubangos.lt\/wp-content\/uploads\/2026\/03\/drops-air-7-600x750.jpg 600w, https:\/\/siulubangos.lt\/wp-content\/uploads\/2026\/03\/drops-air-7-1200x1500.jpg 1200w, https:\/\/siulubangos.lt\/wp-content\/uploads\/2026\/03\/drops-air-7-150x188.jpg 150w\" sizes=\"auto, (max-width: 450px) 100vw, 450px\" \/><\/a> <a href=\"https:\/\/siulubangos.lt\/wp-content\/uploads\/2026\/03\/drops-air-8.jpg\"><img loading=\"lazy\" decoding=\"async\" class=\"alignnone wp-image-39553\" src=\"https:\/\/siulubangos.lt\/wp-content\/uploads\/2026\/03\/drops-air-8.jpg\" alt=\"\" width=\"460\" height=\"575\" title=\"\" srcset=\"https:\/\/siulubangos.lt\/wp-content\/uploads\/2026\/03\/drops-air-8.jpg 1500w, https:\/\/siulubangos.lt\/wp-content\/uploads\/2026\/03\/drops-air-8-240x300.jpg 240w, https:\/\/siulubangos.lt\/wp-content\/uploads\/2026\/03\/drops-air-8-640x800.jpg 640w, https:\/\/siulubangos.lt\/wp-content\/uploads\/2026\/03\/drops-air-8-768x960.jpg 768w, https:\/\/siulubangos.lt\/wp-content\/uploads\/2026\/03\/drops-air-8-1229x1536.jpg 1229w, https:\/\/siulubangos.lt\/wp-content\/uploads\/2026\/03\/drops-air-8-600x750.jpg 600w, https:\/\/siulubangos.lt\/wp-content\/uploads\/2026\/03\/drops-air-8-1200x1500.jpg 1200w, https:\/\/siulubangos.lt\/wp-content\/uploads\/2026\/03\/drops-air-8-150x188.jpg 150w\" sizes=\"auto, (max-width: 460px) 100vw, 460px\" \/><\/a> <a href=\"https:\/\/siulubangos.lt\/wp-content\/uploads\/2026\/03\/drops-air-9.jpg\"><img loading=\"lazy\" decoding=\"async\" class=\"alignnone wp-image-39554\" src=\"https:\/\/siulubangos.lt\/wp-content\/uploads\/2026\/03\/drops-air-9.jpg\" alt=\"\" width=\"460\" height=\"575\" title=\"\" srcset=\"https:\/\/siulubangos.lt\/wp-content\/uploads\/2026\/03\/drops-air-9.jpg 1500w, https:\/\/siulubangos.lt\/wp-content\/uploads\/2026\/03\/drops-air-9-240x300.jpg 240w, https:\/\/siulubangos.lt\/wp-content\/uploads\/2026\/03\/drops-air-9-640x800.jpg 640w, https:\/\/siulubangos.lt\/wp-content\/uploads\/2026\/03\/drops-air-9-768x960.jpg 768w, https:\/\/siulubangos.lt\/wp-content\/uploads\/2026\/03\/drops-air-9-1229x1536.jpg 1229w, https:\/\/siulubangos.lt\/wp-content\/uploads\/2026\/03\/drops-air-9-600x750.jpg 600w, https:\/\/siulubangos.lt\/wp-content\/uploads\/2026\/03\/drops-air-9-1200x1500.jpg 1200w, https:\/\/siulubangos.lt\/wp-content\/uploads\/2026\/03\/drops-air-9-150x188.jpg 150w\" sizes=\"auto, (max-width: 460px) 100vw, 460px\" \/> <\/a><a href=\"https:\/\/siulubangos.lt\/wp-content\/uploads\/2026\/03\/ai-518.jpg\"><img loading=\"lazy\" decoding=\"async\" class=\"alignnone wp-image-40081\" src=\"https:\/\/siulubangos.lt\/wp-content\/uploads\/2026\/03\/ai-518.jpg\" alt=\"\" width=\"444\" height=\"555\" title=\"\" srcset=\"https:\/\/siulubangos.lt\/wp-content\/uploads\/2026\/03\/ai-518.jpg 1500w, https:\/\/siulubangos.lt\/wp-content\/uploads\/2026\/03\/ai-518-240x300.jpg 240w, https:\/\/siulubangos.lt\/wp-content\/uploads\/2026\/03\/ai-518-640x800.jpg 640w, https:\/\/siulubangos.lt\/wp-content\/uploads\/2026\/03\/ai-518-768x960.jpg 768w, https:\/\/siulubangos.lt\/wp-content\/uploads\/2026\/03\/ai-518-1229x1536.jpg 1229w, https:\/\/siulubangos.lt\/wp-content\/uploads\/2026\/03\/ai-518-600x750.jpg 600w, https:\/\/siulubangos.lt\/wp-content\/uploads\/2026\/03\/ai-518-1200x1500.jpg 1200w, https:\/\/siulubangos.lt\/wp-content\/uploads\/2026\/03\/ai-518-150x188.jpg 150w\" sizes=\"auto, (max-width: 444px) 100vw, 444px\" \/><\/a><\/p>\n<p>Ja mekl\u0113jat p\u016bkainu, siltu un \u0101du nekaitino\u0161u dziju, Drops AIR ir j\u016bsu sap\u0146u piepild\u012bjums. Nosaukums \u201dAir\u201d lieliski raksturo \u0161o dziju - t\u0101 ir par 30-35% viegl\u0101ka nek\u0101 parast\u0101s t\u0101da pa\u0161a svara dzijas.<\/p>\n<h3>Ar ko Drops AIR ir tik \u012bpa\u0161s?<\/h3>\n<ul>\n<li>Inovat\u012bva \u201dBlown Yarn\u201d tehnolo\u0123ija: t\u0101 viet\u0101, lai \u0161\u0137iedras sav\u012btu, ra\u017eot\u0101ji \u012bpa\u0161\u0101 veid\u0101 \u201diep\u016b\u0161\" alpakas un merino vilnu pl\u0101n\u0101 poliam\u012bda caurul\u0113. Tas \u013cauj saglab\u0101t dzijas apjomu un p\u016bkain\u012bbu, bet samazina svaru.<\/li>\n<li>65% alpakas vilnas, merino vilnas un poliam\u012bda kombin\u0101cija garant\u0113 greznu siltumu un maigumu, k\u0101 ar\u012b nepiecie\u0161amo formas stabilit\u0101ti un elast\u012bbu, kas piem\u0113rota pat visjut\u012bg\u0101kajiem.<\/li>\n<li>Univers\u0101ls biezums: lai gan dzija izskat\u0101s bieza un p\u016bkaina, t\u0101 ir ad\u012bta ar vid\u0113ja izm\u0113ra kabe\u013ciem (5 mm), kas padara to \u0101tri apstr\u0101d\u0101jamu un pie\u0161\u0137ir \u013coti modernu izskatu.<\/li>\n<li>Ad\u012bjuma tekst\u016bra: gaiss rada gludu, nedaudz p\u016bkainu virsmu, kas lieliski izskat\u0101s gan ar gludu ad\u012bjumu, gan ar kupliem pinumiem vai fakt\u016bras rakstiem.<\/li>\n<\/ul>\n<h3>Ko ad\u012bt vai tambor\u0113t?<\/h3>\n<p>T\u0101 ir ide\u0101la izv\u0113le lielizm\u0113ra d\u017eemperiem, omul\u012bgiem kardiganiem, p\u016bkain\u0101m \u0161all\u0113m un cepur\u0113m. T\u0101 k\u0101 dzija ir \u013coti m\u012bksta, to var valk\u0101t tie\u0161i uz \u0137erme\u0146a.<\/p>\n<h3>Kop\u0161ana<\/h3>\n<p>Mazg\u0101t tikai ar rok\u0101m (ne vair\u0101k k\u0101 30 gr\u0101dos) un \u017e\u0101v\u0113t l\u012bdzeni. Piem\u0113rots caurdur\u0161anai.<\/p>\n<h3><strong>Svar\u012bgi!<\/strong><\/h3>\n<p>Izejvielas: alpaka un vilna no Dienvidamerikas, poliam\u012bds no V\u0101cijas.<\/p>\n<p>\u0160\u012b dzija ir Oeko-Tex\u00ae sertific\u0113ta (sertifik\u0101ta numurs 22.HPE.07484), kas atbilst 100. standarta pras\u012bb\u0101m un ir Hohen\u0161teina instit\u016bta I klases. Tas noz\u012bm\u0113, ka izstr\u0101d\u0101jums ir p\u0101rbaud\u012bts, lai noteiktu, vai taj\u0101 nav kait\u012bgu vielu, un tas tiek uzskat\u012bts par dro\u0161u no cilv\u0113ka ekolo\u0123isk\u0101 viedok\u013ca. I klase ir augst\u0101kais l\u012bmenis, kas apliecina, ka dzija ir piem\u0113rota z\u012bdai\u0146u (0-3 gadi) izstr\u0101d\u0101jumiem.<\/p>","protected":false},"excerpt":{"rendered":"<p>Drops AIR ir revolucion\u0101ra \u201dp\u016bsta\u201d dzija, kas izgatavota no m\u012bkstas alpakas vilnas un siltas merino vilnas. Viegla k\u0101 m\u0101konis un piln\u012bgi \u201dbez kodumiem\u201d, \u0161\u012b dzija ir paredz\u0113ta tiem, kas nov\u0113rt\u0113 maksim\u0101lu komfortu bez smaguma saj\u016btas. Ide\u0101li piem\u0113rota stil\u012bgiem d\u017eemperiem, \u0161all\u0113m un aksesu\u0101riem, kas sild\u012bs pat aukst\u0101kaj\u0101 ziem\u0101, bet b\u016bs viegli k\u0101 p\u016bkas.<\/p>\n<p><strong>!!!L\u016bdzu, \u0146emiet v\u0113r\u0101, ka kr\u0101sas var at\u0161\u0137irties atkar\u012bb\u0101 no ekr\u0101na, t\u0101pat k\u0101 to\u0146i var nedaudz at\u0161\u0137irties atkar\u012bb\u0101 no kr\u0101sas partijas.<\/strong><\/p>","protected":false},"featured_media":39845,"comment_status":"open","ping_status":"closed","template":"","meta":{"_acf_changed":false},"product_brand":[559],"product_cat":[448,417,428,453,58,429,445],"product_tag":[594],"class_list":{"0":"post-39543","1":"product","2":"type-product","3":"status-publish","4":"has-post-thumbnail","6":"product_brand-drops","7":"product_cat-drops-siulai","8":"product_cat-alpakos-siulai","9":"product_cat-gamintojas","10":"product_cat-nuolaidos","11":"product_cat-siulai-mezgimui","12":"product_cat-sudetis","13":"product_cat-vilnos-siulai","14":"product_tag-drops","15":"pa_pluostas-alpaku-vilna","16":"pa_spalva-drops-air-01-naturali-balta","17":"pa_spalva-drops-air-03-perlo-pilka","18":"pa_spalva-drops-air-04-pilka","19":"pa_spalva-drops-air-05-ruda","20":"pa_spalva-drops-air-06-antracitas","21":"pa_spalva-drops-air-08-sviesi-rozine","22":"pa_spalva-drops-air-09-juros-melyna","23":"pa_spalva-drops-air-10-ruko","24":"pa_spalva-drops-air-14-virziu","25":"pa_spalva-drops-air-18-rytinis-rukas","26":"pa_spalva-drops-air-26-smelio","27":"pa_spalva-drops-air-31-juoda","28":"pa_spalva-drops-air-33-rausvas-smelis","29":"pa_spalva-drops-air-34-rausvas-marmuras","30":"pa_spalva-drops-air-35-molio","31":"pa_spalva-drops-air-36-melsva","32":"pa_spalva-drops-air-37-melynuju-pauksciu","33":"pa_spalva-drops-air-38-ryski-oranzine","34":"pa_spalva-drops-air-40-limonadas","35":"pa_spalva-drops-air-41-orchideju","36":"pa_spalva-drops-air-42-pistaciju-ledai","37":"pa_spalva-drops-air-43-zaliuju-papugu-2","38":"pa_spalva-drops-air-46-tamsi-alyvuogiu","39":"pa_spalva-drops-air-47-alyvuogiu","40":"pa_spalva-drops-air-48-sendinta-zalia","41":"pa_spalva-drops-air-49-giliu","42":"pa_spalva-drops-air-53-braskiniai-ledai","43":"pa_spalva-drops-air-56-pipirmeciu","44":"pa_spalva-drops-air-58-tamsi-vynuogiu","45":"pa_spalva-drops-air-59-rubino","46":"pa_spalva-drops-air-60-ryski-alyvuogiu","47":"pa_spalva-61-drops-kid-silk-ryski-raudona","48":"pa_spalva-drops-air-62-tamsiai-melyna","49":"pa_spalva-drops-air-65-sviesi-geltona","50":"pa_svoris-ilgis-50-g-150-m","52":"first","53":"instock","54":"sale","55":"taxable","56":"shipping-taxable","57":"purchasable","58":"product-type-variable"},"acf":[],"_links":{"self":[{"href":"https:\/\/siulubangos.lt\/lv\/wp-json\/wp\/v2\/product\/39543","targetHints":{"allow":["GET"]}}],"collection":[{"href":"https:\/\/siulubangos.lt\/lv\/wp-json\/wp\/v2\/product"}],"about":[{"href":"https:\/\/siulubangos.lt\/lv\/wp-json\/wp\/v2\/types\/product"}],"replies":[{"embeddable":true,"href":"https:\/\/siulubangos.lt\/lv\/wp-json\/wp\/v2\/comments?post=39543"}],"version-history":[{"count":0,"href":"https:\/\/siulubangos.lt\/lv\/wp-json\/wp\/v2\/product\/39543\/revisions"}],"wp:featuredmedia":[{"embeddable":true,"href":"https:\/\/siulubangos.lt\/lv\/wp-json\/wp\/v2\/media\/39845"}],"wp:attachment":[{"href":"https:\/\/siulubangos.lt\/lv\/wp-json\/wp\/v2\/media?parent=39543"}],"wp:term":[{"taxonomy":"product_brand","embeddable":true,"href":"https:\/\/siulubangos.lt\/lv\/wp-json\/wp\/v2\/product_brand?post=39543"},{"taxonomy":"product_cat","embeddable":true,"href":"https:\/\/siulubangos.lt\/lv\/wp-json\/wp\/v2\/product_cat?post=39543"},{"taxonomy":"product_tag","embeddable":true,"href":"https:\/\/siulubangos.lt\/lv\/wp-json\/wp\/v2\/product_tag?post=39543"}],"curies":[{"name":"wp","href":"https:\/\/api.w.org\/{rel}","templated":true}]}}