{"id":39572,"date":"2026-04-01T00:42:13","date_gmt":"2026-03-31T21:42:13","guid":{"rendered":"https:\/\/siulubangos.lt\/?post_type=product&#038;p=39572"},"modified":"2026-04-13T21:39:29","modified_gmt":"2026-04-13T18:39:29","slug":"pilieni-alaska-100-vilna","status":"publish","type":"product","link":"https:\/\/siulubangos.lt\/lv\/parduotuve\/drops-alaska-100-vilna\/","title":{"rendered":"Drops ALASKA (100% vilna)"},"content":{"rendered":"<h2>Drops ALASKA (100% vilna) - Klasiska vilna, p\u0101rbaud\u012bta laika gait\u0101<\/h2>\n<p>Mekl\u0113jat dziju, kas ir tikpat uzticama k\u0101 j\u016bsu m\u012b\u013c\u0101kais ziemas d\u017eemperis? Drops ALASKA tiek ra\u017eota jau vair\u0101kus gadu desmitus un joproj\u0101m ir viena no popul\u0101r\u0101kaj\u0101m izv\u0113l\u0113m t\u0101s kvalit\u0101tes un daudzpus\u012bbas d\u0113\u013c. \u0160\u012b 100% vilna ir dom\u0101ta tiem, kas nov\u0113rt\u0113 dabisk\u0101s \u0161\u0137iedras un tradicion\u0101lo ad\u012b\u0161anas saj\u016btu.<\/p>\n<h3>K\u0101p\u0113c izv\u0113l\u0113ties DROPS Alaska?<\/h3>\n<ul>\n<li>Neapstr\u0101d\u0101ta vilna: \u0161\u012b vilna pirms kr\u0101so\u0161anas nav apstr\u0101d\u0101ta ar \u0137\u012bmisk\u0101m viel\u0101m. Tas noz\u012bm\u0113, ka t\u0101 saglab\u0101 visas lab\u0101k\u0101s aitas vilnas \u012bpa\u0161\u012bbas: lielisku termoregul\u0101ciju, izm\u0113ru stabilit\u0101ti un dabisko iztur\u012bbu pret mitrumu.<\/li>\n<li>Tr\u012bsk\u0101r\u0161a vijums: dzija ir v\u012bta no trim pavedieniem, t\u0101p\u0113c t\u0101 ir \u013coti iztur\u012bga un nodilumiztur\u012bga. \u0160\u012b ir viena no t\u0101m dzij\u0101m, kas ad\u012btos d\u017eemperos kalpos gadu desmitiem.<\/li>\n<li>Izteiksm\u012bgi raksti: pateicoties t\u0101s biezumam un konstrukcijai, Alaska ir ide\u0101li piem\u0113rota pinumu, kolonnu un reljefu rakstu izcel\u0161anai. Ad\u012b\u0161anas process ir \u0101trs, un rezult\u0101ts izskat\u0101s iztur\u012bgs.<\/li>\n<li>Ide\u0101li piem\u0113rots mazg\u0101\u0161anai: t\u0101 k\u0101 vilna nav apstr\u0101d\u0101ta ar Superwash, \u0161\u012b dzija ir ide\u0101li piem\u0113rota mazg\u0101\u0161anai ve\u013casma\u0161\u012bn\u0101. J\u016bs varat izgatavot p\u0101rn\u0113s\u0101jamas \u010d\u012bbas, iztur\u012bgas somas vai siltus cimdus.<\/li>\n<\/ul>\n<h3>Rado\u0161as idejas<\/h3>\n<p>T\u0101 ir lab\u0101k\u0101 izv\u0113le v\u012brie\u0161u d\u017eemperiem, bieziem br\u012bvdabas kardiganiem, silt\u0101m cepur\u0113m un cimdiem. Ja v\u0113laties \u201d\u012bstu\u201d, smagu un \u013coti siltu d\u017eemperi, izv\u0113lieties Drops ALASKA.<\/p>\n<h3>Padoms<\/h3>\n<p>T\u0101 k\u0101 A\u013caska ir 100% neapstr\u0101d\u0101ta vilna, t\u0101 var b\u016bt nedaudz jut\u012bg\u0101ka cilv\u0113kiem ar jut\u012bg\u0101ku \u0101du.<\/p>\n<p>Da\u017eiem tas var b\u016bt priek\u0161roc\u012bba: t\u0101 ir dzija, kas uzlabo asinsriti un nodro\u0161ina patiesu sausu siltumu, padarot to neaizst\u0101jamu mak\u0161\u0137erniekiem, medniekiem vai garu pastaigu dab\u0101 cien\u012bt\u0101jiem.<\/p>\n<ul>\n<li style=\"list-style-type: none;\"><\/li>\n<\/ul>\n<div id=\"gtx-trans\" style=\"position: absolute; left: 133px; top: 642.094px;\">\n<div class=\"gtx-trans-icon\"><\/div>\n<\/div>","protected":false},"excerpt":{"rendered":"<p>Drops ALASKA ir klasiska 100% vilnas dzija, kas tiek augstu nov\u0113rt\u0113ta t\u0101s iztur\u012bbas un dabisk\u0101s siltuma d\u0113\u013c. Tr\u012bsk\u0101r\u0161\u0101 vijuma dzija nodro\u0161ina trikot\u0101\u017eas iztur\u012bbu un skaidru strukt\u016bru. T\u0101 ir ide\u0101la izv\u0113le tiem, kas mekl\u0113 uzticamu dziju bieziem \u0101ra d\u017eemperiem, cepur\u0113m vai filc\u0113\u0161anas projektiem. Klasika, kas nekad neiziet no modes.<\/p>\n<p><strong>!!!L\u016bdzu, \u0146emiet v\u0113r\u0101, ka kr\u0101sas var at\u0161\u0137irties atkar\u012bb\u0101 no ekr\u0101na, t\u0101pat k\u0101 to\u0146i var nedaudz at\u0161\u0137irties atkar\u012bb\u0101 no kr\u0101sas partijas. \u00a0<\/strong><\/p>","protected":false},"featured_media":39578,"comment_status":"open","ping_status":"closed","template":"","meta":{"_acf_changed":false},"product_brand":[559],"product_cat":[58,448,428,489,495,488,445],"product_tag":[594],"class_list":{"0":"post-39572","1":"product","2":"type-product","3":"status-publish","4":"has-post-thumbnail","6":"product_brand-drops","7":"product_cat-siulai-mezgimui","8":"product_cat-drops-siulai","9":"product_cat-gamintojas","10":"product_cat-kojiniu-siulai","11":"product_cat-siulai-velimui","12":"product_cat-stori-siulai","13":"product_cat-vilnos-siulai","14":"product_tag-drops","15":"pa_spalva-drops-alaska-02-naturali-balta","16":"pa_spalva-drops-alaska-03-sviesiai-pilka","17":"pa_spalva-drops-alaska-04-pilka","18":"pa_spalva-drops-alaska-05-tamsiai-pilka","19":"pa_spalva-drops-alaska-06-juoda","20":"pa_spalva-drops-alaska-11-tamsiai-raudona","21":"pa_spalva-drops-alaska-12-tamsiai-melyna","22":"pa_spalva-drops-alaska-45-sviesi-alyvuogiu","23":"pa_spalva-drops-alaska-49-pelenu-ruda","24":"pa_spalva-drops-alaska-51-samanu-zalia","25":"pa_spalva-drops-alaska-58-garstyciu","26":"pa_spalva-drops-alaska-61-kvieciu","27":"pa_spalva-drops-alaska-62-ruko","28":"pa_spalva-drops-alaska-63-perlo-pilka","29":"pa_spalva-drops-alaska-68-zemes-riesutu","30":"pa_spalva-drops-alaska-69-kalkiu","31":"pa_spalva-drops-alaska-70-sokoladine","32":"pa_spalva-drops-alaska-71-cinamono","33":"pa_spalva-drops-alaska-72-povo-melynumo","34":"pa_spalva-drops-alaska-73-smelio","35":"pa_spalva-drops-alaska-74-tamsi-gebene","36":"pa_spalva-drops-alaska-75-salaviju-zalia","37":"pa_spalva-drops-alaska-76-migdolu","38":"pa_spalva-drops-alaska-77-kastonu","39":"pa_spalva-drops-alaska-78-tamsi-vynuogiu","40":"pa_spalva-drops-alaska-79-sviesi-rozine","41":"pa_svoris-ilgis-50-g-70-m","43":"first","44":"instock","45":"sale","46":"taxable","47":"shipping-taxable","48":"purchasable","49":"product-type-variable"},"acf":[],"_links":{"self":[{"href":"https:\/\/siulubangos.lt\/lv\/wp-json\/wp\/v2\/product\/39572","targetHints":{"allow":["GET"]}}],"collection":[{"href":"https:\/\/siulubangos.lt\/lv\/wp-json\/wp\/v2\/product"}],"about":[{"href":"https:\/\/siulubangos.lt\/lv\/wp-json\/wp\/v2\/types\/product"}],"replies":[{"embeddable":true,"href":"https:\/\/siulubangos.lt\/lv\/wp-json\/wp\/v2\/comments?post=39572"}],"version-history":[{"count":0,"href":"https:\/\/siulubangos.lt\/lv\/wp-json\/wp\/v2\/product\/39572\/revisions"}],"wp:featuredmedia":[{"embeddable":true,"href":"https:\/\/siulubangos.lt\/lv\/wp-json\/wp\/v2\/media\/39578"}],"wp:attachment":[{"href":"https:\/\/siulubangos.lt\/lv\/wp-json\/wp\/v2\/media?parent=39572"}],"wp:term":[{"taxonomy":"product_brand","embeddable":true,"href":"https:\/\/siulubangos.lt\/lv\/wp-json\/wp\/v2\/product_brand?post=39572"},{"taxonomy":"product_cat","embeddable":true,"href":"https:\/\/siulubangos.lt\/lv\/wp-json\/wp\/v2\/product_cat?post=39572"},{"taxonomy":"product_tag","embeddable":true,"href":"https:\/\/siulubangos.lt\/lv\/wp-json\/wp\/v2\/product_tag?post=39572"}],"curies":[{"name":"wp","href":"https:\/\/api.w.org\/{rel}","templated":true}]}}