{"id":39930,"date":"2026-03-31T22:09:32","date_gmt":"2026-03-31T19:09:32","guid":{"rendered":"https:\/\/siulubangos.lt\/?post_type=product&#038;p=39930"},"modified":"2026-04-06T22:54:42","modified_gmt":"2026-04-06T19:54:42","slug":"pilieni-andes-vilnas-alpakas-vilna","status":"publish","type":"product","link":"https:\/\/siulubangos.lt\/lv\/parduotuve\/drops-andes-vilna-alpaku-vilna\/","title":{"rendered":"Drops ANDES (vilna, alpakas vilna)"},"content":{"rendered":"<h1>\u00a0Pilieni ANDES - zieme\u013cnieciska grezn\u012bba un maksim\u0101ls m\u0101j\u012bgums<\/h1>\n<p><a href=\"https:\/\/siulubangos.lt\/wp-content\/uploads\/2026\/03\/66a8e3de4cb18.jpg\"><img loading=\"lazy\" decoding=\"async\" class=\"alignnone wp-image-39957\" src=\"https:\/\/siulubangos.lt\/wp-content\/uploads\/2026\/03\/66a8e3de4cb18.jpg\" alt=\"\" width=\"460\" height=\"690\" title=\"\" srcset=\"https:\/\/siulubangos.lt\/wp-content\/uploads\/2026\/03\/66a8e3de4cb18.jpg 667w, https:\/\/siulubangos.lt\/wp-content\/uploads\/2026\/03\/66a8e3de4cb18-200x300.jpg 200w, https:\/\/siulubangos.lt\/wp-content\/uploads\/2026\/03\/66a8e3de4cb18-534x800.jpg 534w, https:\/\/siulubangos.lt\/wp-content\/uploads\/2026\/03\/66a8e3de4cb18-600x900.jpg 600w, https:\/\/siulubangos.lt\/wp-content\/uploads\/2026\/03\/66a8e3de4cb18-150x225.jpg 150w\" sizes=\"auto, (max-width: 460px) 100vw, 460px\" \/><\/a><a href=\"https:\/\/siulubangos.lt\/wp-content\/uploads\/2026\/03\/Drops-ANDES-5-600x929-1.webp\"><img loading=\"lazy\" decoding=\"async\" class=\"alignnone wp-image-39958\" src=\"https:\/\/siulubangos.lt\/wp-content\/uploads\/2026\/03\/Drops-ANDES-5-600x929-1.webp\" alt=\"\" width=\"445\" height=\"689\" title=\"\" srcset=\"https:\/\/siulubangos.lt\/wp-content\/uploads\/2026\/03\/Drops-ANDES-5-600x929-1.webp 600w, https:\/\/siulubangos.lt\/wp-content\/uploads\/2026\/03\/Drops-ANDES-5-600x929-1-194x300.webp 194w, https:\/\/siulubangos.lt\/wp-content\/uploads\/2026\/03\/Drops-ANDES-5-600x929-1-517x800.webp 517w, https:\/\/siulubangos.lt\/wp-content\/uploads\/2026\/03\/Drops-ANDES-5-600x929-1-150x232.webp 150w\" sizes=\"auto, (max-width: 445px) 100vw, 445px\" \/><\/a><a href=\"https:\/\/siulubangos.lt\/wp-content\/uploads\/2026\/03\/28-2.jpg\"><img loading=\"lazy\" decoding=\"async\" class=\"alignnone wp-image-39960\" src=\"https:\/\/siulubangos.lt\/wp-content\/uploads\/2026\/03\/28-2.jpg\" alt=\"\" width=\"445\" height=\"688\" title=\"\" srcset=\"https:\/\/siulubangos.lt\/wp-content\/uploads\/2026\/03\/28-2.jpg 458w, https:\/\/siulubangos.lt\/wp-content\/uploads\/2026\/03\/28-2-194x300.jpg 194w, https:\/\/siulubangos.lt\/wp-content\/uploads\/2026\/03\/28-2-150x232.jpg 150w\" sizes=\"auto, (max-width: 445px) 100vw, 445px\" \/><\/a><\/p>\n<p>Drops ANDES ir viena no iecien\u012bt\u0101kaj\u0101m ad\u012bt\u0101ju izv\u0113l\u0113m, kuras nov\u0113rt\u0113 dab\u012bgumu, kvalit\u0101ti un \u0101tru rezult\u0101tu. T\u0101 ir \u012bpa\u0161i bieza, dubult\u0101 pavediena dzija, kas v\u0113rpta no klasiskas 65% Aug\u0161zemju aitas vilnas un 35% \u012bpa\u0161i smalkas alpakas vilnas kombin\u0101cijas.<\/p>\n<p>Sast\u0101vs nav nejau\u0161s - alpakas vilna nodro\u0161ina z\u012bdainu maigumu un greznu saj\u016btu pret \u0137ermeni, savuk\u0101rt aitas vilna nodro\u0161ina ad\u012bjuma stabilit\u0101ti, formas notur\u012bbu un iztur\u012bbu.<\/p>\n<h3>Izcilas funkcijas<\/h3>\n<ul>\n<li>Dabisk\u0101 t\u012br\u012bba: dzijas \u0161\u0137iedra pirms kr\u0101so\u0161anas netiek \u0137\u012bmiski apstr\u0101d\u0101ta. Tas noz\u012bm\u0113, ka vilna saglab\u0101 savas lab\u0101k\u0101s dabisk\u0101s \u012bpa\u0161\u012bbas, lab\u0101k elpo un tai ir lieliska tekst\u016bra.<\/li>\n<li>Stils \u012bs\u0101 laik\u0101: \u0160\u012b dzija, kas ietilpst Super Bulky (E grupa) kategorij\u0101, \u013cauj redz\u0113t progresu acumirkl\u012b. Tas ir ide\u0101li piem\u0113rots tiem, kam nepat\u012bk pie viena projekta pavad\u012bt m\u0113ne\u0161iem - cepuri vai \u0161alli var uzad\u012bt vien\u0101 vakar\u0101.<\/li>\n<li>Spilgta tekst\u016bra: divu pavedienu savijums rada skaidru, reljefu att\u0113lu. Neatkar\u012bgi no t\u0101, vai j\u016bs ad\u0101t ar vienk\u0101r\u0161iem perfektiem d\u016brieniem vai sare\u017e\u0123\u012btiem pinumiem, katrs d\u016briens izskat\u012bsies izteiksm\u012bgs un gl\u012bts.<\/li>\n<li>Siltuma garantija: pateicoties biezumam un alpakas piedevai, Drops ANDES ir viena no silt\u0101kaj\u0101m dzij\u0101m kl\u0101st\u0101, kas ide\u0101li piem\u0113rota barg\u0101m ziem\u0101m.<\/li>\n<\/ul>\n<h3>\u00a0Ko m\u0113s iesak\u0101m ad\u012bt?<\/h3>\n<p>\u0160o dziju biezuma un krituma d\u0113\u013c t\u0101s vislab\u0101k izskat\u0101s \u0161\u0101dos projektos:<\/p>\n<ul>\n<li>Kupli aksesu\u0101ri: kupli \u0161all\u012b\u0161i, biezas cepures ar pu\u0161\u0137iem vai m\u0101j\u012bgi cimdi.<\/li>\n<li>M\u016bsdien\u012bgi ap\u0123\u0113rbi: popul\u0101ri lielizm\u0113ra d\u017eemperi, kuplas vestes vai gari kardig\u0101ni, kas var aizst\u0101t m\u0113teli rudens s\u0101kum\u0101.<\/li>\n<li>M\u0101jas m\u0101j\u012bgums: \u012bpa\u0161i silti metieni vai spilveni.<\/li>\n<li>Filc\u0113\u0161ana: pilieni ANDES ir ide\u0101li piem\u0113roti filc\u0113\u0161anai. J\u016bs varat izveidot \u013coti iztur\u012bgas \u010d\u012bbas vai grozus.<\/li>\n<\/ul>\n<h3>\u00a0Noder\u012bgi padomi<\/h3>\n<ul>\n<li>Spol\u012btes izv\u0113le: lai gan ra\u017eot\u0101js iesaka 9 mm spol\u012btes, br\u012bv\u0101kas ad\u012bt\u0101jas var izv\u0113l\u0113ties 7-8 mm spol\u012btes, lai ad\u012bjums b\u016btu bl\u012bv\u0101ks un lab\u0101k pasarg\u0101tu no v\u0113ja.<\/li>\n<li>Kop\u0161ana: T\u0101 k\u0101 tas ir dab\u012bgs, \u0137\u012bmiski neapstr\u0101d\u0101ts \u0161\u0137iedras materi\u0101ls, ieteicams mazg\u0101t ar rok\u0101m tikai v\u0113s\u0101 \u016bden\u012b (l\u012bdz 30\u00b0C), izmantojot vilnas mazg\u0101\u0161anas l\u012bdzekli. \u017d\u0101v\u0113t horizont\u0101li uz l\u012bdzenas puses, lai nov\u0113rstu izstiep\u0161anos.<\/li>\n<\/ul>\n<p>Drops ANDES ir ieguld\u012bjums kvalit\u0101t\u0113, ko sajut\u012bsiet ar katru piesk\u0101rienu. \u013baujiet sev izbaud\u012bt procesu un rezult\u0101tu! P\u0101rbaud\u012bts pa\u0161u \ud83d\ude42<\/p>\n<div id=\"gtx-trans\" style=\"position: absolute; left: 334px; top: 1032.48px;\">\n<div class=\"gtx-trans-icon\"><\/div>\n<\/div>","protected":false},"excerpt":{"rendered":"<p>Drops ANDES ir bieza un \u013coti silta divu pavedienu dzija, kas paredz\u0113ta tiem, kuri mekl\u0113 kvalit\u0101ti un \u0101tru rezult\u0101tu. Tradicion\u0101l\u0101 65% aitas vilnas un 35% supersmalk\u0101s alpakas kombin\u0101cija nodro\u0161ina izcilu m\u012bkstumu un formas stabilit\u0101ti. \u0160\u012b dzija ir ide\u0101li piem\u0113rota stil\u012bgiem d\u017eemperiem, kupliem \u0161all\u0113m un cepur\u0113m, kas nodro\u0161in\u0101s m\u0101j\u012bgumu pat aukst\u0101kaj\u0101 ziem\u0101.<\/p>\n<p><strong>!!!L\u016bdzu, \u0146emiet v\u0113r\u0101, ka kr\u0101sas var at\u0161\u0137irties atkar\u012bb\u0101 no ekr\u0101na, t\u0101pat k\u0101 to\u0146i var nedaudz at\u0161\u0137irties atkar\u012bb\u0101 no kr\u0101sas partijas. \u00a0<\/strong><\/p>","protected":false},"featured_media":39953,"comment_status":"open","ping_status":"closed","template":"","meta":{"_acf_changed":false},"product_brand":[559],"product_cat":[58,417,448,428,486,488,445],"product_tag":[594],"class_list":{"0":"post-39930","1":"product","2":"type-product","3":"status-publish","4":"has-post-thumbnail","6":"product_brand-drops","7":"product_cat-siulai-mezgimui","8":"product_cat-alpakos-siulai","9":"product_cat-drops-siulai","10":"product_cat-gamintojas","11":"product_cat-savybe","12":"product_cat-stori-siulai","13":"product_cat-vilnos-siulai","14":"product_tag-drops","15":"pa_spalva-drops-andes-0100-naturali-balta","16":"pa_spalva-drops-andes-0206-sviesi-smelio","17":"pa_spalva-drops-andes-0519-tamsiai-pilka","18":"pa_spalva-drops-andes-0619-sviesi-ruda","19":"pa_spalva-1101-drops-andes-balta","20":"pa_spalva-drops-andes-6343-marga-melyna","21":"pa_spalva-drops-andes-6928-karaliska-melyna","22":"pa_spalva-drops-andes-7810-sendinta-zalia","23":"pa_spalva-drops-andes-7820-sviesi-alyvuoge","24":"pa_spalva-drops-andes-8903-juoda","25":"pa_spalva-drops-andes-9015-pilka","26":"pa_spalva-drops-andes-9020-sviesiai-pilka","27":"pa_spalva-drops-andes-9021-migdolu","28":"pa_spalva-9022-drops-andes-kalkiu","29":"pa_spalva-drops-andes-9024-zemes-riesutu","30":"pa_spalva-drops-andes-9025-rausvas-smelis","31":"pa_spalva-drops-andes-9026-ruda","32":"pa_spalva-drops-andes-9027-ruko","33":"pa_spalva-drops-andes-9028-nugos","34":"pa_spalva-drops-andes-9030-bordo","35":"pa_svoris-ilgis-100-g-90-m","37":"first","38":"instock","39":"sale","40":"taxable","41":"shipping-taxable","42":"purchasable","43":"product-type-variable"},"acf":[],"_links":{"self":[{"href":"https:\/\/siulubangos.lt\/lv\/wp-json\/wp\/v2\/product\/39930","targetHints":{"allow":["GET"]}}],"collection":[{"href":"https:\/\/siulubangos.lt\/lv\/wp-json\/wp\/v2\/product"}],"about":[{"href":"https:\/\/siulubangos.lt\/lv\/wp-json\/wp\/v2\/types\/product"}],"replies":[{"embeddable":true,"href":"https:\/\/siulubangos.lt\/lv\/wp-json\/wp\/v2\/comments?post=39930"}],"version-history":[{"count":0,"href":"https:\/\/siulubangos.lt\/lv\/wp-json\/wp\/v2\/product\/39930\/revisions"}],"wp:featuredmedia":[{"embeddable":true,"href":"https:\/\/siulubangos.lt\/lv\/wp-json\/wp\/v2\/media\/39953"}],"wp:attachment":[{"href":"https:\/\/siulubangos.lt\/lv\/wp-json\/wp\/v2\/media?parent=39930"}],"wp:term":[{"taxonomy":"product_brand","embeddable":true,"href":"https:\/\/siulubangos.lt\/lv\/wp-json\/wp\/v2\/product_brand?post=39930"},{"taxonomy":"product_cat","embeddable":true,"href":"https:\/\/siulubangos.lt\/lv\/wp-json\/wp\/v2\/product_cat?post=39930"},{"taxonomy":"product_tag","embeddable":true,"href":"https:\/\/siulubangos.lt\/lv\/wp-json\/wp\/v2\/product_tag?post=39930"}],"curies":[{"name":"wp","href":"https:\/\/api.w.org\/{rel}","templated":true}]}}