{"id":40044,"date":"2026-04-01T00:40:15","date_gmt":"2026-03-31T21:40:15","guid":{"rendered":"https:\/\/siulubangos.lt\/?post_type=product&#038;p=40044"},"modified":"2026-04-14T23:00:39","modified_gmt":"2026-04-14T20:00:39","slug":"pilieni-slipets-alpakas-zids-alpakas-zids","status":"publish","type":"product","link":"https:\/\/siulubangos.lt\/lv\/parduotuve\/drops-brushed-alpaca-silk-alpaku-silkas\/","title":{"rendered":"Drops BRUSHED ALPACA SILK (alpakas vilna, z\u012bds)"},"content":{"rendered":"<h1>Drops BRUSHED ALPACA SILK (77% alpakas vilna, 23% z\u012bds) - dzija Viegluma un grezn\u012bbas harmonija<\/h1>\n<p><a href=\"https:\/\/siulubangos.lt\/wp-content\/uploads\/2026\/04\/as-181.jpg\"><img loading=\"lazy\" decoding=\"async\" class=\"alignnone wp-image-40068\" src=\"https:\/\/siulubangos.lt\/wp-content\/uploads\/2026\/04\/as-181.jpg\" alt=\"\" width=\"624\" height=\"446\" title=\"\" srcset=\"https:\/\/siulubangos.lt\/wp-content\/uploads\/2026\/04\/as-181.jpg 2560w, https:\/\/siulubangos.lt\/wp-content\/uploads\/2026\/04\/as-181-400x286.jpg 400w, https:\/\/siulubangos.lt\/wp-content\/uploads\/2026\/04\/as-181-1120x800.jpg 1120w, https:\/\/siulubangos.lt\/wp-content\/uploads\/2026\/04\/as-181-768x549.jpg 768w, https:\/\/siulubangos.lt\/wp-content\/uploads\/2026\/04\/as-181-1536x1097.jpg 1536w, https:\/\/siulubangos.lt\/wp-content\/uploads\/2026\/04\/as-181-2048x1463.jpg 2048w, https:\/\/siulubangos.lt\/wp-content\/uploads\/2026\/04\/as-181-600x429.jpg 600w, https:\/\/siulubangos.lt\/wp-content\/uploads\/2026\/04\/as-181-1200x857.jpg 1200w, https:\/\/siulubangos.lt\/wp-content\/uploads\/2026\/04\/as-181-150x107.jpg 150w\" sizes=\"auto, (max-width: 624px) 100vw, 624px\" \/>\u00a0 <\/a><a href=\"https:\/\/siulubangos.lt\/wp-content\/uploads\/2025\/10\/as-168_cm-143_as-161-scaled.jpg\"><img loading=\"lazy\" decoding=\"async\" class=\"alignnone wp-image-40075\" src=\"https:\/\/siulubangos.lt\/wp-content\/uploads\/2025\/10\/as-168_cm-143_as-161-scaled.jpg\" alt=\"\" width=\"623\" height=\"445\" title=\"\"><\/a><\/p>\n<p>Ja j\u016bs mekl\u0113jat dziju, kas j\u016bsu ad\u012bjumiem pie\u0161\u0137irs sap\u0146ainu, vieglu un \u012bpa\u0161i stil\u012bgu izskatu, Drops BRUSHED ALPACA SILK ir tie\u0161i tas. Unik\u0101lais 77% alpakas vilnas un 23% z\u012bda sast\u0101vs rada audumu, kas ir viegls k\u0101 spalva, bet ar daudz biez\u0101kas dzijas siltumu.<\/p>\n<h3>K\u0101p\u0113c jums patiks \u0161\u012b dzija?<\/h3>\n<ul>\n<li>Grezns sast\u0101vs: alpakas p\u016bkas padara to m\u0101j\u012bgu un m\u012bkstu, bet dab\u012bg\u0101 z\u012bda serde garant\u0113 iztur\u012bbu un smalku, elegantu mirdzumu.<\/li>\n<li>Daudzpus\u012bba: \u0161\u012b dzija ir \u012bsts hameleons. J\u016bs varat ad\u012bt no vienas dzijas (lai ad\u012bjums b\u016btu caursp\u012bd\u012bgs, viegls, k\u0101 zirnek\u013cu t\u012bkls), no div\u0101m dzij\u0101m (lai ad\u012bjums b\u016btu bl\u012bv\u0101ks, p\u016bkain\u0101ks) vai pievienot citu dziju (piem\u0113ram, merino vilnu), lai ad\u012bjums ieg\u016btu moh\u0113ram l\u012bdz\u012bgu p\u016bkain\u012bbu.<\/li>\n<li>\u0100trs rezult\u0101ts: lai gan dzija ir smalka, t\u0101s p\u016bkain\u012bba noz\u012bm\u0113, ka parasti to ad\u0101m ar liel\u0101ka izm\u0113ra \u0161\u0137eter\u0113m (no 5 mm), lai darbs b\u016btu \u0101trs un dzija paliktu p\u016bkaina un neiegrimtu apak\u0161\u0101.<\/li>\n<li>Dro\u0161\u012bba un \u0113tika: t\u0101pat k\u0101 visas Drops dzijas, ar\u012b \u0161\u012bs dzijas tiek ra\u017eotas Peru, iev\u0113rojot augstus kvalit\u0101tes standartus, un izejvielas tiek r\u016bp\u012bgi atlas\u012btas.<\/li>\n<\/ul>\n<h3>Rado\u0161as idejas<\/h3>\n<p>\u0160\u012b dzija vislab\u0101k noder, adot platus, br\u012bvi piegulo\u0161us d\u017eemperus, vieglus \u0161alles, elegantas vestes vai stil\u012bgas cepures. T\u0101 ir lieliska alternat\u012bva Kid-Silk, ja v\u0113laties nedaudz liel\u0101ku apjomu un v\u0113l m\u012bkst\u0101ku p\u016bkain\u012bbu.<\/p>","protected":false},"excerpt":{"rendered":"<p>Drops BRUSHED ALPACA SILK ir grezna alpakas vilnas un t\u012bra z\u012bda kombin\u0101cija. \u0160ai dzijai piem\u012bt m\u012bksts p\u016bkainums (t\u0101 saukt\u0101 \u201esloti\u0146ota\u201c tekst\u016bra) un smalks z\u012bda mirdzums. T\u0101 ir \u0101rk\u0101rt\u012bgi viegla, bet vienlaikus neticami silta dzija, kas ir ide\u0101li piem\u0113rota gan viena pati, gan kombin\u0101cij\u0101 ar cit\u0101m dzij\u0101m. Tie ir lieliska izv\u0113le stil\u012bgiem, \u201ep\u016bkainiem\u201c d\u017eemperiem un elegantiem aksesu\u0101riem, kas ne tikai sild\u012bs, bet ar\u012b izskat\u012bsies \u0101rk\u0101rt\u012bgi grezni.<\/p>\n<p><strong>!!!! L\u016bdzu, \u0146emiet v\u0113r\u0101, ka kr\u0101sas var at\u0161\u0137irties da\u017e\u0101dos ekr\u0101nos, t\u0101pat k\u0101 kr\u0101sas var nedaudz at\u0161\u0137irties da\u017e\u0101d\u0101s kr\u0101su partij\u0101s.\u00a0<\/strong><\/p>","protected":false},"featured_media":40064,"comment_status":"open","ping_status":"closed","template":"","meta":{"_acf_changed":false},"product_brand":[559],"product_cat":[448,417,428,453,492,416,58,429],"product_tag":[594],"class_list":{"0":"post-40044","1":"product","2":"type-product","3":"status-publish","4":"has-post-thumbnail","6":"product_brand-drops","7":"product_cat-drops-siulai","8":"product_cat-alpakos-siulai","9":"product_cat-gamintojas","10":"product_cat-nuolaidos","11":"product_cat-prabangus-siulai","12":"product_cat-silko-siulai","13":"product_cat-siulai-mezgimui","14":"product_cat-sudetis","15":"product_tag-drops","16":"pa_pluostas-alpaku-vilna","17":"pa_spalva-01-drops-brushed-alpaca-silk-balksva","18":"pa_spalva-01-drops-kid-silk-balta","19":"pa_spalva-02-drops-brushed-alpaca-silk-sviesiai-pilka","20":"pa_spalva-03-drops-brushed-alpaca-silk-pilka","21":"pa_spalva-04-drops-brushed-alpaca-silk-sviesi-smelio","22":"pa_spalva-05-drops-brushed-alpaca-silk-sviesiai-ruda","23":"pa_spalva-08-drops-brushed-alpaca-silk-virziu","24":"pa_spalva-15-drops-brushed-alpaca-silk-sviesiai-juros-zalia","25":"pa_spalva-16-drops-brushed-alpaca-silk-juoda","26":"pa_spalva-17-drops-brushed-alpaca-sviesi-levandu","27":"pa_spalva-20-drops-brushed-alpaca-silk-rausvas-smelis","28":"pa_spalva-21-drops-brushed-alpaca-silk-salaviju-zalia","29":"pa_spalva-28-drops-brushed-alpaca-silk-giedras-dangus","30":"pa_spalva-35-drops-brushed-alpaca-silk-perlu-pilka","31":"pa_spalva-36-drops-brushed-alpaca-silk-migdolu","32":"pa_spalva-39-drops-brushed-alpaca-silk-tamsiai-melyna","33":"pa_spalva-40-drops-brusched-alpaca-silk-marcipanu","34":"pa_spalva-45-drops-brushed-alpaca-silk-alyvuogiu","35":"pa_svoris-ilgis-25-g-140-m","37":"first","38":"instock","39":"sale","40":"taxable","41":"shipping-taxable","42":"purchasable","43":"product-type-variable"},"acf":[],"_links":{"self":[{"href":"https:\/\/siulubangos.lt\/lv\/wp-json\/wp\/v2\/product\/40044","targetHints":{"allow":["GET"]}}],"collection":[{"href":"https:\/\/siulubangos.lt\/lv\/wp-json\/wp\/v2\/product"}],"about":[{"href":"https:\/\/siulubangos.lt\/lv\/wp-json\/wp\/v2\/types\/product"}],"replies":[{"embeddable":true,"href":"https:\/\/siulubangos.lt\/lv\/wp-json\/wp\/v2\/comments?post=40044"}],"version-history":[{"count":0,"href":"https:\/\/siulubangos.lt\/lv\/wp-json\/wp\/v2\/product\/40044\/revisions"}],"wp:featuredmedia":[{"embeddable":true,"href":"https:\/\/siulubangos.lt\/lv\/wp-json\/wp\/v2\/media\/40064"}],"wp:attachment":[{"href":"https:\/\/siulubangos.lt\/lv\/wp-json\/wp\/v2\/media?parent=40044"}],"wp:term":[{"taxonomy":"product_brand","embeddable":true,"href":"https:\/\/siulubangos.lt\/lv\/wp-json\/wp\/v2\/product_brand?post=40044"},{"taxonomy":"product_cat","embeddable":true,"href":"https:\/\/siulubangos.lt\/lv\/wp-json\/wp\/v2\/product_cat?post=40044"},{"taxonomy":"product_tag","embeddable":true,"href":"https:\/\/siulubangos.lt\/lv\/wp-json\/wp\/v2\/product_tag?post=40044"}],"curies":[{"name":"wp","href":"https:\/\/api.w.org\/{rel}","templated":true}]}}