{"id":40083,"date":"2026-04-01T11:44:01","date_gmt":"2026-04-01T08:44:01","guid":{"rendered":"https:\/\/siulubangos.lt\/?post_type=product&#038;p=40083"},"modified":"2026-04-07T20:01:46","modified_gmt":"2026-04-07T17:01:46","slug":"rauma-pelini-pima-kokvilnas-lins","status":"publish","type":"product","link":"https:\/\/siulubangos.lt\/lv\/parduotuve\/rauma-pelini-pima-medvilne-linas\/","title":{"rendered":"Rauma PELINI (pima kokvilna, lins)"},"content":{"rendered":"<h1>Rauma PELINI (50% pima kokvilna, 50% lins) - Elegances un dabiskuma harmonija<\/h1>\n<p><a href=\"https:\/\/siulubangos.lt\/wp-content\/uploads\/2026\/04\/Rauma_1.jpg\"><img loading=\"lazy\" decoding=\"async\" class=\"alignnone wp-image-40099\" src=\"https:\/\/siulubangos.lt\/wp-content\/uploads\/2026\/04\/Rauma_1.jpg\" alt=\"\" width=\"517\" height=\"517\" title=\"\" srcset=\"https:\/\/siulubangos.lt\/wp-content\/uploads\/2026\/04\/Rauma_1.jpg 1280w, https:\/\/siulubangos.lt\/wp-content\/uploads\/2026\/04\/Rauma_1-300x300.jpg 300w, https:\/\/siulubangos.lt\/wp-content\/uploads\/2026\/04\/Rauma_1-800x800.jpg 800w, https:\/\/siulubangos.lt\/wp-content\/uploads\/2026\/04\/Rauma_1-150x150.jpg 150w, https:\/\/siulubangos.lt\/wp-content\/uploads\/2026\/04\/Rauma_1-768x768.jpg 768w, https:\/\/siulubangos.lt\/wp-content\/uploads\/2026\/04\/Rauma_1-600x600.jpg 600w, https:\/\/siulubangos.lt\/wp-content\/uploads\/2026\/04\/Rauma_1-1200x1200.jpg 1200w\" sizes=\"auto, (max-width: 517px) 100vw, 517px\" \/>\u00a0<\/a> <a href=\"https:\/\/siulubangos.lt\/wp-content\/uploads\/2026\/04\/Pelini_382_2.png\"><img loading=\"lazy\" decoding=\"async\" class=\"alignnone size-full wp-image-40103\" src=\"https:\/\/siulubangos.lt\/wp-content\/uploads\/2026\/04\/Pelini_382_2.png\" alt=\"\" width=\"530\" height=\"530\" title=\"\" srcset=\"https:\/\/siulubangos.lt\/wp-content\/uploads\/2026\/04\/Pelini_382_2.png 530w, https:\/\/siulubangos.lt\/wp-content\/uploads\/2026\/04\/Pelini_382_2-300x300.png 300w, https:\/\/siulubangos.lt\/wp-content\/uploads\/2026\/04\/Pelini_382_2-150x150.png 150w\" sizes=\"auto, (max-width: 530px) 100vw, 530px\" \/><\/a> <a href=\"https:\/\/siulubangos.lt\/wp-content\/uploads\/2026\/04\/Pelini_382_4.png\"><img loading=\"lazy\" decoding=\"async\" class=\"alignnone size-full wp-image-40104\" src=\"https:\/\/siulubangos.lt\/wp-content\/uploads\/2026\/04\/Pelini_382_4.png\" alt=\"\" width=\"530\" height=\"530\" title=\"\" srcset=\"https:\/\/siulubangos.lt\/wp-content\/uploads\/2026\/04\/Pelini_382_4.png 530w, https:\/\/siulubangos.lt\/wp-content\/uploads\/2026\/04\/Pelini_382_4-300x300.png 300w, https:\/\/siulubangos.lt\/wp-content\/uploads\/2026\/04\/Pelini_382_4-150x150.png 150w\" sizes=\"auto, (max-width: 530px) 100vw, 530px\" \/><\/a> <a href=\"https:\/\/siulubangos.lt\/wp-content\/uploads\/2026\/04\/Pelini_382_5.png\"><img loading=\"lazy\" decoding=\"async\" class=\"alignnone size-full wp-image-40105\" src=\"https:\/\/siulubangos.lt\/wp-content\/uploads\/2026\/04\/Pelini_382_5.png\" alt=\"\" width=\"530\" height=\"530\" title=\"\" srcset=\"https:\/\/siulubangos.lt\/wp-content\/uploads\/2026\/04\/Pelini_382_5.png 530w, https:\/\/siulubangos.lt\/wp-content\/uploads\/2026\/04\/Pelini_382_5-300x300.png 300w, https:\/\/siulubangos.lt\/wp-content\/uploads\/2026\/04\/Pelini_382_5-150x150.png 150w\" sizes=\"auto, (max-width: 530px) 100vw, 530px\" \/><\/a><\/p>\n<p>Rauma PELINI ir norv\u0113\u0123u ra\u017eot\u0101ja meistar\u012bbas apliecin\u0101jums, kas paredz\u0113ts tiem, kuri nov\u0113rt\u0113 dabisk\u0101s \u0161\u0137iedras un nevainojamu kvalit\u0101ti. \u0160\u012b dzija apvieno divus lab\u0101kos vasaras audumus: pima kokvilnu un linu.<\/p>\n<h3><strong>Kas padara \u0161o kombin\u0101ciju tik \u012bpa\u0161u?<\/strong><\/h3>\n<ul>\n<li>Pima kokvilna: viena no pasaul\u0113 v\u0113rt\u012bg\u0101kaj\u0101m kokvilnas \u0161\u0137irn\u0113m. T\u0101s \u012bpa\u0161i gar\u0101s \u0161\u0137iedras padara \u0161o kokvilnu iev\u0113rojami m\u012bkst\u0101ku, stipr\u0101ku un iztur\u012bg\u0101ku nek\u0101 parasto kokvilnu. T\u0101 pie\u0161\u0137ir trikot\u0101\u017eas ap\u0123\u0113rbam maigumu, kas to padara piem\u0113rotu pat cilv\u0113kiem ar jut\u012bg\u0101ko \u0101du vai z\u012bdai\u0146iem.<\/li>\n<li>Linas: pie\u0161\u0137ir ad\u012bjumam \u201edz\u012bv\u012bguma\u201c un v\u0113suma saj\u016btu. Linam piem\u012bt lieliskas mitruma absorbcijas \u012bpa\u0161\u012bbas un unik\u0101la tekst\u016bra, kas ar katru mazg\u0101\u0161anu k\u013c\u016bst m\u012bkst\u0101ka, nezaud\u0113jot s\u0101kotn\u0113jo formu.<\/li>\n<\/ul>\n<h3>Daudzpus\u012bba un rado\u0161ums<\/h3>\n<p>Lai gan PELINI tiek uzskat\u012bts par vasaras karali, t\u0101 pielietojums ir bezgal\u012bgs. T\u0101 iztur\u012bba padara to lieliski piem\u0113rotu ne tikai viegliem t\u0113rpiem, bet ar\u012b:<\/p>\n<ul>\n<li>Interjera deta\u013cas: tambor\u0113ti maisi\u0146i, sedzi\u0146as vai spilveni.<\/li>\n<li>Aksesu\u0101ri: stil\u012bgas iepirkumu somas vai vasaras cepures.<\/li>\n<li>Rauma PELINI ad\u012bjumiem ir skaists kritums, t\u0101p\u0113c tie ir ide\u0101li piem\u0113roti br\u012bviem siluetiem un a\u017e\u016briem rakstiem.<\/li>\n<\/ul>","protected":false},"excerpt":{"rendered":"<p>Rauma PELINI Vasaras klasika j\u016bsu st\u012bg\u0101m!<\/p>\n<p>Ide\u0101ls l\u012bdzsvars starp dabu un komfortu. Rauma PELINI ir augst\u0101k\u0101s kvalit\u0101tes 50% Pima kokvilnas un 50% lina kombin\u0101cija. Pima kokvilna pie\u0161\u0137ir pavedienam neticamu maigumu, bet lins - v\u0113sumu, iztur\u012bbu un greznu, mat\u0113tu sp\u012bdumu. Ide\u0101li piem\u0113rots vasaras t-krekliem, kleit\u0101m, b\u0113rnu ap\u0123\u0113rbiem un stil\u012bgiem aksesu\u0101riem (som\u0101m, m\u0101jas dekoriem). Dzija ir \u013coti iztur\u012bga pret nodilumu, \u013cauj \u0101dai elpot un lieliski saglab\u0101 formu, gan adot, gan tambor\u0113jot. Izveidojiet ap\u0123\u0113rbu, kas kalpos daudzas sezonas!<\/p>","protected":false},"featured_media":40089,"comment_status":"open","ping_status":"closed","template":"","meta":{"_acf_changed":false},"product_brand":[764],"product_cat":[58,428,437,420,454,1180],"product_tag":[1179],"class_list":{"0":"post-40083","1":"product","2":"type-product","3":"status-publish","4":"has-post-thumbnail","6":"product_brand-rauma","7":"product_cat-siulai-mezgimui","8":"product_cat-gamintojas","9":"product_cat-lininiai-siulai","10":"product_cat-medvilnes-siulai","11":"product_cat-naujienos-siulai","12":"product_cat-rauma-garn-siulai","13":"product_tag-rauma","14":"pa_pluostas-vilna","15":"pa_spalva-00-rauma-pelini-balta","16":"pa_spalva-10-rauma-pelini-lino","17":"pa_spalva-357-rauma-pelini-dangaus-melynumo","18":"pa_svoris-ilgis-50-g-102-m","20":"first","21":"instock","22":"taxable","23":"shipping-taxable","24":"purchasable","25":"product-type-variable"},"acf":[],"_links":{"self":[{"href":"https:\/\/siulubangos.lt\/lv\/wp-json\/wp\/v2\/product\/40083","targetHints":{"allow":["GET"]}}],"collection":[{"href":"https:\/\/siulubangos.lt\/lv\/wp-json\/wp\/v2\/product"}],"about":[{"href":"https:\/\/siulubangos.lt\/lv\/wp-json\/wp\/v2\/types\/product"}],"replies":[{"embeddable":true,"href":"https:\/\/siulubangos.lt\/lv\/wp-json\/wp\/v2\/comments?post=40083"}],"version-history":[{"count":0,"href":"https:\/\/siulubangos.lt\/lv\/wp-json\/wp\/v2\/product\/40083\/revisions"}],"wp:featuredmedia":[{"embeddable":true,"href":"https:\/\/siulubangos.lt\/lv\/wp-json\/wp\/v2\/media\/40089"}],"wp:attachment":[{"href":"https:\/\/siulubangos.lt\/lv\/wp-json\/wp\/v2\/media?parent=40083"}],"wp:term":[{"taxonomy":"product_brand","embeddable":true,"href":"https:\/\/siulubangos.lt\/lv\/wp-json\/wp\/v2\/product_brand?post=40083"},{"taxonomy":"product_cat","embeddable":true,"href":"https:\/\/siulubangos.lt\/lv\/wp-json\/wp\/v2\/product_cat?post=40083"},{"taxonomy":"product_tag","embeddable":true,"href":"https:\/\/siulubangos.lt\/lv\/wp-json\/wp\/v2\/product_tag?post=40083"}],"curies":[{"name":"wp","href":"https:\/\/api.w.org\/{rel}","templated":true}]}}