{"id":40334,"date":"2026-04-06T22:56:01","date_gmt":"2026-04-06T19:56:01","guid":{"rendered":"https:\/\/siulubangos.lt\/?post_type=product&#038;p=40334"},"modified":"2026-04-16T21:03:50","modified_gmt":"2026-04-16T18:03:50","slug":"gazzal-exclusive-dzija","status":"publish","type":"product","link":"https:\/\/siulubangos.lt\/lv\/parduotuve\/gazzal-exclusive-merinas-silkas-mohera\/","title":{"rendered":"Gazzal EXCLUSIVE (merino vilna, z\u012bds, super kid moh\u0113ra)"},"content":{"rendered":"<h4>Gazzal EXCLUSIVE (60% merino vilna, 30% z\u012bds, 10% super kazl\u0113nu moh\u0113rs) - Mulberry z\u012bds un super kazl\u0113nu moh\u0113rs j\u016bsu darbiem.<\/h4>\n<p>Gazzal EXCLUSIVE ir Turcijas ra\u017eot\u0101ja augst\u0101k\u0101s kvalit\u0101tes dzija, kas rad\u012bta tiem, kuri mekl\u0113 perfektu l\u012bdzsvaru starp maigumu, sp\u012bdumu un vieglumu. \u0160\u012bs dzijas sast\u0101vs ir v\u0113rsts uz haute couture efektu, ko rada tr\u012bs greznu \u0161\u0137iedru savienojums:<\/p>\n<ul>\n<li>Z\u012bdkoka z\u012bds (30%): tas ir visd\u0101rg\u0101kais z\u012bda veids, kas pie\u0161\u0137ir pavedienam iztur\u012bbu, \u201esmagu\u201c, greznu kritumu un dabisku, ilgnotur\u012bgu sp\u012bdumu.<\/li>\n<li>Super Kid mohairs (10%): augst\u0101k\u0101s kvalit\u0101tes vilna, kas ieg\u016bta no jaun\u0101kaj\u0101m Angoras kaz\u0101m un rada smalku, nosl\u0113pumainu p\u016bkainumu, nekairinot \u0101du.<\/li>\n<li>Merino vilna (60%): Supermazg\u0101ta merino vilna nodro\u0161ina izstr\u0101d\u0101juma formas stabilit\u0101ti, elast\u012bbu un lielisku siltumu.<\/li>\n<\/ul>\n<p><strong>Praktiskais pielietojums un izn\u0101kums<\/strong><\/p>\n<p>\u0160ai dzijai ir \u013coti liels jards - pat 200 metri neliel\u0101 25 gramu bumbi\u0146\u0101. Tas \u013cauj rad\u012bt bezsvara izstr\u0101d\u0101jumus:<\/p>\n<ul>\n<li>Ad\u012bts vien\u0101 pavedien\u0101: caursp\u012bd\u012bgs, me\u017e\u0123\u012b\u0146u efekts. Ide\u0101li piem\u0113rots k\u0101zu lakatu, vakara lakatu vai vieglu bl\u016b\u017eu rot\u0101\u0161anai.<\/li>\n<li>Ad\u012bts no diviem pavedieniem: bl\u012bv\u0101ks, p\u016bkain\u0101ks ad\u012bjums, kas ir ide\u0101li piem\u0113rots luksusa d\u017eemperiem .<\/li>\n<li>K\u0101 papildu dzija: pievienojiet Gazzal EXCLUSIVE vilnas vai kokvilnas pamatdzijai, lai pie\u0161\u0137irtu vienk\u0101r\u0161iem izstr\u0101d\u0101jumiem greznu, m\u012bkstu p\u016bkain\u012bbu un z\u012bdainu sp\u012bdumu.<\/li>\n<\/ul>\n<ul>\n<li>\n<p data-path-to-node=\"15,2,0\">Ieteicamie adatas<b data-path-to-node=\"15,2,0\" data-index-in-node=\"0\">:<\/b> <span class=\"math-inline\" data-math=\"2.25\" data-index-in-node=\"25\">2.25<\/span>-<span class=\"math-inline\" data-math=\"3.5\" data-index-in-node=\"32\">3.5<\/span>\u00a0mm (atkar\u012bb\u0101 no v\u0113lam\u0101s va\u013c\u012bguma pak\u0101pes).<\/p>\n<\/li>\n<li>\n<p data-path-to-node=\"15,3,0\">Kop\u0161ana<b data-path-to-node=\"15,3,0\" data-index-in-node=\"0\">:<\/b> Ieteicams maigi mazg\u0101t ar rok\u0101m v\u0113s\u0101 \u016bden\u012b. \u017d\u0101v\u0113jiet izstieptas horizont\u0101li.<\/p>\n<\/li>\n<\/ul>\n<p><strong>Svar\u012bgi<\/strong><\/p>\n<p>\u0160\u012bs dzijas sast\u0101v\u0101 izmantotais mohairs ir Super Kid (pirmais piegriezums), kas ir daudz m\u012bkst\u0101ks par parasto moh\u0113ru un ir piem\u0113rots pat visjut\u012bg\u0101kajiem cilv\u0113kiem.<\/p>","protected":false},"excerpt":{"rendered":"<p>Gazzal EXCLUSIVE ir grezna z\u012bdkoka, merino vilnas un super kazl\u0113nu moh\u0113ras kombin\u0101cija. T\u0101 ir \u012bpa\u0161i smalka (200 m\/25 g) dzija ar smalku sp\u012bdumu, kas pie\u0161\u0137ir ad\u012bjumam vieglu p\u016bkain\u012bbu un elegantu kritumu. Ide\u0101li piem\u0113rota ekskluz\u012bviem projektiem, piem\u0113ram, \u0161all\u0113m, k\u0101zu deta\u013c\u0101m vai grezniem ad\u012bjumiem.<\/p>","protected":false},"featured_media":40744,"comment_status":"open","ping_status":"closed","template":"","meta":{"_acf_changed":false},"product_brand":[2513],"product_cat":[58,428,493,419,418,454,416,429,1951],"product_tag":[1934],"class_list":{"0":"post-40334","1":"product","2":"type-product","3":"status-publish","4":"has-post-thumbnail","6":"product_brand-gazzal","7":"product_cat-siulai-mezgimui","8":"product_cat-gamintojas","9":"product_cat-itin-ploni-siulai","10":"product_cat-merino-vilnos-siulai","11":"product_cat-moheros-siulai","12":"product_cat-naujienos-siulai","13":"product_cat-silko-siulai","14":"product_cat-sudetis","15":"product_cat-turkijos-gamintoju-siulai","16":"product_tag-gazzal","17":"pa_spalva-9905-gazzal-exclusive","18":"pa_spalva-9908-gazzal-exclusive","19":"pa_spalva-9911-gazzal-exclusive","20":"pa_spalva-9912-gazzal-exclusive","21":"pa_spalva-9915-gazzal-exclusive","22":"pa_spalva-9921-gazzal-exclusive","23":"pa_spalva-9923-gazzal-exclusive","24":"pa_spalva-9926-gazzal-exclusive","25":"pa_spalva-9927-gazzal-exclusive","26":"pa_spalva-9928-gazzal-exclusive","27":"pa_spalva-9929-gazzal-exclusive","28":"pa_spalva-9931-gazzal-exclusive","29":"pa_spalva-9932-gazzal-exclusive","30":"pa_spalva-9936-gazzal-exclusive","31":"pa_spalva-9938-gazzal-exclusive","32":"pa_spalva-9940-gazzal-exclusive","33":"pa_spalva-9942-gazzal-exclusive","34":"pa_spalva-9944-gazzal-exclusive","35":"pa_spalva-9945-gazzal-exclusive","36":"pa_svoris-ilgis-25-g-200-m","38":"first","39":"instock","40":"sale","41":"taxable","42":"shipping-taxable","43":"purchasable","44":"product-type-variable"},"acf":[],"_links":{"self":[{"href":"https:\/\/siulubangos.lt\/lv\/wp-json\/wp\/v2\/product\/40334","targetHints":{"allow":["GET"]}}],"collection":[{"href":"https:\/\/siulubangos.lt\/lv\/wp-json\/wp\/v2\/product"}],"about":[{"href":"https:\/\/siulubangos.lt\/lv\/wp-json\/wp\/v2\/types\/product"}],"replies":[{"embeddable":true,"href":"https:\/\/siulubangos.lt\/lv\/wp-json\/wp\/v2\/comments?post=40334"}],"version-history":[{"count":0,"href":"https:\/\/siulubangos.lt\/lv\/wp-json\/wp\/v2\/product\/40334\/revisions"}],"wp:featuredmedia":[{"embeddable":true,"href":"https:\/\/siulubangos.lt\/lv\/wp-json\/wp\/v2\/media\/40744"}],"wp:attachment":[{"href":"https:\/\/siulubangos.lt\/lv\/wp-json\/wp\/v2\/media?parent=40334"}],"wp:term":[{"taxonomy":"product_brand","embeddable":true,"href":"https:\/\/siulubangos.lt\/lv\/wp-json\/wp\/v2\/product_brand?post=40334"},{"taxonomy":"product_cat","embeddable":true,"href":"https:\/\/siulubangos.lt\/lv\/wp-json\/wp\/v2\/product_cat?post=40334"},{"taxonomy":"product_tag","embeddable":true,"href":"https:\/\/siulubangos.lt\/lv\/wp-json\/wp\/v2\/product_tag?post=40334"}],"curies":[{"name":"wp","href":"https:\/\/api.w.org\/{rel}","templated":true}]}}