{"id":40399,"date":"2026-04-07T11:54:03","date_gmt":"2026-04-07T08:54:03","guid":{"rendered":"https:\/\/siulubangos.lt\/?post_type=product&#038;p=40399"},"modified":"2026-04-08T10:25:55","modified_gmt":"2026-04-08T07:25:55","slug":"rico-design-mike-it-rainbow-glitz-spidigs-tvids","status":"publish","type":"product","link":"https:\/\/siulubangos.lt\/lv\/parduotuve\/rico-design-mike-it-rainbow-glitz-blizgus-tvidinis-siulas\/","title":{"rendered":"Rico Design MIKE IT RAINBOW GLITZ (mirdzo\u0161i tv\u012bda dzija)"},"content":{"rendered":"","protected":false},"excerpt":{"rendered":"<p>Izveido savu varav\u012bksni ar MAKE IT RAINBOW GLITZ! Tas ir vair\u0101k nek\u0101 tikai aksesu\u0101rs - t\u0101 ir iesp\u0113ja pie\u0161\u0137irt jebkuram pavedienam greznu mirdzumu un stil\u012bgu tv\u012bda tekst\u016bru. Adiet kop\u0101, radiet drosm\u012bgi un \u013caujiet saviem darbiem mirdz\u0113t!<\/p>","protected":false},"featured_media":40378,"template":"","meta":{"_acf_changed":false},"product_brand":[2341],"product_cat":[58,443,428,454,1110,2733,444],"product_tag":[2370],"class_list":{"0":"post-40399","1":"product","2":"type-product","3":"status-publish","4":"has-post-thumbnail","6":"product_brand-rico-design","7":"product_cat-siulai-mezgimui","8":"product_cat-akrilo-siulai","9":"product_cat-gamintojas","10":"product_cat-naujienos-siulai","11":"product_cat-poliamidas","12":"product_cat-rico-design-siulai","13":"product_cat-viskozes-siulai","14":"product_tag-ricodesign","15":"pa_pluostas-vilna","16":"pa_spalva-001-rico-rainbow-glitz-juoda-1","17":"pa_svoris-ilgis-50-g-525-m","19":"first","20":"instock","21":"taxable","22":"shipping-taxable","23":"purchasable","24":"product-type-variable"},"acf":[],"_links":{"self":[{"href":"https:\/\/siulubangos.lt\/lv\/wp-json\/wp\/v2\/product\/40399","targetHints":{"allow":["GET"]}}],"collection":[{"href":"https:\/\/siulubangos.lt\/lv\/wp-json\/wp\/v2\/product"}],"about":[{"href":"https:\/\/siulubangos.lt\/lv\/wp-json\/wp\/v2\/types\/product"}],"version-history":[{"count":0,"href":"https:\/\/siulubangos.lt\/lv\/wp-json\/wp\/v2\/product\/40399\/revisions"}],"wp:featuredmedia":[{"embeddable":true,"href":"https:\/\/siulubangos.lt\/lv\/wp-json\/wp\/v2\/media\/40378"}],"wp:attachment":[{"href":"https:\/\/siulubangos.lt\/lv\/wp-json\/wp\/v2\/media?parent=40399"}],"wp:term":[{"taxonomy":"product_brand","embeddable":true,"href":"https:\/\/siulubangos.lt\/lv\/wp-json\/wp\/v2\/product_brand?post=40399"},{"taxonomy":"product_cat","embeddable":true,"href":"https:\/\/siulubangos.lt\/lv\/wp-json\/wp\/v2\/product_cat?post=40399"},{"taxonomy":"product_tag","embeddable":true,"href":"https:\/\/siulubangos.lt\/lv\/wp-json\/wp\/v2\/product_tag?post=40399"}],"curies":[{"name":"wp","href":"https:\/\/api.w.org\/{rel}","templated":true}]}}