{"id":40590,"date":"2026-04-06T23:14:24","date_gmt":"2026-04-06T20:14:24","guid":{"rendered":"https:\/\/siulubangos.lt\/?post_type=product&#038;p=40590"},"modified":"2026-04-16T14:46:22","modified_gmt":"2026-04-16T11:46:22","slug":"yarnart-macrame-cord-3mm","status":"publish","type":"product","link":"https:\/\/siulubangos.lt\/lv\/parduotuve\/yarnart-macrame-cord-3mm-pinta-virve\/","title":{"rendered":"YarnArt MACRAME CORD 3 MM (kokvilna, viskoze)"},"content":{"rendered":"<h1>YarnArt makrame aukla 3 mm: Ide\u0101ls l\u012bdzsvars starp dabiskumu un iztur\u012bbu<\/h1>\n<p>Mekl\u0113jat virvi, kas ne tikai izskat\u0101s est\u0113tiski, bet ar\u012b \u201eklausa\u201c j\u016bsu rok\u0101m? YarnArt makrame aukla 3 mm ir \u013coti iecien\u012bta, kad runa ir par projektiem, kuriem nepiecie\u0161ama precizit\u0101te un iztur\u012bba. \u0160\u012b nav parasta aukla - t\u0101 ir ar \u012bpa\u0161as tehnolo\u0123ijas p\u012btu serdi, kas nodro\u0161ina, ka j\u016bsu darbs paliek nevainojams pat p\u0113c ilgas lieto\u0161anas.<\/p>\n<h4>K\u0101p\u0113c izv\u0113l\u0113ties \u0161o virvi?<\/h4>\n<ul>\n<li>Perfekta strukt\u016bra: at\u0161\u0137ir\u012bb\u0101 no sav\u012btas virves \u0161\u012b virve ir p\u012bta, t\u0101p\u0113c ad\u012b\u0161anas vai tambor\u0113\u0161anas laik\u0101 t\u0101 nesadal\u0101s un nesavijas. Tas garant\u0113 \u201et\u012bru\u201c izskatu un skaidru acu redzam\u012bbu neatkar\u012bgi no t\u0101, vai j\u016bs str\u0101d\u0101jat ar bumbu vai sai\u0146ojat mezglus.<\/li>\n<li>P\u0101rdom\u0101tais 60% kokvilnas sast\u0101vs pie\u0161\u0137ir izstr\u0101d\u0101jumam dabisku, mat\u0113tu izskatu, bet viskozes un poliestera piedevas nodro\u0161ina nepiecie\u0161amo elast\u012bbu un nodilumiztur\u012bbu.<\/li>\n<li>Formas atmi\u0146a: neatkar\u012bgi no t\u0101, vai j\u016bs tambor\u0113jat ietilp\u012bgu somu vai stingru gr\u012bdas pufu, \u0161\u012b virve nodro\u0161ina, ka izstr\u0101d\u0101jums \u201enesabruks\u201c un gadiem ilgi saglab\u0101s savu s\u0101kotn\u0113jo formu.<\/li>\n<li>Univers\u0101ls biezums: 3 mm tiek uzskat\u012bti par \u201ezelta vidusce\u013cu\u201c makrame pasaul\u0113. Tas ir pietiekami izteiksm\u012bgs lieliem sienas rot\u0101jumiem, bet pietiekami smalks elegant\u0101m rokassomi\u0146\u0101m vai iepirkumu t\u012bkliem.<\/li>\n<li>Kop\u0161ana: \u013boti iztur\u012bgs, viegli t\u012br\u0101ms, iztur\u012bgs pret izbal\u0113\u0161anu.<\/li>\n<li>\u0160\u012b virve ir ide\u0101li piem\u0113rota praktiskiem interjera un stila projektiem, kuriem nepiecie\u0161ama iztur\u012bga strukt\u016bra un est\u0113tisks, \u201et\u012brs\u201c izskats: no stingriem maisi\u0146iem un stil\u012bg\u0101m iepirkumu som\u0101m l\u012bdz moderniem makram\u0113 sienas rot\u0101jumiem un augu tur\u0113t\u0101jiem.<\/li>\n<\/ul>\n<h4>Kas man j\u0101zina pirms darba uzs\u0101k\u0161anas?<\/h4>\n<p><strong>\u00a0Svar\u012bgi:<\/strong> \u0160\u012b virve ir paredz\u0113ta tiem, kam pat\u012bk gl\u012bta, grafiska apdare. T\u0101 k\u0101 t\u0101 ir p\u012bta, to nevar \u0137emm\u0113t b\u0101rkst\u012bs. T\u0101 ir ide\u0101la izv\u0113le funkcion\u0101liem priek\u0161metiem, kuriem bie\u017ei pieskaras, kurus bie\u017ei n\u0113s\u0101 vai mazg\u0101.<\/p>\n<p>Pie\u0161\u0137iriet savam m\u0101joklim m\u016bsdien\u012bgu noska\u0146u ar YarnArt makrame auklu - vienk\u0101r\u0161u izstr\u0101d\u0101jumu, kas nekad neliks vilties!<\/p>","protected":false},"excerpt":{"rendered":"<p>T\u0101 ir iztur\u012bga, stil\u012bga un neaizst\u0101jama tambor\u0113\u0161anas aukla. Augst\u0101k\u0101s kvalit\u0101tes p\u012bta aukla, kas paredz\u0113ta tiem, kuri nov\u0113rt\u0113 formas stabilit\u0101ti un lieto\u0161anas \u0113rtumu. Unik\u0101l\u0101 kokvilnas un viskozes kombin\u0101cija padara \u0161o virvi pat\u012bkamu piesk\u0101rienam, tom\u0113r pietiekami iztur\u012bgu pat visgr\u016bt\u0101kajiem interjera projektiem.<\/p>\n<ul>\n<li>M\u0113r\u0137is: somas, iepirkumu maisi\u0146i, augu tur\u0113t\u0101ji, palikt\u0146i.<\/li>\n<li>\u012apa\u0161\u012bba: nav piet\u016bkuma, nav krokojuma un lieliski saglab\u0101 formu.<\/li>\n<li>Stils: t\u012briem, m\u016bsdien\u012bgiem makrame mezgliem bez izpl\u016b\u0161anas.<\/li>\n<\/ul>","protected":false},"featured_media":40594,"comment_status":"open","ping_status":"closed","template":"","meta":{"_acf_changed":false},"product_brand":[2703],"product_cat":[58,428,420,2062,453,1111,1951,444],"product_tag":[1996],"class_list":{"0":"post-40590","1":"product","2":"type-product","3":"status-publish","4":"has-post-thumbnail","6":"product_brand-yarnart","7":"product_cat-siulai-mezgimui","8":"product_cat-gamintojas","9":"product_cat-medvilnes-siulai","10":"product_cat-nerimo-virveles","11":"product_cat-nuolaidos","12":"product_cat-poliesteris","13":"product_cat-turkijos-gamintoju-siulai","14":"product_cat-viskozes-siulai","15":"product_tag-yarnart","16":"pa_pluostas-vilna","17":"pa_spalva-750-yarnart-macrame-cord-3-mm","18":"pa_spalva-752-yarnart-macrame-cord-3-mm","19":"pa_spalva-753-yarnart-macrame-cord-3-mm","20":"pa_spalva-756-yarnart-macrame-cord-3-mm","21":"pa_spalva-758-yarnart-macrame-cord-3-mm","22":"pa_spalva-759-yarnart-macrame-cord-3-mm","23":"pa_spalva-764-yarnart-macrame-cord-3-mm","24":"pa_spalva-765-yarnart-macrame-cord-3-mm","25":"pa_spalva-767-yarnart-macrame-cord-3-mm","26":"pa_spalva-772-yarnart-macrame-cord-3-mm","27":"pa_spalva-773-yarnart-macrame-cord-3-mm","28":"pa_spalva-774-yarnart-macrame-cord-3-mm","29":"pa_spalva-781-yarnart-macrame-cord-3-mm","30":"pa_spalva-783-yarnart-macrame-cord-3-mm","31":"pa_spalva-784-yarnart-macrame-cord-3-mm","32":"pa_spalva-789-yarnart-macrame-cord-3-mm","33":"pa_spalva-792-yarnart-macarme-cord-3-mm","34":"pa_svoris-ilgis-250-g-85-m","36":"first","37":"instock","38":"sale","39":"taxable","40":"shipping-taxable","41":"purchasable","42":"product-type-variable"},"acf":[],"_links":{"self":[{"href":"https:\/\/siulubangos.lt\/lv\/wp-json\/wp\/v2\/product\/40590","targetHints":{"allow":["GET"]}}],"collection":[{"href":"https:\/\/siulubangos.lt\/lv\/wp-json\/wp\/v2\/product"}],"about":[{"href":"https:\/\/siulubangos.lt\/lv\/wp-json\/wp\/v2\/types\/product"}],"replies":[{"embeddable":true,"href":"https:\/\/siulubangos.lt\/lv\/wp-json\/wp\/v2\/comments?post=40590"}],"version-history":[{"count":1,"href":"https:\/\/siulubangos.lt\/lv\/wp-json\/wp\/v2\/product\/40590\/revisions"}],"predecessor-version":[{"id":41625,"href":"https:\/\/siulubangos.lt\/lv\/wp-json\/wp\/v2\/product\/40590\/revisions\/41625"}],"wp:featuredmedia":[{"embeddable":true,"href":"https:\/\/siulubangos.lt\/lv\/wp-json\/wp\/v2\/media\/40594"}],"wp:attachment":[{"href":"https:\/\/siulubangos.lt\/lv\/wp-json\/wp\/v2\/media?parent=40590"}],"wp:term":[{"taxonomy":"product_brand","embeddable":true,"href":"https:\/\/siulubangos.lt\/lv\/wp-json\/wp\/v2\/product_brand?post=40590"},{"taxonomy":"product_cat","embeddable":true,"href":"https:\/\/siulubangos.lt\/lv\/wp-json\/wp\/v2\/product_cat?post=40590"},{"taxonomy":"product_tag","embeddable":true,"href":"https:\/\/siulubangos.lt\/lv\/wp-json\/wp\/v2\/product_tag?post=40590"}],"curies":[{"name":"wp","href":"https:\/\/api.w.org\/{rel}","templated":true}]}}