{"id":40686,"date":"2026-04-06T23:33:12","date_gmt":"2026-04-06T20:33:12","guid":{"rendered":"https:\/\/siulubangos.lt\/?post_type=product&#038;p=40686"},"modified":"2026-04-13T15:03:40","modified_gmt":"2026-04-13T12:03:40","slug":"gazzal-baby-cotton-dzija","status":"publish","type":"product","link":"https:\/\/siulubangos.lt\/lv\/parduotuve\/gazzal-baby-cotton-medvilne-akrilas\/","title":{"rendered":"Gazzal BABY COTTON (kokvilna, akrils)"},"content":{"rendered":"<h2>Gazzal BABY COTTON (60% kokvilna, 40% akrils) - Popul\u0101r\u0101k\u0101 dzija b\u0113rnu ap\u0123\u0113rbiem un rota\u013cliet\u0101m.<\/h2>\n<p>Mekl\u0113jat dziju, kas ir m\u012bksta k\u0101 m\u0101konis, ta\u010du iztur desmitiem mazg\u0101\u0161anas rei\u017eu? Gazzal BABY COTTON ir viena no lab\u0101kaj\u0101m izv\u0113l\u0113m rokdarbu pasaul\u0113. \u0160\u012b perfekti sabalans\u0113t\u0101 kokvilnas un akrila kombin\u0101cija nodro\u0161ina, ka ad\u012btais audums ir dabisks, elpojo\u0161s un laika gait\u0101 nezaud\u0113s formu.<\/p>\n<h4>K\u0101p\u0113c izv\u0113l\u0113ties Gazzal Baby Cotton?<\/h4>\n<ul>\n<li>Hipoaler\u0123iskas: izstr\u0101d\u0101tas, dom\u0101jot par mazu\u013ciem, dzijas nekait\u0113 un ir piem\u0113rotas pat jaundzimu\u0161ajiem.<\/li>\n<li>Daudzpus\u012bba: t\u0101 gludais pinums padara to patie\u0161\u0101m iecien\u012btu Amigurumi darin\u0101t\u0101ju vid\u016b - rota\u013clietas izskat\u0101s gl\u012bti, un kr\u0101sas paliek spilgtas.<\/li>\n<li>Praktiskais pielietojums: trikot\u0101\u017eas sast\u0101v\u0101 eso\u0161ais augst\u0101k\u0101s kvalit\u0101tes akrils pie\u0161\u0137ir tai elast\u012bbu un ne\u013cauj tai sarauties vai izstiepties p\u0113c mazg\u0101\u0161anas.<\/li>\n<li>Pla\u0161a palete: no mier\u012bgiem paste\u013cto\u0146iem l\u012bdz spilgt\u0101m, rota\u013c\u012bg\u0101m kr\u0101s\u0101m - to ir viegli piel\u0101got jebkuram projektam.<\/li>\n<li>B\u0113rnu kardig\u0101na izmaksas: aptuveni 3-4 gabali; d\u017eempera izmaksas: aptuveni 6-8 gabali.<\/li>\n<li>Kop\u0161anas ieteikums: Lai ilgi baud\u012btu prieku, ieteicams mazg\u0101t 30\u00b0C temperat\u016br\u0101 (mazg\u0101t ar rok\u0101m vai maig\u0101 cikl\u0101) un \u017e\u0101v\u0113t uz l\u012bdzenas virsmas. \u017d\u0101v\u0113\u0161anas laik\u0101 izvairieties no tie\u0161iem saules stariem, lai saglab\u0101tu kr\u0101su bag\u0101t\u012bbu.Gazzal Baby Cotton nav tikai dzija, t\u0101 ir kvalit\u0101tes garantija j\u016bsu darbiem, kas pie\u0161\u0137ir maigumu katram izstr\u0101d\u0101jumam.<\/li>\n<\/ul>\n<p>&nbsp;<\/p>","protected":false},"excerpt":{"rendered":"<p>M\u012bksta un iztur\u012bga ad\u012b\u0161anas un tambor\u0113\u0161anas dzija j\u016bsu rokdarbiem. \u0160\u012b vid\u0113ja smaguma kokvilnas un akrila mais\u012bjuma dzija ir \u012bpa\u0161i izstr\u0101d\u0101ta z\u012bdai\u0146u jut\u012bgai \u0101dai un ir neticami m\u012bksta, nekait\u012bga un nealer\u0123iska. Ide\u0101li piem\u0113rota tambor\u0113t\u0101m Amigurumi rota\u013cliet\u0101m, k\u0101 ar\u012b stil\u012bgiem b\u0113rnu un pieaugu\u0161o ap\u0123\u0113rbiem. Izbaudiet vieglu ad\u012b\u0161anas procesu un nevainojamu gatav\u0101 izstr\u0101d\u0101juma izskatu.<\/p>","protected":false},"featured_media":40658,"comment_status":"open","ping_status":"closed","template":"","meta":{"_acf_changed":false},"product_brand":[2513],"product_cat":[58,443,428,420,453,490,1951,540],"product_tag":[1934],"class_list":{"0":"post-40686","1":"product","2":"type-product","3":"status-publish","4":"has-post-thumbnail","6":"product_brand-gazzal","7":"product_cat-siulai-mezgimui","8":"product_cat-akrilo-siulai","9":"product_cat-gamintojas","10":"product_cat-medvilnes-siulai","11":"product_cat-nuolaidos","12":"product_cat-siulai-kudikiams","13":"product_cat-turkijos-gamintoju-siulai","14":"product_cat-zaislu-gamyba","15":"product_tag-gazzal","16":"pa_pluostas-vilna","17":"pa_spalva-3410-baby-cotton","18":"pa_spalva-3411-gazzal-baby-cotton","19":"pa_spalva-3412-gazzal-baby-cotton","20":"pa_spalva-3413-gazzal-baby-cotton","21":"pa_spalva-3414-gazzal-baby-cotton","22":"pa_spalva-3415-gazzal-baby-cotton","23":"pa_spalva-3416-gazzal-baby-cotton","24":"pa_spalva-3417-gazzal-baby-cotton","25":"pa_spalva-3418-gazzal-baby-cotton","26":"pa_spalva-3419-gazzal-baby-cotton","27":"pa_spalva-3420-gazzal-baby-cotton","28":"pa_spalva-3421-gazzal-baby-cotton","29":"pa_spalva-3422-gazzal-baby-cotton","30":"pa_spalva-3423-gazzal-baby-cotton","31":"pa_spalva-3424-gazzal-baby-cotton","32":"pa_spalva-3425-gazzal-baby-cotton","33":"pa_spalva-3426-gazzal-baby-cotton","34":"pa_spalva-3427-gazzal-baby-cotton","35":"pa_spalva-3428-gazzal-baby-cotton","36":"pa_spalva-3429-gazzal-baby-cotton","37":"pa_spalva-3430-gazzal-baby-cotton","38":"pa_spalva-3431-gazzal-baby-cotton","39":"pa_spalva-3432-gazzal-baby-cotton","40":"pa_spalva-3433-gazzal-baby-cotton","41":"pa_spalva-3434-gazzal-baby-cotton","42":"pa_spalva-3435-gazzal-baby-cotton","43":"pa_spalva-3436-gazzal-baby-cotton","44":"pa_spalva-3439-gazzal-baby-cotton","45":"pa_spalva-3440-gazzal-baby-cotton","46":"pa_spalva-3441-gazzal-baby-cotton","47":"pa_spalva-3442-gazzal-baby-cotton","48":"pa_spalva-3443-gazzal-baby-cotton","49":"pa_spalva-3444-gazzal-baby-cotton","50":"pa_spalva-3445-gazzal-baby-cotton","51":"pa_spalva-3446-gazzal-baby-cotton","52":"pa_spalva-3447-gazzal-baby-cotton","53":"pa_spalva-3448-gazzal-baby-cotton","54":"pa_spalva-3449-gazzal-baby-cotton","55":"pa_spalva-3450-gazzal-baby-cotton","56":"pa_svoris-ilgis-50-g-165-m","58":"first","59":"instock","60":"sale","61":"taxable","62":"shipping-taxable","63":"purchasable","64":"product-type-variable"},"acf":[],"_links":{"self":[{"href":"https:\/\/siulubangos.lt\/lv\/wp-json\/wp\/v2\/product\/40686","targetHints":{"allow":["GET"]}}],"collection":[{"href":"https:\/\/siulubangos.lt\/lv\/wp-json\/wp\/v2\/product"}],"about":[{"href":"https:\/\/siulubangos.lt\/lv\/wp-json\/wp\/v2\/types\/product"}],"replies":[{"embeddable":true,"href":"https:\/\/siulubangos.lt\/lv\/wp-json\/wp\/v2\/comments?post=40686"}],"version-history":[{"count":0,"href":"https:\/\/siulubangos.lt\/lv\/wp-json\/wp\/v2\/product\/40686\/revisions"}],"wp:featuredmedia":[{"embeddable":true,"href":"https:\/\/siulubangos.lt\/lv\/wp-json\/wp\/v2\/media\/40658"}],"wp:attachment":[{"href":"https:\/\/siulubangos.lt\/lv\/wp-json\/wp\/v2\/media?parent=40686"}],"wp:term":[{"taxonomy":"product_brand","embeddable":true,"href":"https:\/\/siulubangos.lt\/lv\/wp-json\/wp\/v2\/product_brand?post=40686"},{"taxonomy":"product_cat","embeddable":true,"href":"https:\/\/siulubangos.lt\/lv\/wp-json\/wp\/v2\/product_cat?post=40686"},{"taxonomy":"product_tag","embeddable":true,"href":"https:\/\/siulubangos.lt\/lv\/wp-json\/wp\/v2\/product_tag?post=40686"}],"curies":[{"name":"wp","href":"https:\/\/api.w.org\/{rel}","templated":true}]}}