{"id":40870,"date":"2026-04-06T23:08:02","date_gmt":"2026-04-06T20:08:02","guid":{"rendered":"https:\/\/siulubangos.lt\/?post_type=product&#038;p=40870"},"modified":"2026-04-08T22:19:26","modified_gmt":"2026-04-08T19:19:26","slug":"fibra-natura-rafija-chunky-100-viskoze","status":"publish","type":"product","link":"https:\/\/siulubangos.lt\/lv\/parduotuve\/fibra-natura-raffia-chunky-100-viskoze\/","title":{"rendered":"Fibra Natura RAFFIA CHUNKY (100% viskoze)"},"content":{"rendered":"<h1>FibraNatura RAFFIA CHUNKY (100% viskoze) - dab\u012bg\u0101 rafija stil\u012bgiem aksesu\u0101riem<\/h1>\n<p><a href=\"https:\/\/siulubangos.lt\/wp-content\/uploads\/2026\/04\/raffia-chunky4.jpg\"><img loading=\"lazy\" decoding=\"async\" class=\"alignnone wp-image-40873\" src=\"https:\/\/siulubangos.lt\/wp-content\/uploads\/2026\/04\/raffia-chunky4.jpg\" alt=\"\" width=\"560\" height=\"560\" title=\"\" srcset=\"https:\/\/siulubangos.lt\/wp-content\/uploads\/2026\/04\/raffia-chunky4.jpg 1000w, https:\/\/siulubangos.lt\/wp-content\/uploads\/2026\/04\/raffia-chunky4-300x300.jpg 300w, https:\/\/siulubangos.lt\/wp-content\/uploads\/2026\/04\/raffia-chunky4-800x800.jpg 800w, https:\/\/siulubangos.lt\/wp-content\/uploads\/2026\/04\/raffia-chunky4-150x150.jpg 150w, https:\/\/siulubangos.lt\/wp-content\/uploads\/2026\/04\/raffia-chunky4-768x768.jpg 768w, https:\/\/siulubangos.lt\/wp-content\/uploads\/2026\/04\/raffia-chunky4-600x600.jpg 600w\" sizes=\"auto, (max-width: 560px) 100vw, 560px\" \/><\/a> <a href=\"https:\/\/siulubangos.lt\/wp-content\/uploads\/2026\/04\/raffia-chunky5.jpg\"><img loading=\"lazy\" decoding=\"async\" class=\"alignnone wp-image-40874\" src=\"https:\/\/siulubangos.lt\/wp-content\/uploads\/2026\/04\/raffia-chunky5.jpg\" alt=\"\" width=\"560\" height=\"560\" title=\"\" srcset=\"https:\/\/siulubangos.lt\/wp-content\/uploads\/2026\/04\/raffia-chunky5.jpg 1000w, https:\/\/siulubangos.lt\/wp-content\/uploads\/2026\/04\/raffia-chunky5-300x300.jpg 300w, https:\/\/siulubangos.lt\/wp-content\/uploads\/2026\/04\/raffia-chunky5-800x800.jpg 800w, https:\/\/siulubangos.lt\/wp-content\/uploads\/2026\/04\/raffia-chunky5-150x150.jpg 150w, https:\/\/siulubangos.lt\/wp-content\/uploads\/2026\/04\/raffia-chunky5-768x768.jpg 768w, https:\/\/siulubangos.lt\/wp-content\/uploads\/2026\/04\/raffia-chunky5-600x600.jpg 600w\" sizes=\"auto, (max-width: 560px) 100vw, 560px\" \/><\/a> <a href=\"https:\/\/siulubangos.lt\/wp-content\/uploads\/2026\/04\/raffia-chunky6.jpg\"><img loading=\"lazy\" decoding=\"async\" class=\"alignnone wp-image-40875\" src=\"https:\/\/siulubangos.lt\/wp-content\/uploads\/2026\/04\/raffia-chunky6.jpg\" alt=\"\" width=\"559\" height=\"559\" title=\"\" srcset=\"https:\/\/siulubangos.lt\/wp-content\/uploads\/2026\/04\/raffia-chunky6.jpg 1000w, https:\/\/siulubangos.lt\/wp-content\/uploads\/2026\/04\/raffia-chunky6-300x300.jpg 300w, https:\/\/siulubangos.lt\/wp-content\/uploads\/2026\/04\/raffia-chunky6-800x800.jpg 800w, https:\/\/siulubangos.lt\/wp-content\/uploads\/2026\/04\/raffia-chunky6-150x150.jpg 150w, https:\/\/siulubangos.lt\/wp-content\/uploads\/2026\/04\/raffia-chunky6-768x768.jpg 768w, https:\/\/siulubangos.lt\/wp-content\/uploads\/2026\/04\/raffia-chunky6-600x600.jpg 600w\" sizes=\"auto, (max-width: 559px) 100vw, 559px\" \/><\/a> <a href=\"https:\/\/siulubangos.lt\/wp-content\/uploads\/2026\/04\/raffia-chunky7.jpg\"><img loading=\"lazy\" decoding=\"async\" class=\"alignnone wp-image-40876\" src=\"https:\/\/siulubangos.lt\/wp-content\/uploads\/2026\/04\/raffia-chunky7.jpg\" alt=\"\" width=\"560\" height=\"560\" title=\"\" srcset=\"https:\/\/siulubangos.lt\/wp-content\/uploads\/2026\/04\/raffia-chunky7.jpg 1000w, https:\/\/siulubangos.lt\/wp-content\/uploads\/2026\/04\/raffia-chunky7-300x300.jpg 300w, https:\/\/siulubangos.lt\/wp-content\/uploads\/2026\/04\/raffia-chunky7-800x800.jpg 800w, https:\/\/siulubangos.lt\/wp-content\/uploads\/2026\/04\/raffia-chunky7-150x150.jpg 150w, https:\/\/siulubangos.lt\/wp-content\/uploads\/2026\/04\/raffia-chunky7-768x768.jpg 768w, https:\/\/siulubangos.lt\/wp-content\/uploads\/2026\/04\/raffia-chunky7-600x600.jpg 600w\" sizes=\"auto, (max-width: 560px) 100vw, 560px\" \/><\/a><\/p>\n<p>Atkl\u0101jiet FibraNatura RAFFIA CHUNKY, augst\u0101k\u0101s kvalit\u0101tes 100% celulozes dziju tiem, kas nov\u0113rt\u0113 dab\u012bgumu un formas stabilit\u0101ti. \u0160\u012b chunky rafija ir biez\u0101ka nek\u0101 standarta rafija, kas nodro\u0161ina \u0101tru darbu un sp\u0113c\u012bgu un struktur\u0113tu rezult\u0101tu.<\/p>\n<h4>K\u0101p\u0113c izv\u0113l\u0113ties FibraNatura Raffia CHUNKY?<\/h4>\n<ul>\n<li>Vides iztur\u012bba: at\u0161\u0137ir\u012bb\u0101 no pap\u012bra aizst\u0101j\u0113jiem \u0161\u012b rafija lieliski saglab\u0101 savu formu pat mitruma ietekm\u0113. Tas padara to par neaizst\u0101jamu materi\u0101lu \u0101ra aksesu\u0101riem un m\u0113bel\u0113m.<\/li>\n<li>Pat\u012bkams rado\u0161ais process: dzija ir izstr\u0101d\u0101ta t\u0101, lai ar to b\u016btu viegli un pat\u012bkami ad\u012bt un tambor\u0113t.<\/li>\n<li>Kr\u0101su palete: kolekcij\u0101 domin\u0113 maigi, paste\u013cto\u0146i, kas pie\u0161\u0137ir izstr\u0101d\u0101jumiem est\u0113tisku, boho stilu.<\/li>\n<li>Daudzpus\u012bba: lai gan rafija asoci\u0113jas ar vasaru, t\u0101s iztur\u012bba un dabiskais izskats ir piem\u0113rots projektiem, kurus var izmantot visu gadu.<\/li>\n<\/ul>\n<h4>Ko veidot ar \u0161o dziju?<\/h4>\n<p>Rafijas CHUNKY sp\u0113ja saglab\u0101t formu padara to ide\u0101li piem\u0113rotu:<\/p>\n<ul>\n<li>Modes aksesu\u0101ri: somas, pludmales somas, saules cepures, jostas vai maki.<\/li>\n<li>M\u0101jas m\u0101j\u012bgumam: galda papl\u0101tes (\u0161\u0137\u012bvji), stil\u012bgi celi\u0146i, uzglab\u0101\u0161anas grozi vai podi.<\/li>\n<\/ul>\n<h4>Tehnisk\u0101s apkopes ieteikumi<\/h4>\n<p>Lai saglab\u0101tu izstr\u0101d\u0101juma ilgm\u016b\u017e\u012bbu, m\u0113s iesak\u0101m:<\/p>\n<ul>\n<li>T\u012briet ar mitru dr\u0101nu un ziepj\u016bdeni.<\/li>\n<li>Ja nepiecie\u0161ams, mazg\u0101jiet ar rok\u0101m (maksim\u0101li 30\u00b0C).<\/li>\n<li>Sal\u012bdziniet tikai zem\u0101 temperat\u016br\u0101 un tikai caur aizsarg\u0101jo\u0161u dr\u0101nu.<\/li>\n<\/ul>","protected":false},"excerpt":{"rendered":"<p>Mekl\u0113jat iztur\u012bgu materi\u0101lu vasaras som\u0101m vai stil\u012bg\u0101m cepur\u0113m? FibraNatura RAFFIA CHUNKY ir bieza dzija, kas izgatavota no 100% celulozes, ar izcilu iztur\u012bbu un lielisku formas saglab\u0101\u0161anu.<\/p>\n<p>Pateicoties t\u0101s iztur\u012bbai pret mitrumu, \u0161\u012b rafija ir ide\u0101li piem\u0113rota ne tikai aksesu\u0101ru (rokassomi\u0146u, cepuru, jostu), bet ar\u012b \u0101ra terases dekoru vai galda kl\u0101jumu izgatavo\u0161anai. Ar to ir viegli un pat\u012bkami str\u0101d\u0101t, un paste\u013ckr\u0101su palete pie\u0161\u0137ir izstr\u0101d\u0101jumiem greznuma un dabiskuma saj\u016btu.<\/p>","protected":false},"featured_media":41298,"comment_status":"open","ping_status":"closed","template":"","meta":{"_acf_changed":false},"product_brand":[2585],"product_cat":[58,428,454,2061,429,1951,444],"product_tag":[2587],"class_list":{"0":"post-40870","1":"product","2":"type-product","3":"status-publish","4":"has-post-thumbnail","6":"product_brand-fibra-natura","7":"product_cat-siulai-mezgimui","8":"product_cat-gamintojas","9":"product_cat-naujienos-siulai","10":"product_cat-rafijos-siulai","11":"product_cat-sudetis","12":"product_cat-turkijos-gamintoju-siulai","13":"product_cat-viskozes-siulai","14":"product_tag-fibranatura","15":"pa_spalva-114-01-fibra-natura-raffia-chunky","16":"pa_spalva-114-02-fibra-natura-raffia-chunky","17":"pa_spalva-114-03-fibra-natura-raffia-chunky","18":"pa_spalva-114-04-fibra-natura-raffia-chunky","19":"pa_spalva-114-05-fibra-natura-raffia-chunky","20":"pa_spalva-114-11-fibra-natura-raffia-chunky","21":"pa_spalva-114-13-fibra-natura-raffia-chunky","22":"pa_spalva-114-14-fibra-natura-raffia-chunky","23":"pa_spalva-114-16-fibra-natura-raffia-chunky","24":"pa_spalva-114-17-fibra-natura-raffia-chunky","25":"pa_spalva-114-20-fibra-natura-raffia-chunky","26":"pa_spalva-114-21-fibra-natura-raffia-chunky","27":"pa_spalva-114-22-fibra-natura-raffia-chunky","28":"pa_spalva-114-23-fibra-natura-raffia-chunky","29":"pa_spalva-114-26-fibra-natura-raffia-chunky","30":"pa_svoris-ilgis-100-g-120-m","32":"first","33":"instock","34":"sale","35":"taxable","36":"shipping-taxable","37":"purchasable","38":"product-type-variable"},"acf":[],"_links":{"self":[{"href":"https:\/\/siulubangos.lt\/lv\/wp-json\/wp\/v2\/product\/40870","targetHints":{"allow":["GET"]}}],"collection":[{"href":"https:\/\/siulubangos.lt\/lv\/wp-json\/wp\/v2\/product"}],"about":[{"href":"https:\/\/siulubangos.lt\/lv\/wp-json\/wp\/v2\/types\/product"}],"replies":[{"embeddable":true,"href":"https:\/\/siulubangos.lt\/lv\/wp-json\/wp\/v2\/comments?post=40870"}],"version-history":[{"count":0,"href":"https:\/\/siulubangos.lt\/lv\/wp-json\/wp\/v2\/product\/40870\/revisions"}],"wp:featuredmedia":[{"embeddable":true,"href":"https:\/\/siulubangos.lt\/lv\/wp-json\/wp\/v2\/media\/41298"}],"wp:attachment":[{"href":"https:\/\/siulubangos.lt\/lv\/wp-json\/wp\/v2\/media?parent=40870"}],"wp:term":[{"taxonomy":"product_brand","embeddable":true,"href":"https:\/\/siulubangos.lt\/lv\/wp-json\/wp\/v2\/product_brand?post=40870"},{"taxonomy":"product_cat","embeddable":true,"href":"https:\/\/siulubangos.lt\/lv\/wp-json\/wp\/v2\/product_cat?post=40870"},{"taxonomy":"product_tag","embeddable":true,"href":"https:\/\/siulubangos.lt\/lv\/wp-json\/wp\/v2\/product_tag?post=40870"}],"curies":[{"name":"wp","href":"https:\/\/api.w.org\/{rel}","templated":true}]}}