{"id":40914,"date":"2026-04-06T23:30:53","date_gmt":"2026-04-06T20:30:53","guid":{"rendered":"https:\/\/siulubangos.lt\/?post_type=product&#038;p=40914"},"modified":"2026-04-15T09:59:10","modified_gmt":"2026-04-15T06:59:10","slug":"karte-angora-dabiga-vilna-akrils","status":"publish","type":"product","link":"https:\/\/siulubangos.lt\/lv\/parduotuve\/kartopu-angora-natural-vilna-akrilas\/","title":{"rendered":"Kartopu ANGORA NATURAL (vilna, akrils)"},"content":{"rendered":"<h3>Kartopu ANGORA NATURAL\u00a0 (80% akrilas, 20% vilna) &#8211; prakti\u0161ki si\u016blai mezginiams<\/h3>\n<p><a href=\"https:\/\/siulubangos.lt\/wp-content\/uploads\/2026\/04\/42.jpg\"><img loading=\"lazy\" decoding=\"async\" class=\"alignnone wp-image-40941\" src=\"https:\/\/siulubangos.lt\/wp-content\/uploads\/2026\/04\/42.jpg\" alt=\"\" width=\"560\" height=\"560\" title=\"\" srcset=\"https:\/\/siulubangos.lt\/wp-content\/uploads\/2026\/04\/42.jpg 2560w, https:\/\/siulubangos.lt\/wp-content\/uploads\/2026\/04\/42-300x300.jpg 300w, https:\/\/siulubangos.lt\/wp-content\/uploads\/2026\/04\/42-800x800.jpg 800w, https:\/\/siulubangos.lt\/wp-content\/uploads\/2026\/04\/42-150x150.jpg 150w, https:\/\/siulubangos.lt\/wp-content\/uploads\/2026\/04\/42-768x768.jpg 768w, https:\/\/siulubangos.lt\/wp-content\/uploads\/2026\/04\/42-1536x1536.jpg 1536w, https:\/\/siulubangos.lt\/wp-content\/uploads\/2026\/04\/42-2048x2048.jpg 2048w, https:\/\/siulubangos.lt\/wp-content\/uploads\/2026\/04\/42-600x600.jpg 600w, https:\/\/siulubangos.lt\/wp-content\/uploads\/2026\/04\/42-1200x1200.jpg 1200w\" sizes=\"auto, (max-width: 560px) 100vw, 560px\" \/><\/a> <a href=\"https:\/\/siulubangos.lt\/wp-content\/uploads\/2026\/04\/49.jpg\"><img loading=\"lazy\" decoding=\"async\" class=\"alignnone wp-image-40942\" src=\"https:\/\/siulubangos.lt\/wp-content\/uploads\/2026\/04\/49.jpg\" alt=\"\" width=\"560\" height=\"560\" title=\"\" srcset=\"https:\/\/siulubangos.lt\/wp-content\/uploads\/2026\/04\/49.jpg 2560w, https:\/\/siulubangos.lt\/wp-content\/uploads\/2026\/04\/49-300x300.jpg 300w, https:\/\/siulubangos.lt\/wp-content\/uploads\/2026\/04\/49-800x800.jpg 800w, https:\/\/siulubangos.lt\/wp-content\/uploads\/2026\/04\/49-150x150.jpg 150w, https:\/\/siulubangos.lt\/wp-content\/uploads\/2026\/04\/49-768x768.jpg 768w, https:\/\/siulubangos.lt\/wp-content\/uploads\/2026\/04\/49-1536x1536.jpg 1536w, https:\/\/siulubangos.lt\/wp-content\/uploads\/2026\/04\/49-2048x2048.jpg 2048w, https:\/\/siulubangos.lt\/wp-content\/uploads\/2026\/04\/49-600x600.jpg 600w, https:\/\/siulubangos.lt\/wp-content\/uploads\/2026\/04\/49-1200x1200.jpg 1200w\" sizes=\"auto, (max-width: 560px) 100vw, 560px\" \/><\/a><\/p>\n<p>Kartopu ANGORA NATURAL yra klasikinio tipo si\u016blai, sukurti kasdieniams rankdarbiams. Pagrindinis \u0161i\u0173 si\u016bl\u0173 privalumas &#8211; itin didelis metra\u017eas ir nedidel\u0117 kaina, leid\u017eianti numegzti didel\u012f gamin\u012f sunaudojant vos kelis kamuoliukus.<\/p>\n<p><strong>Funkcijas un lietojums:<\/strong><\/p>\n<ul>\n<li>Siltums: vilnas saturs pie\u0161\u0137ir ad\u012bjumam m\u0101j\u012bgu p\u016bkainumu, kas aiztur siltumu.<\/li>\n<li>Praktiskums: trikot\u0101\u017eas pamat\u0101 ir akrils, kas padara to iztur\u012bgu, maz\u0101k saraucas ve\u013cas mazg\u0101\u0161anas laik\u0101 un ir piem\u0113rots jut\u012bgai \u0101dai (maz\u0101k \u201eko\u017e\u201c nek\u0101 t\u012bra vilna).<\/li>\n<li>Rentabls: no vienas bumbi\u0146as (550 m) var uzad\u012bt pilnu baktusu vai a\u017e\u016bru \u0161alli.<\/li>\n<li>M\u0113r\u0137is: galvenok\u0101rt tiek izmantots pl\u0101nu, bet p\u016bkainu d\u017eemperu, vestu, \u0161alles un citu aksesu\u0101ru ad\u012b\u0161anai rudens un ziemas sezonai.<\/li>\n<\/ul>","protected":false},"excerpt":{"rendered":"<p>Kartopu ANGORA NATURAL &#8211; ploni, p\u016bkuoti si\u016blai su vilna. Tai ekonomi\u0161kas pasirinkimas ie\u0161kantiems didelio metra\u017eo: vienas 100 g ritin\u0117lis turi net 550 metr\u0173. Si\u016blas skirtas lengviems, bet \u0161iltiems mezginiams &#8211; skaroms, \u0161aliams ir ploniems megztukams.<\/p>","protected":false},"featured_media":40928,"comment_status":"open","ping_status":"closed","template":"","meta":{"_acf_changed":false},"product_brand":[2702],"product_cat":[58,443,428,493,453,436,1951,445],"product_tag":[2594],"class_list":{"0":"post-40914","1":"product","2":"type-product","3":"status-publish","4":"has-post-thumbnail","6":"product_brand-kartopu","7":"product_cat-siulai-mezgimui","8":"product_cat-akrilo-siulai","9":"product_cat-gamintojas","10":"product_cat-itin-ploni-siulai","11":"product_cat-nuolaidos","12":"product_cat-pusvilnes-siulai","13":"product_cat-turkijos-gamintoju-siulai","14":"product_cat-vilnos-siulai","15":"product_tag-kartopu","16":"pa_pluostas-vilna","17":"pa_spalva-010-kartopu-angora-natural","18":"pa_spalva-013-kartopu-angora-natural","19":"pa_spalva-025-kartopu-angora-natural","20":"pa_spalva-114-kartopu-angora-natural","21":"pa_spalva-263-kartopu-angora-natural","22":"pa_spalva-310-kartopu-angora-natural","23":"pa_spalva-426-kartopu-angora-natural","24":"pa_spalva-709-kartopu-angora-natural","25":"pa_spalva-742-kartopu-angora-natural","26":"pa_spalva-746-kartopu-angora-natural","27":"pa_spalva-754-kartopu-angora-natural","28":"pa_spalva-758-kartopu-angora-natural","29":"pa_spalva-762-kartopu-angora-natural","30":"pa_spalva-776-kartopu-angora-natural","31":"pa_spalva-778-kartopu-angora-natural","32":"pa_spalva-780-kartopu-angora-natural-2","33":"pa_spalva-843-kartopu-angora-natural","34":"pa_spalva-844-kartopu-angora-natural","35":"pa_spalva-855-kartopu-angora-natural","36":"pa_spalva-861-kartopu-angora-natural","37":"pa_spalva-880-kartopu-angora-natural","38":"pa_spalva-899-kartopu-angora-natural","39":"pa_spalva-940-kartopu-angora-natural","40":"pa_spalva-988-kartopu-angora-natural","41":"pa_spalva-989-kartopu-angora-natural-salta","42":"pa_svoris-ilgis-100-g-550-m","44":"first","45":"instock","46":"sale","47":"taxable","48":"shipping-taxable","49":"purchasable","50":"product-type-variable"},"acf":[],"_links":{"self":[{"href":"https:\/\/siulubangos.lt\/lv\/wp-json\/wp\/v2\/product\/40914","targetHints":{"allow":["GET"]}}],"collection":[{"href":"https:\/\/siulubangos.lt\/lv\/wp-json\/wp\/v2\/product"}],"about":[{"href":"https:\/\/siulubangos.lt\/lv\/wp-json\/wp\/v2\/types\/product"}],"replies":[{"embeddable":true,"href":"https:\/\/siulubangos.lt\/lv\/wp-json\/wp\/v2\/comments?post=40914"}],"version-history":[{"count":1,"href":"https:\/\/siulubangos.lt\/lv\/wp-json\/wp\/v2\/product\/40914\/revisions"}],"predecessor-version":[{"id":41518,"href":"https:\/\/siulubangos.lt\/lv\/wp-json\/wp\/v2\/product\/40914\/revisions\/41518"}],"wp:featuredmedia":[{"embeddable":true,"href":"https:\/\/siulubangos.lt\/lv\/wp-json\/wp\/v2\/media\/40928"}],"wp:attachment":[{"href":"https:\/\/siulubangos.lt\/lv\/wp-json\/wp\/v2\/media?parent=40914"}],"wp:term":[{"taxonomy":"product_brand","embeddable":true,"href":"https:\/\/siulubangos.lt\/lv\/wp-json\/wp\/v2\/product_brand?post=40914"},{"taxonomy":"product_cat","embeddable":true,"href":"https:\/\/siulubangos.lt\/lv\/wp-json\/wp\/v2\/product_cat?post=40914"},{"taxonomy":"product_tag","embeddable":true,"href":"https:\/\/siulubangos.lt\/lv\/wp-json\/wp\/v2\/product_tag?post=40914"}],"curies":[{"name":"wp","href":"https:\/\/api.w.org\/{rel}","templated":true}]}}