{"id":41407,"date":"2026-04-14T22:01:23","date_gmt":"2026-04-14T19:01:23","guid":{"rendered":"https:\/\/siulubangos.lt\/?post_type=product&#038;p=41407"},"modified":"2026-04-14T22:19:49","modified_gmt":"2026-04-14T19:19:49","slug":"rozarios4-alfama-100-lins","status":"publish","type":"product","link":"https:\/\/siulubangos.lt\/lv\/parduotuve\/rosarios4-alfama-100-linas\/","title":{"rendered":"Rosarios4 ALFAMA (100% lini)"},"content":{"rendered":"<h1>Rosarios4 ALFAMA - 100% T\u012bra lina burv\u012bba katr\u0101 cilp\u0101!<a href=\"https:\/\/siulubangos.lt\/wp-content\/uploads\/2026\/04\/Marvila_Rosarios4_2026-3.jpg\">\u00a0<\/a><a href=\"https:\/\/siulubangos.lt\/wp-content\/uploads\/2026\/04\/alfama_01.png\"><img loading=\"lazy\" decoding=\"async\" class=\"alignnone wp-image-41408\" src=\"https:\/\/siulubangos.lt\/wp-content\/uploads\/2026\/04\/alfama_01.png\" alt=\"\" width=\"561\" height=\"737\" title=\"\" srcset=\"https:\/\/siulubangos.lt\/wp-content\/uploads\/2026\/04\/alfama_01.png 886w, https:\/\/siulubangos.lt\/wp-content\/uploads\/2026\/04\/alfama_01-228x300.png 228w, https:\/\/siulubangos.lt\/wp-content\/uploads\/2026\/04\/alfama_01-609x800.png 609w, https:\/\/siulubangos.lt\/wp-content\/uploads\/2026\/04\/alfama_01-768x1009.png 768w, https:\/\/siulubangos.lt\/wp-content\/uploads\/2026\/04\/alfama_01-600x788.png 600w, https:\/\/siulubangos.lt\/wp-content\/uploads\/2026\/04\/alfama_01-150x197.png 150w\" sizes=\"auto, (max-width: 561px) 100vw, 561px\" \/> \u00a0<\/a><a href=\"https:\/\/siulubangos.lt\/wp-content\/uploads\/2026\/04\/alfama_03.png\"><img loading=\"lazy\" decoding=\"async\" class=\"alignnone wp-image-41410\" src=\"https:\/\/siulubangos.lt\/wp-content\/uploads\/2026\/04\/alfama_03.png\" alt=\"\" width=\"561\" height=\"737\" title=\"\" srcset=\"https:\/\/siulubangos.lt\/wp-content\/uploads\/2026\/04\/alfama_03.png 886w, https:\/\/siulubangos.lt\/wp-content\/uploads\/2026\/04\/alfama_03-228x300.png 228w, https:\/\/siulubangos.lt\/wp-content\/uploads\/2026\/04\/alfama_03-609x800.png 609w, https:\/\/siulubangos.lt\/wp-content\/uploads\/2026\/04\/alfama_03-768x1009.png 768w, https:\/\/siulubangos.lt\/wp-content\/uploads\/2026\/04\/alfama_03-600x788.png 600w, https:\/\/siulubangos.lt\/wp-content\/uploads\/2026\/04\/alfama_03-150x197.png 150w\" sizes=\"auto, (max-width: 561px) 100vw, 561px\" \/>\u00a0 <\/a><a href=\"https:\/\/siulubangos.lt\/wp-content\/uploads\/2026\/04\/alfama_02.png\"><img loading=\"lazy\" decoding=\"async\" class=\"alignnone wp-image-41409\" src=\"https:\/\/siulubangos.lt\/wp-content\/uploads\/2026\/04\/alfama_02.png\" alt=\"\" width=\"560\" height=\"736\" title=\"\" srcset=\"https:\/\/siulubangos.lt\/wp-content\/uploads\/2026\/04\/alfama_02.png 886w, https:\/\/siulubangos.lt\/wp-content\/uploads\/2026\/04\/alfama_02-228x300.png 228w, https:\/\/siulubangos.lt\/wp-content\/uploads\/2026\/04\/alfama_02-609x800.png 609w, https:\/\/siulubangos.lt\/wp-content\/uploads\/2026\/04\/alfama_02-768x1009.png 768w, https:\/\/siulubangos.lt\/wp-content\/uploads\/2026\/04\/alfama_02-600x788.png 600w, https:\/\/siulubangos.lt\/wp-content\/uploads\/2026\/04\/alfama_02-150x197.png 150w\" sizes=\"auto, (max-width: 560px) 100vw, 560px\" \/>\u00a0 <\/a><a href=\"https:\/\/siulubangos.lt\/wp-content\/uploads\/2026\/04\/Alfama_Rosarios4_2025-1.png\"><img loading=\"lazy\" decoding=\"async\" class=\"alignnone wp-image-41411\" src=\"https:\/\/siulubangos.lt\/wp-content\/uploads\/2026\/04\/Alfama_Rosarios4_2025-1.png\" alt=\"\" width=\"508\" height=\"737\" title=\"\" srcset=\"https:\/\/siulubangos.lt\/wp-content\/uploads\/2026\/04\/Alfama_Rosarios4_2025-1.png 1299w, https:\/\/siulubangos.lt\/wp-content\/uploads\/2026\/04\/Alfama_Rosarios4_2025-1-207x300.png 207w, https:\/\/siulubangos.lt\/wp-content\/uploads\/2026\/04\/Alfama_Rosarios4_2025-1-552x800.png 552w, https:\/\/siulubangos.lt\/wp-content\/uploads\/2026\/04\/Alfama_Rosarios4_2025-1-768x1114.png 768w, https:\/\/siulubangos.lt\/wp-content\/uploads\/2026\/04\/Alfama_Rosarios4_2025-1-1059x1536.png 1059w, https:\/\/siulubangos.lt\/wp-content\/uploads\/2026\/04\/Alfama_Rosarios4_2025-1-600x870.png 600w, https:\/\/siulubangos.lt\/wp-content\/uploads\/2026\/04\/Alfama_Rosarios4_2025-1-1200x1740.png 1200w, https:\/\/siulubangos.lt\/wp-content\/uploads\/2026\/04\/Alfama_Rosarios4_2025-1-150x218.png 150w\" sizes=\"auto, (max-width: 508px) 100vw, 508px\" \/><\/a><\/h1>\n<p>Ja mekl\u0113jat dziju, kas apvieno dabas v\u0113sumu un greznu izskatu, Rosarios4 ALFAMA ir j\u016bsu atbilde. \u0160\u012b dzija, kas ra\u017eota Portug\u0101l\u0113 no r\u016bp\u012bgi atlas\u012btas lina \u0161\u0137iedras, iemieso ilgtsp\u0113j\u012bgu modi un p\u0101rlaic\u012bgu stilu.<\/p>\n<h3>Ar ko ALFAMA ir unik\u0101la?<\/h3>\n<ul>\n<li>Perfekta izv\u0113le audumiem: ALFAMA ir viena no lab\u0101kaj\u0101m izv\u0113l\u0113m tambor\u0113\u0161anai, pateicoties t\u0101s vij\u012bgumam un lieliskajam biezumam. Tambor\u0113jumi saglab\u0101 formu, un raksti izskat\u0101s \u013coti ko\u0161i un izteiksm\u012bgi.<\/li>\n<li>Termoregul\u0101cija: lins ir \u201edz\u012bva\u201c \u0161\u0137iedra - tas atv\u0113sina karstum\u0101 un pat\u012bkami sasilda v\u0113s\u0101kos vasaras vakaros. T\u0101 ir higi\u0113niska, antistatiska un piln\u012bgi nekait\u012bga izv\u0113le.<\/li>\n<li>Ekolo\u0123iska un veg\u0101niska: \u0160\u012b dzija ir mar\u0137\u0113ta k\u0101 \u201eYarn Vegan\u201c un ir ra\u017eota videi draudz\u012bg\u0101 veid\u0101, neizmantojot nek\u0101dus dz\u012bvnieku izcelsmes produktus vai kait\u012bgas kr\u0101svielas.<\/li>\n<li>M\u012bkstin\u0101\u0161anas fenomens: jauns lina ad\u012bjums var \u0161\u0137ist nedaudz ciets (dabiska lina \u012bpa\u0161\u012bba), ta\u010du ar katru mazg\u0101\u0161anas un valk\u0101\u0161anas reizi ALFAMA k\u013c\u016bst m\u012bkst\u0101ks, lokan\u0101ks un pat\u012bkam\u0101ks \u0137ermenim.<\/li>\n<\/ul>\n<h3>Rado\u0161as idejas<\/h3>\n<p>Ar ALFAMA ad\u0101madatas\/ad\u012b\u0161anas dziju j\u016bs rad\u012bsiet:<\/p>\n<ul>\n<li>Smalku, a\u017e\u016bru bl\u016b\u017eu un kreklu ap\u0123\u0113rbam;<\/li>\n<li>Vieglas \u0161alles, kas pasarg\u0101 no saules;<\/li>\n<li>Vasaras kardig\u0101niem;<\/li>\n<li>Tambor\u0113t\u0101m som\u0101m, kur\u0101m ir j\u0101saglab\u0101 forma.<\/li>\n<\/ul>\n<p>Rosarios4 pied\u0101v\u0101 bezmaksas ad\u012b\u0161anas mode\u013cus, kurus j\u016bs atrad\u012bsiet. <a href=\"https:\/\/rosarios4.com\/en\/montra\/alfama-shawl\/\" target=\"_blank\" rel=\"noopener\">\u0160EIT<\/a><\/p>\n<p><strong>Padoms<\/strong><\/p>\n<p>Linam nepiem\u012bt elast\u012bba, t\u0101p\u0113c iesak\u0101m izv\u0113l\u0113ties \u0113rtu, nesl\u012bdo\u0161u ad\u0101mpavedienu (piem\u0113ram, bambusa). Ja j\u016bsu ad\u012bjums izskat\u0101s nedaudz nel\u012bdzens, neuztraucieties, p\u0113c pirm\u0101s mazg\u0101\u0161anas lina valdzi\u0146i \u201enost\u0101sies sav\u0101s viet\u0101s\u201c, un izskats b\u016bs perfekts.<\/p>","protected":false},"excerpt":{"rendered":"<p>Rosarios4 ALFAMA ir 100% dab\u012bga lina dzija tiem, kas nov\u0113rt\u0113 vieglumu un izsmalcin\u0101t\u012bbu. \u0160\u012b dzija ir \u013coti iztur\u012bga, ar skaistu kritumu un autentisku tekst\u016bru. Sertific\u0113ta k\u0101 veg\u0101ns, ALFAMA dzija ir ide\u0101li piem\u0113rota smalkiem me\u017e\u0123\u012b\u0146u kabe\u013ciem un elegantiem kabe\u013cu ad\u012bjumiem. T\u0101 ir ide\u0101la izv\u0113le karst\u0101kaj\u0101m vasaras dien\u0101m.<\/p>","protected":false},"featured_media":41418,"comment_status":"open","ping_status":"closed","template":"","meta":{"_acf_changed":false},"product_brand":[],"product_cat":[58,428,437,454,429],"product_tag":[2750],"class_list":{"0":"post-41407","1":"product","2":"type-product","3":"status-publish","4":"has-post-thumbnail","6":"product_cat-siulai-mezgimui","7":"product_cat-gamintojas","8":"product_cat-lininiai-siulai","9":"product_cat-naujienos-siulai","10":"product_cat-sudetis","11":"product_tag-rosarios4","12":"pa_pluostas-vilna","13":"pa_spalva-03-alfama-rosarios4","14":"pa_spalva-05-alfama-rosarios4","15":"pa_spalva-11-alfama-rosarios4","16":"pa_spalva-15-alfama-rosarios4","17":"pa_spalva-21-alfama-rosarios4","18":"pa_spalva-25-alfama-rosarios4","19":"pa_spalva-27-alfama-rosarios4","20":"pa_spalva-29-alfama-rosarios4","21":"pa_spalva-31-alfama-rosarios4","22":"pa_spalva-33-alfama-rosarios4","23":"pa_spalva-35-alfama-rosarios4","24":"pa_spalva-37-alfama-rosarios4","25":"pa_spalva-39-alfama-rosarios4","26":"pa_spalva-41-alfama-rosarios4","27":"pa_spalva-43-alfama-rosarios4","28":"pa_spalva-45-alfama-rosarios4","29":"pa_spalva-47-alfama-rosarios4","30":"pa_spalva-49-alfama-rosarios4","31":"pa_svoris-ilgis-50-g-125-m","33":"first","34":"instock","35":"taxable","36":"shipping-taxable","37":"purchasable","38":"product-type-variable"},"acf":[],"_links":{"self":[{"href":"https:\/\/siulubangos.lt\/lv\/wp-json\/wp\/v2\/product\/41407","targetHints":{"allow":["GET"]}}],"collection":[{"href":"https:\/\/siulubangos.lt\/lv\/wp-json\/wp\/v2\/product"}],"about":[{"href":"https:\/\/siulubangos.lt\/lv\/wp-json\/wp\/v2\/types\/product"}],"replies":[{"embeddable":true,"href":"https:\/\/siulubangos.lt\/lv\/wp-json\/wp\/v2\/comments?post=41407"}],"version-history":[{"count":0,"href":"https:\/\/siulubangos.lt\/lv\/wp-json\/wp\/v2\/product\/41407\/revisions"}],"wp:featuredmedia":[{"embeddable":true,"href":"https:\/\/siulubangos.lt\/lv\/wp-json\/wp\/v2\/media\/41418"}],"wp:attachment":[{"href":"https:\/\/siulubangos.lt\/lv\/wp-json\/wp\/v2\/media?parent=41407"}],"wp:term":[{"taxonomy":"product_brand","embeddable":true,"href":"https:\/\/siulubangos.lt\/lv\/wp-json\/wp\/v2\/product_brand?post=41407"},{"taxonomy":"product_cat","embeddable":true,"href":"https:\/\/siulubangos.lt\/lv\/wp-json\/wp\/v2\/product_cat?post=41407"},{"taxonomy":"product_tag","embeddable":true,"href":"https:\/\/siulubangos.lt\/lv\/wp-json\/wp\/v2\/product_tag?post=41407"}],"curies":[{"name":"wp","href":"https:\/\/api.w.org\/{rel}","templated":true}]}}