{"id":41535,"date":"2026-04-16T12:52:35","date_gmt":"2026-04-16T09:52:35","guid":{"rendered":"https:\/\/siulubangos.lt\/?post_type=product&#038;p=41535"},"modified":"2026-04-17T12:33:26","modified_gmt":"2026-04-17T09:33:26","slug":"rosarios4-caravela-100-bambuko-viskoze","status":"publish","type":"product","link":"https:\/\/siulubangos.lt\/lv\/parduotuve\/rosarios4-caravela-100-bambuko-viskoze\/","title":{"rendered":"Rosarios4 CARAVELA (100% bambusa viskoze)"},"content":{"rendered":"<h1>Rosarios4 CARAVELA &#8211; 100% bambuko viskoz\u0117s si\u016blai vasaros mezginiams!<\/h1>\n<p><a href=\"https:\/\/siulubangos.lt\/wp-content\/uploads\/2026\/04\/rosarios4-caravela.jpg\"><img loading=\"lazy\" decoding=\"async\" class=\"alignnone  wp-image-41568\" src=\"https:\/\/siulubangos.lt\/wp-content\/uploads\/2026\/04\/rosarios4-caravela.jpg\" alt=\"\" width=\"559\" height=\"734\" title=\"\" srcset=\"https:\/\/siulubangos.lt\/wp-content\/uploads\/2026\/04\/rosarios4-caravela.jpg 886w, https:\/\/siulubangos.lt\/wp-content\/uploads\/2026\/04\/rosarios4-caravela-228x300.jpg 228w, https:\/\/siulubangos.lt\/wp-content\/uploads\/2026\/04\/rosarios4-caravela-609x800.jpg 609w, https:\/\/siulubangos.lt\/wp-content\/uploads\/2026\/04\/rosarios4-caravela-768x1009.jpg 768w, https:\/\/siulubangos.lt\/wp-content\/uploads\/2026\/04\/rosarios4-caravela-9x12.jpg 9w, https:\/\/siulubangos.lt\/wp-content\/uploads\/2026\/04\/rosarios4-caravela-600x788.jpg 600w, https:\/\/siulubangos.lt\/wp-content\/uploads\/2026\/04\/rosarios4-caravela-150x197.jpg 150w\" sizes=\"auto, (max-width: 559px) 100vw, 559px\" \/>\u00a0 <\/a><a href=\"https:\/\/siulubangos.lt\/wp-content\/uploads\/2026\/04\/rosarios4-caravela-3.jpg\"><img loading=\"lazy\" decoding=\"async\" class=\"alignnone  wp-image-41567\" src=\"https:\/\/siulubangos.lt\/wp-content\/uploads\/2026\/04\/rosarios4-caravela-3.jpg\" alt=\"\" width=\"559\" height=\"734\" title=\"\" srcset=\"https:\/\/siulubangos.lt\/wp-content\/uploads\/2026\/04\/rosarios4-caravela-3.jpg 886w, https:\/\/siulubangos.lt\/wp-content\/uploads\/2026\/04\/rosarios4-caravela-3-228x300.jpg 228w, https:\/\/siulubangos.lt\/wp-content\/uploads\/2026\/04\/rosarios4-caravela-3-609x800.jpg 609w, https:\/\/siulubangos.lt\/wp-content\/uploads\/2026\/04\/rosarios4-caravela-3-768x1009.jpg 768w, https:\/\/siulubangos.lt\/wp-content\/uploads\/2026\/04\/rosarios4-caravela-3-9x12.jpg 9w, https:\/\/siulubangos.lt\/wp-content\/uploads\/2026\/04\/rosarios4-caravela-3-600x788.jpg 600w, https:\/\/siulubangos.lt\/wp-content\/uploads\/2026\/04\/rosarios4-caravela-3-150x197.jpg 150w\" sizes=\"auto, (max-width: 559px) 100vw, 559px\" \/><\/a><a href=\"https:\/\/siulubangos.lt\/wp-content\/uploads\/2026\/04\/rosarios4-caravela-2.jpg\"><img loading=\"lazy\" decoding=\"async\" class=\"alignnone  wp-image-41566\" src=\"https:\/\/siulubangos.lt\/wp-content\/uploads\/2026\/04\/rosarios4-caravela-2.jpg\" alt=\"\" width=\"560\" height=\"736\" title=\"\" srcset=\"https:\/\/siulubangos.lt\/wp-content\/uploads\/2026\/04\/rosarios4-caravela-2.jpg 886w, https:\/\/siulubangos.lt\/wp-content\/uploads\/2026\/04\/rosarios4-caravela-2-228x300.jpg 228w, https:\/\/siulubangos.lt\/wp-content\/uploads\/2026\/04\/rosarios4-caravela-2-609x800.jpg 609w, https:\/\/siulubangos.lt\/wp-content\/uploads\/2026\/04\/rosarios4-caravela-2-768x1009.jpg 768w, https:\/\/siulubangos.lt\/wp-content\/uploads\/2026\/04\/rosarios4-caravela-2-9x12.jpg 9w, https:\/\/siulubangos.lt\/wp-content\/uploads\/2026\/04\/rosarios4-caravela-2-600x788.jpg 600w, https:\/\/siulubangos.lt\/wp-content\/uploads\/2026\/04\/rosarios4-caravela-2-150x197.jpg 150w\" sizes=\"auto, (max-width: 560px) 100vw, 560px\" \/>\u00a0 <\/a><a href=\"https:\/\/siulubangos.lt\/wp-content\/uploads\/2026\/04\/rosarios4-caravela.png\"><img loading=\"lazy\" decoding=\"async\" class=\"alignnone  wp-image-41569\" src=\"https:\/\/siulubangos.lt\/wp-content\/uploads\/2026\/04\/rosarios4-caravela.png\" alt=\"\" width=\"560\" height=\"736\" title=\"\" srcset=\"https:\/\/siulubangos.lt\/wp-content\/uploads\/2026\/04\/rosarios4-caravela.png 886w, https:\/\/siulubangos.lt\/wp-content\/uploads\/2026\/04\/rosarios4-caravela-228x300.png 228w, https:\/\/siulubangos.lt\/wp-content\/uploads\/2026\/04\/rosarios4-caravela-609x800.png 609w, https:\/\/siulubangos.lt\/wp-content\/uploads\/2026\/04\/rosarios4-caravela-768x1009.png 768w, https:\/\/siulubangos.lt\/wp-content\/uploads\/2026\/04\/rosarios4-caravela-9x12.png 9w, https:\/\/siulubangos.lt\/wp-content\/uploads\/2026\/04\/rosarios4-caravela-600x788.png 600w, https:\/\/siulubangos.lt\/wp-content\/uploads\/2026\/04\/rosarios4-caravela-150x197.png 150w\" sizes=\"auto, (max-width: 560px) 100vw, 560px\" \/><\/a><\/p>\n<p>Rosarios4 CARAVELA &#8211; tai eleganti\u0161ki ir universal\u016bs bambuko viskoz\u0117s si\u016blai, sukurti ie\u0161kantiems lengvo, \u0161velnaus ir dailiai krintan\u010dio si\u016blo \u0161iltajam sezonui. D\u0117l savo sud\u0117ties \u0161is si\u016blas yra malonus liesti, turi subtil\u0173 nat\u016bral\u0173 \u017evilges\u012f ir puikiai tinka mezginiams, kuriuose norisi lengvumo bei gra\u017eios kritimo linijos. Oficialiai \u0161is si\u016blas sudarytas i\u0161 100% bambuko viskoz\u0117s.<\/p>\n<p>Rosarios4 CARAVELA &#8211; tinka tiek subtiliems \u0430\u017e\u016briniams, tiek lygesnio ra\u0161to mezginiams. Viename 100 g kamuolyje yra net 350 metr\u0173, tod\u0117l si\u016blas yra ekonomi\u0161kas ir leid\u017eia kurti lengvus, neapsunkintus drabu\u017eius bei aksesuarus. Gamintojas rekomenduoja 2.5-3 mm virbalus, o moteri\u0161kam M dyd\u017eio megztiniui orientaci\u0161kai nurodo apie 6 kamuolius.<\/p>\n<h3>\u0160ie si\u016blai vasaros mezginiams ypa\u010d tinka<\/h3>\n<ul>\n<li>vasarin\u0117ms palaidin\u0117ms, suknel\u0117ms ir topams,<\/li>\n<li>lengviems megztiniams,<\/li>\n<li>skaroms ir skraist\u0117ms,<\/li>\n<li>\u0161alik\u0117liams,<\/li>\n<li>subtiliems nertiems ar megztiems aksesuarams.<\/li>\n<\/ul>\n<p>Rosarios4 savo modeliuose taip pat naudoja CARAVELA skaroms, palaidin\u0117ms ir liemen\u0117ms, kas gerai parodo \u0161io si\u016blo tinkamum\u0105 lengviems, dekoratyviems projektams.<\/p>\n<p>Jei ie\u0161kote si\u016blo, kuris b\u016bt\u0173 \u0161velnus, dailiai krintantis, lengvas ir tinkamas vasarai, Rosarios4 CARAVELA yra puikus pasirinkimas tiek kasdieniams, tiek i\u0161skirtiniams mezginiams. Tai si\u016blas, kuris padeda sukurti eleganti\u0161k\u0105, patog\u0173 ir vizualiai lengv\u0105 drabu\u017e\u012f.<\/p>\n<h3>Kop\u0161ana<\/h3>\n<p>Kad mezginys kuo ilgiau i\u0161likt\u0173 gra\u017eus, rekomenduojama skalbti iki 30 \u00b0C temperat\u016broje, d\u017eiovinti patiesus ir vengti d\u017eiovykl\u0117s. Lyginti tik \u017eema temperat\u016bra.<\/p>","protected":false},"excerpt":{"rendered":"<p>Rosarios4 CARAVELA &#8211; tai auk\u0161tos kokyb\u0117s 100% bambuko viskoz\u0117s si\u016blai, i\u0161siskiriantys \u0161velnumu, lengvumu ir dailiu kritimu. \u0160ie vasariniai si\u016blai mezgimui puikiai tinka palaidin\u0117ms, topams, skaroms, \u0161alik\u0117liams ir kitiems lengviems mezginiams. Subtilus \u017evilgesys suteikia mezginiams elegancijos, o malonus prisilietimas u\u017etikrina komfort\u0105 ne\u0161iojant. Viename kamuolyje &#8211; 100 g 350 m, tod\u0117l si\u016blas puikiai tinka tiek kasdieniams, tiek i\u0161skirtiniams vasaros projektams.<\/p>","protected":false},"featured_media":41549,"comment_status":"open","ping_status":"closed","template":"","meta":{"_acf_changed":false},"product_brand":[2848],"product_cat":[58,428,454,2847,444],"product_tag":[2750],"class_list":{"0":"post-41535","1":"product","2":"type-product","3":"status-publish","4":"has-post-thumbnail","6":"product_brand-rosarios4","7":"product_cat-siulai-mezgimui","8":"product_cat-gamintojas","9":"product_cat-naujienos-siulai","10":"product_cat-rosarios4-siulai","11":"product_cat-viskozes-siulai","12":"product_tag-rosarios4","13":"pa_pluostas-vilna","14":"pa_spalva-01-rosarios4-caravela","15":"pa_spalva-02-rosarios4-caravela","16":"pa_spalva-03-rosarios4-caravela","17":"pa_spalva-04-rosarios4-caravela","18":"pa_spalva-05-rosarios4-caravela","19":"pa_spalva-06-rosarios4-caravela","20":"pa_spalva-07-rosarios4-caravela","21":"pa_spalva-08-rosarios4-caravela","22":"pa_spalva-09-rosarios4-caravela","23":"pa_spalva-10-rosarios4-caravela","24":"pa_spalva-11-rosarios4-caravela","25":"pa_spalva-12-rosarios4-caravela","26":"pa_spalva-13-rosarios4-caravela","27":"pa_spalva-14-rosarios4-caravela","28":"pa_spalva-15-rosarios4-caravela","29":"pa_spalva-16-rosarios4-caravela","30":"pa_spalva-17-rosarios4-caravela","31":"pa_spalva-18-rosarios4-caravela","32":"pa_spalva-19-rosarios4-caravela","33":"pa_spalva-21-rosarios4-caravela","34":"pa_spalva-22-rosarios4-caravela","35":"pa_spalva-24-rosarios4-caravela","36":"pa_spalva-25-rosarios4-caravela","37":"pa_spalva-26-rosarios4-caravela","38":"pa_spalva-27-rosarios4-caravela","39":"pa_spalva-28-rosarios4-caravela","40":"pa_svoris-ilgis-100-g-350-m","42":"first","43":"instock","44":"taxable","45":"shipping-taxable","46":"purchasable","47":"product-type-variable"},"acf":[],"_links":{"self":[{"href":"https:\/\/siulubangos.lt\/lv\/wp-json\/wp\/v2\/product\/41535","targetHints":{"allow":["GET"]}}],"collection":[{"href":"https:\/\/siulubangos.lt\/lv\/wp-json\/wp\/v2\/product"}],"about":[{"href":"https:\/\/siulubangos.lt\/lv\/wp-json\/wp\/v2\/types\/product"}],"replies":[{"embeddable":true,"href":"https:\/\/siulubangos.lt\/lv\/wp-json\/wp\/v2\/comments?post=41535"}],"version-history":[{"count":4,"href":"https:\/\/siulubangos.lt\/lv\/wp-json\/wp\/v2\/product\/41535\/revisions"}],"predecessor-version":[{"id":41596,"href":"https:\/\/siulubangos.lt\/lv\/wp-json\/wp\/v2\/product\/41535\/revisions\/41596"}],"wp:featuredmedia":[{"embeddable":true,"href":"https:\/\/siulubangos.lt\/lv\/wp-json\/wp\/v2\/media\/41549"}],"wp:attachment":[{"href":"https:\/\/siulubangos.lt\/lv\/wp-json\/wp\/v2\/media?parent=41535"}],"wp:term":[{"taxonomy":"product_brand","embeddable":true,"href":"https:\/\/siulubangos.lt\/lv\/wp-json\/wp\/v2\/product_brand?post=41535"},{"taxonomy":"product_cat","embeddable":true,"href":"https:\/\/siulubangos.lt\/lv\/wp-json\/wp\/v2\/product_cat?post=41535"},{"taxonomy":"product_tag","embeddable":true,"href":"https:\/\/siulubangos.lt\/lv\/wp-json\/wp\/v2\/product_tag?post=41535"}],"curies":[{"name":"wp","href":"https:\/\/api.w.org\/{rel}","templated":true}]}}