{"id":41831,"date":"2026-04-22T21:51:23","date_gmt":"2026-04-22T18:51:23","guid":{"rendered":"https:\/\/siulubangos.lt\/?post_type=product&#038;p=41831"},"modified":"2026-04-22T21:52:04","modified_gmt":"2026-04-22T18:52:04","slug":"knitpro-sidabriniais-galiukais-valai","status":"publish","type":"product","link":"https:\/\/siulubangos.lt\/lv\/parduotuve\/knitpro-sidabriniais-galiukais-valai\/","title":{"rendered":"KnitPro sidabriniais galiukais valai (40-150 cm)"},"content":{"rendered":"<h2>KnitPro sidabriniais galiukais valai (40-150 cm)<\/h2>\n<p data-start=\"505\" data-end=\"763\">Lankstus, bet itin tvirtas valas i\u0161laiko form\u0105, nesilanksto. Poliruoti sidabriniai galiukai u\u017etikrina itin skland\u0173 per\u0117jim\u0105 tarp virbalo ir valo, tod\u0117l si\u016blai neu\u017esikabina ir akys slysta lengvai net mezgant smulkiais si\u016blais.<\/p>\n<p data-start=\"765\" data-end=\"926\">Pla\u0161s <strong data-start=\"772\" data-end=\"791\">Garums 40-150 cm<\/strong> \u0160os valus var piel\u0101got da\u017e\u0101diem projektiem, s\u0101kot no cepur\u0113m un piedurkn\u0113m l\u012bdz lieliem d\u017eemperiem, \u0161all\u0113m vai seg\u0101m.<\/p>\n<p><strong>SVAR\u012aGI !<\/strong><\/p>\n<p>Nor\u0101d\u012btais garums nav pa\u0161as auklas garums, bet gan auklas garums, ieskaitot ieskr\u016bv\u0113t\u0101s auklas.<\/p>\n<p>- 40 cm l\u012bnija ir 20 cm gara, bet, pievienojot virves, kop\u0113jais garums k\u013c\u016bst 40 cm.<br \/>\n- 50 cm auklas garums ir 29 cm, bet, pievienojot virves, kop\u0113jais garums k\u013c\u016bst 50 cm.<br \/>\n- 60 cm gara l\u012bnija ir 35 cm gara, bet, pievienojot virves, t\u0101s kop\u0113jais garums k\u013c\u016bst 60 cm.<br \/>\n- 80 cm gara l\u012bnija ir 56 cm gara, bet, pievienojot virves, kop\u0113jais garums k\u013c\u016bst 80 cm.<br \/>\n- 100 cm l\u012bnija ir 76 cm gara, bet, pievienojot virves, kop\u0113jais garums k\u013c\u016bst 100 cm.<br \/>\n- 120 cm gara l\u012bnija ir 94 cm gara, bet, pievienojot virves, kop\u0113jais garums k\u013c\u016bst 120 cm.<br \/>\n- 150 cm l\u012bnija ir 126 cm gara, bet, pievienojot virves, kop\u0113jais garums k\u013c\u016bst 150 cm.<\/p>","protected":false},"excerpt":{"rendered":"<p>Lankstus, bet itin tvirtas valas i\u0161laiko form\u0105, nesilanksto. Poliruoti sidabriniai galiukai u\u017etikrina itin skland\u0173 per\u0117jim\u0105 tarp virbalo ir valo, tod\u0117l si\u016blai neu\u017esikabina ir akys slysta lengvai net mezgant smulkiais si\u016blais.<\/p>\n<p>Platus 40-150 cm ilgi\u0173 pasirinkimas leid\u017eia \u0161iuos valus pritaikyti \u012fvairiems projektams &#8211; nuo kepuri\u0173 ir rankovi\u0173 iki dideli\u0173 megztini\u0173, skar\u0173 ar antklod\u017ei\u0173.<\/p>","protected":false},"featured_media":41841,"template":"","meta":{"_acf_changed":false},"product_brand":[557],"product_cat":[61,455,310,468,535,454,499,570],"product_tag":[306],"class_list":{"0":"post-41831","1":"product","2":"type-product","3":"status-publish","4":"has-post-thumbnail","6":"product_brand-knitpro","7":"product_cat-virbalai-vaseliai","8":"product_cat-gamintojas-virbalai-vaseliai","9":"product_cat-mezgimo-priemones","10":"product_cat-knitpro-virbalai-vaseliai","11":"product_cat-knitpro","12":"product_cat-naujienos-siulai","13":"product_cat-rusis","14":"product_cat-valai-virbalams","15":"product_tag-knitpro","16":"pa_ilgis-100-cm","17":"pa_ilgis-120-cm","18":"pa_ilgis-150-cm","19":"pa_ilgis-40-cm","20":"pa_ilgis-50-cm","21":"pa_ilgis-60-cm","22":"pa_ilgis-80-cm","24":"first","25":"instock","26":"taxable","27":"shipping-taxable","28":"purchasable","29":"product-type-variable"},"acf":[],"_links":{"self":[{"href":"https:\/\/siulubangos.lt\/lv\/wp-json\/wp\/v2\/product\/41831","targetHints":{"allow":["GET"]}}],"collection":[{"href":"https:\/\/siulubangos.lt\/lv\/wp-json\/wp\/v2\/product"}],"about":[{"href":"https:\/\/siulubangos.lt\/lv\/wp-json\/wp\/v2\/types\/product"}],"version-history":[{"count":1,"href":"https:\/\/siulubangos.lt\/lv\/wp-json\/wp\/v2\/product\/41831\/revisions"}],"predecessor-version":[{"id":41842,"href":"https:\/\/siulubangos.lt\/lv\/wp-json\/wp\/v2\/product\/41831\/revisions\/41842"}],"wp:featuredmedia":[{"embeddable":true,"href":"https:\/\/siulubangos.lt\/lv\/wp-json\/wp\/v2\/media\/41841"}],"wp:attachment":[{"href":"https:\/\/siulubangos.lt\/lv\/wp-json\/wp\/v2\/media?parent=41831"}],"wp:term":[{"taxonomy":"product_brand","embeddable":true,"href":"https:\/\/siulubangos.lt\/lv\/wp-json\/wp\/v2\/product_brand?post=41831"},{"taxonomy":"product_cat","embeddable":true,"href":"https:\/\/siulubangos.lt\/lv\/wp-json\/wp\/v2\/product_cat?post=41831"},{"taxonomy":"product_tag","embeddable":true,"href":"https:\/\/siulubangos.lt\/lv\/wp-json\/wp\/v2\/product_tag?post=41831"}],"curies":[{"name":"wp","href":"https:\/\/api.w.org\/{rel}","templated":true}]}}