{"id":41843,"date":"2026-04-22T22:09:15","date_gmt":"2026-04-22T19:09:15","guid":{"rendered":"https:\/\/siulubangos.lt\/?post_type=product&#038;p=41843"},"modified":"2026-04-22T22:58:20","modified_gmt":"2026-04-22T19:58:20","slug":"knitpro-prisukami-violetiniai-valai","status":"publish","type":"product","link":"https:\/\/siulubangos.lt\/lv\/parduotuve\/knitpro-prisukami-violetiniai-valai\/","title":{"rendered":"KnitPro prisukami violetiniai valai (40-150 cm)"},"content":{"rendered":"<h2>KnitPro prisukami violetiniai valai (40-150 cm)<\/h2>\n<p><strong>Galvenie ieguvumi:<\/strong><\/p>\n<ul>\n<li>Mezgimas be streso: Valas pagamintas i\u0161 lanks\u010dios med\u017eiagos, kuri neturi \u201eatminties\u201c efekto. Tai rei\u0161kia, kad valas nesusisuka \u012f kilpas, tod\u0117l mezgimo procesas vyksta skland\u017eiai.<\/li>\n<li>Lygios jungtys: Precizi\u0161kai pagamintos metalin\u0117s jungtys u\u017etikrina, kad per\u0117jimas nuo virbalo prie valo b\u016bt\u0173 visi\u0161kai lygus. J\u016bs\u0173 mezginio akys niekada neu\u017eklius.<\/li>\n<li>Saugumas: Pridedami special\u016bs stabd\u017eiai (antgaliai) leid\u017eia saugiai palikti mezgin\u012f ant valo, jei prireikt\u0173 virbalus panaudoti kitam projektui.<\/li>\n<li>Spalvinis identifikavimas: Ry\u0161ki violetin\u0117 spalva ne tik gra\u017eiai atrodo, bet ir padeda greitai rasti reikiam\u0105 ilg\u012f j\u016bs\u0173 \u012franki\u0173 krep\u0161yje.<\/li>\n<\/ul>\n<p data-start=\"765\" data-end=\"926\">Pla\u0161s <strong data-start=\"772\" data-end=\"791\">Garums 40-150 cm<\/strong> \u0160os valus var piel\u0101got da\u017e\u0101diem projektiem, s\u0101kot no cepur\u0113m un piedurkn\u0113m l\u012bdz lieliem d\u017eemperiem, \u0161all\u0113m vai seg\u0101m.<\/p>\n<p><strong>SVAR\u012aGI !<\/strong><\/p>\n<p>Nor\u0101d\u012btais garums nav pa\u0161as auklas garums, bet gan auklas garums, ieskaitot ieskr\u016bv\u0113t\u0101s auklas.<\/p>\n<p>- 40 cm l\u012bnija ir 20 cm gara, bet, pievienojot virves, kop\u0113jais garums k\u013c\u016bst 40 cm.<br \/>\n- 50 cm auklas garums ir 29 cm, bet, pievienojot virves, kop\u0113jais garums k\u013c\u016bst 50 cm.<br \/>\n- 60 cm gara l\u012bnija ir 35 cm gara, bet, pievienojot virves, t\u0101s kop\u0113jais garums k\u013c\u016bst 60 cm.<br \/>\n- 80 cm gara l\u012bnija ir 56 cm gara, bet, pievienojot virves, kop\u0113jais garums k\u013c\u016bst 80 cm.<br \/>\n- 100 cm l\u012bnija ir 76 cm gara, bet, pievienojot virves, kop\u0113jais garums k\u013c\u016bst 100 cm.<br \/>\n- 120 cm gara l\u012bnija ir 94 cm gara, bet, pievienojot virves, kop\u0113jais garums k\u013c\u016bst 120 cm.<br \/>\n- 150 cm l\u012bnija ir 126 cm gara, bet, pievienojot virves, kop\u0113jais garums k\u013c\u016bst 150 cm.<\/p>","protected":false},"excerpt":{"rendered":"<p>Lankstus, auk\u0161tos kokyb\u0117s valas, skirtas prisukamiems virbalams.<\/p>","protected":false},"featured_media":41860,"template":"","meta":{"_acf_changed":false},"product_brand":[557],"product_cat":[61,455,310,535,468,454,499,570],"product_tag":[306],"class_list":{"0":"post-41843","1":"product","2":"type-product","3":"status-publish","4":"has-post-thumbnail","6":"product_brand-knitpro","7":"product_cat-virbalai-vaseliai","8":"product_cat-gamintojas-virbalai-vaseliai","9":"product_cat-mezgimo-priemones","10":"product_cat-knitpro","11":"product_cat-knitpro-virbalai-vaseliai","12":"product_cat-naujienos-siulai","13":"product_cat-rusis","14":"product_cat-valai-virbalams","15":"product_tag-knitpro","16":"pa_ilgis-100-cm","17":"pa_ilgis-120-cm","18":"pa_ilgis-150-cm","19":"pa_ilgis-40-cm","20":"pa_ilgis-50-cm","21":"pa_ilgis-60-cm","22":"pa_ilgis-80-cm","24":"first","25":"instock","26":"taxable","27":"shipping-taxable","28":"purchasable","29":"product-type-variable"},"acf":[],"_links":{"self":[{"href":"https:\/\/siulubangos.lt\/lv\/wp-json\/wp\/v2\/product\/41843","targetHints":{"allow":["GET"]}}],"collection":[{"href":"https:\/\/siulubangos.lt\/lv\/wp-json\/wp\/v2\/product"}],"about":[{"href":"https:\/\/siulubangos.lt\/lv\/wp-json\/wp\/v2\/types\/product"}],"version-history":[{"count":2,"href":"https:\/\/siulubangos.lt\/lv\/wp-json\/wp\/v2\/product\/41843\/revisions"}],"predecessor-version":[{"id":41863,"href":"https:\/\/siulubangos.lt\/lv\/wp-json\/wp\/v2\/product\/41843\/revisions\/41863"}],"wp:featuredmedia":[{"embeddable":true,"href":"https:\/\/siulubangos.lt\/lv\/wp-json\/wp\/v2\/media\/41860"}],"wp:attachment":[{"href":"https:\/\/siulubangos.lt\/lv\/wp-json\/wp\/v2\/media?parent=41843"}],"wp:term":[{"taxonomy":"product_brand","embeddable":true,"href":"https:\/\/siulubangos.lt\/lv\/wp-json\/wp\/v2\/product_brand?post=41843"},{"taxonomy":"product_cat","embeddable":true,"href":"https:\/\/siulubangos.lt\/lv\/wp-json\/wp\/v2\/product_cat?post=41843"},{"taxonomy":"product_tag","embeddable":true,"href":"https:\/\/siulubangos.lt\/lv\/wp-json\/wp\/v2\/product_tag?post=41843"}],"curies":[{"name":"wp","href":"https:\/\/api.w.org\/{rel}","templated":true}]}}