{"id":41873,"date":"2026-04-22T23:21:39","date_gmt":"2026-04-22T20:21:39","guid":{"rendered":"https:\/\/siulubangos.lt\/?post_type=product&#038;p=41873"},"modified":"2026-04-22T23:21:40","modified_gmt":"2026-04-22T20:21:40","slug":"knitpro-t-pins-adatos-blokavimui-50vnt","status":"publish","type":"product","link":"https:\/\/siulubangos.lt\/lv\/parduotuve\/knitpro-t-pins-adatos-blokavimui-50vnt\/","title":{"rendered":"KnitPro T-Pins &#8211; adatos mezgini\u0173 formavimui (50 vnt)"},"content":{"rendered":"<h1>KnitPro T-Pins &#8211; adatos mezgini\u0173 formavimui (50 vnt.)<\/h1>\n<p>Norint, kad j\u016bs\u0173 numegzta skara, megztinis ar a\u017e\u016brinis \u0161alikas atrodyt\u0173 profesionaliai, blokavimas yra b\u016btinas procesas. KnitPro T-formos adatos yra specialiai sukurtos \u0161iam tikslui.<\/p>\n<h3>Kod\u0117l verta rinktis \u0161ias adatas?<\/h3>\n<ul>\n<li>T-forma: Unikali vir\u0161\u016bn\u0117l\u0117s forma leid\u017eia adatas lengvai \u012fspausti ir i\u0161traukti net i\u0161 tanki\u0173 kilim\u0117li\u0173. Be to, ji u\u017etikrina, kad mezginys nenuslys nuo adatos tempimo metu.<\/li>\n<li>Saugumas: Adatos pagamintos i\u0161 auk\u0161tos kokyb\u0117s ner\u016bdijan\u010dio plieno. Tai kriti\u0161kai svarbu, nes blokavimo metu mezginys b\u016bna dr\u0117gnas &#8211; \u0161ios adatos nepalieka r\u016bd\u017ei\u0173 d\u0117mi\u0173 ant j\u016bs\u0173 brangi\u0173 si\u016bl\u0173.<\/li>\n<li>Tvirtumas: Jos pakankamai stiprios, kad i\u0161laikyt\u0173 net ir stipriai \u012ftemptus, sunkesnius mezginius.<\/li>\n<li>Kiekis: 50 vienet\u0173 pakuot\u0117s u\u017etenka net ir didesn\u0117s apimties projektams (pvz., didel\u0117ms skaroms).<\/li>\n<li>Naudojimas: I\u0161skalbt\u0105 ir nusausint\u0105 mezgin\u012f patieskite ant blokavimo kilim\u0117lio. Suteikite jam norim\u0105 form\u0105 ir kas kelis centimetrus sutvirtinkite kra\u0161tus T-formos adatomis, kol mezginys visi\u0161kai i\u0161d\u017eius.<\/li>\n<\/ul>","protected":false},"excerpt":{"rendered":"<p>Nepakei\u010diamos adat\u0117l\u0117s &#8211; pagalbinink\u0117s mezgini\u0173 blokavimui!<br \/>\n\u0160ios tvirtos, T-formos adatos leid\u017eia lengvai ir tiksliai pritvirtinti mezgin\u012f prie blokavimo kilim\u0117li\u0173. D\u0117l savo formos jas patogu suimti, o ner\u016bdijan\u010dio plieno danga u\u017etikrina, kad j\u016bs\u0173 darbas i\u0161liks \u0161varus ir saugus. Pakuot\u0117je &#8211; 50 vnt.<\/p>","protected":false},"featured_media":41877,"template":"","meta":{"_acf_changed":false},"product_brand":[557],"product_cat":[454,542,529,310,535,528],"product_tag":[306],"class_list":{"0":"post-41873","1":"product","2":"type-product","3":"status-publish","4":"has-post-thumbnail","6":"product_brand-knitpro","7":"product_cat-naujienos-siulai","8":"product_cat-blokavimo-priemones","9":"product_cat-gamintojas-kitos-priemones","10":"product_cat-mezgimo-priemones","11":"product_cat-knitpro","12":"product_cat-priemones-tipas","13":"product_tag-knitpro","15":"first","16":"instock","17":"taxable","18":"shipping-taxable","19":"purchasable","20":"product-type-simple"},"acf":[],"_links":{"self":[{"href":"https:\/\/siulubangos.lt\/lv\/wp-json\/wp\/v2\/product\/41873","targetHints":{"allow":["GET"]}}],"collection":[{"href":"https:\/\/siulubangos.lt\/lv\/wp-json\/wp\/v2\/product"}],"about":[{"href":"https:\/\/siulubangos.lt\/lv\/wp-json\/wp\/v2\/types\/product"}],"version-history":[{"count":1,"href":"https:\/\/siulubangos.lt\/lv\/wp-json\/wp\/v2\/product\/41873\/revisions"}],"predecessor-version":[{"id":41878,"href":"https:\/\/siulubangos.lt\/lv\/wp-json\/wp\/v2\/product\/41873\/revisions\/41878"}],"wp:featuredmedia":[{"embeddable":true,"href":"https:\/\/siulubangos.lt\/lv\/wp-json\/wp\/v2\/media\/41877"}],"wp:attachment":[{"href":"https:\/\/siulubangos.lt\/lv\/wp-json\/wp\/v2\/media?parent=41873"}],"wp:term":[{"taxonomy":"product_brand","embeddable":true,"href":"https:\/\/siulubangos.lt\/lv\/wp-json\/wp\/v2\/product_brand?post=41873"},{"taxonomy":"product_cat","embeddable":true,"href":"https:\/\/siulubangos.lt\/lv\/wp-json\/wp\/v2\/product_cat?post=41873"},{"taxonomy":"product_tag","embeddable":true,"href":"https:\/\/siulubangos.lt\/lv\/wp-json\/wp\/v2\/product_tag?post=41873"}],"curies":[{"name":"wp","href":"https:\/\/api.w.org\/{rel}","templated":true}]}}