{"id":42047,"date":"2026-04-27T11:43:26","date_gmt":"2026-04-27T08:43:26","guid":{"rendered":"https:\/\/siulubangos.lt\/?post_type=product&#038;p=42047"},"modified":"2026-04-27T12:08:11","modified_gmt":"2026-04-27T09:08:11","slug":"drops-snow-siulai-vilna","status":"publish","type":"product","link":"https:\/\/siulubangos.lt\/lv\/parduotuve\/drops-snow-siulai-vilna\/","title":{"rendered":"Drops SNOW (100% vilna)"},"content":{"rendered":"<h1>Drops SNOW (100% vilna) &#8211; J\u016bs\u0173 jauki\u0173 ir \u0161ilt\u0173 mezgini\u0173 paslaptis<\/h1>\n<p><a href=\"https:\/\/siulubangos.lt\/wp-content\/uploads\/2026\/04\/Drops-SNOW-5-600x929-1.webp\"><img loading=\"lazy\" decoding=\"async\" class=\"alignnone wp-image-42072\" src=\"https:\/\/siulubangos.lt\/wp-content\/uploads\/2026\/04\/Drops-SNOW-5-600x929-1.webp\" alt=\"\" width=\"560\" height=\"867\" title=\"\" srcset=\"https:\/\/siulubangos.lt\/wp-content\/uploads\/2026\/04\/Drops-SNOW-5-600x929-1.webp 600w, https:\/\/siulubangos.lt\/wp-content\/uploads\/2026\/04\/Drops-SNOW-5-600x929-1-194x300.webp 194w, https:\/\/siulubangos.lt\/wp-content\/uploads\/2026\/04\/Drops-SNOW-5-600x929-1-517x800.webp 517w, https:\/\/siulubangos.lt\/wp-content\/uploads\/2026\/04\/Drops-SNOW-5-600x929-1-8x12.webp 8w, https:\/\/siulubangos.lt\/wp-content\/uploads\/2026\/04\/Drops-SNOW-5-600x929-1-150x232.webp 150w\" sizes=\"auto, (max-width: 560px) 100vw, 560px\" \/>\u00a0<\/a> <a href=\"https:\/\/siulubangos.lt\/wp-content\/uploads\/2026\/04\/il_fullxfull.2711477340_nzga.jpg\"><img loading=\"lazy\" decoding=\"async\" class=\"alignnone wp-image-42074\" src=\"https:\/\/siulubangos.lt\/wp-content\/uploads\/2026\/04\/il_fullxfull.2711477340_nzga.jpg\" alt=\"\" width=\"560\" height=\"867\" title=\"\" srcset=\"https:\/\/siulubangos.lt\/wp-content\/uploads\/2026\/04\/il_fullxfull.2711477340_nzga.jpg 458w, https:\/\/siulubangos.lt\/wp-content\/uploads\/2026\/04\/il_fullxfull.2711477340_nzga-194x300.jpg 194w, https:\/\/siulubangos.lt\/wp-content\/uploads\/2026\/04\/il_fullxfull.2711477340_nzga-8x12.jpg 8w, https:\/\/siulubangos.lt\/wp-content\/uploads\/2026\/04\/il_fullxfull.2711477340_nzga-150x232.jpg 150w\" sizes=\"auto, (max-width: 560px) 100vw, 560px\" \/><\/a><\/p>\n<p>Jei ie\u0161kote si\u016bl\u0173, kurie mezgasi greitai, o atrodo \u012fsp\u016bdingai &#8211; Drops SNOW (anks\u010diau \u017einomi kaip Eskimo) yra idealus pasirinkimas. Tai klasikiniai, stori, vieno vijimo si\u016blai, gaminami tik i\u0161 auk\u0161\u010diausios kokyb\u0117s 100% vilnos.<\/p>\n<h3>Kod\u0117l verta rinktis DROPS Snow?<\/h3>\n<ul>\n<li>Nat\u016bralumas ir \u0161iluma: Vilnos pluo\u0161tas prie\u0161 da\u017eym\u0105 n\u0117ra apdorojamas chemin\u0117mis priemon\u0117mis (tik i\u0161plaunamas). Tai i\u0161saugo nat\u016bralias vilnos savybes, suteikia mezginiui geresn\u0119 form\u0105 ir tekst\u016br\u0105.<\/li>\n<li>Greitas rezultatas: D\u0117l savo storio \u0161ie si\u016blai yra tikras i\u0161sigelb\u0117jimas skubantiems &#8211; stiling\u0105 kepur\u0119 ar stor\u0105 \u0161alik\u0105 numegsite vos per vien\u0105 vakar\u0105.<\/li>\n<li>Idealiai tinka v\u0117limui: Tai vieni populiariausi\u0173 si\u016bl\u0173 v\u0117limui skalbimo ma\u0161inoje. Sukurkite unikalias \u0161lepetes, rankines ar interjero detales.<\/li>\n<li>Plati spalv\u0173 palet\u0117: Galite rinktis i\u0161 vienspalvi\u0173 (uni colour), mai\u0161yt\u0173 (mix) ar marg\u0173 (print) atspalvi\u0173, kurie suteikia mezginiui gylio ir \u017eaismingumo.<\/li>\n<\/ul>\n<h3>Drops SNOW mezgini\u0173 prie\u017ei\u016bra<\/h3>\n<p>Kadangi Drops SNOW yra 100% nat\u016brali, \u201esuperwash\u201c technologija neapdorota vilna, ji reikalauja ypatingo d\u0117mesio. Tinkamai pri\u017ei\u016brimas mezginys d\u017eiugins jus daugel\u012f met\u0173, i\u0161likdamas mink\u0161tas ir \u0161iltas.<\/p>\n<ul>\n<li>Skalbimas rankomis: Mezginius skalbkite tik rankomis, ne auk\u0161tesn\u0117je kaip 30\u00b0C temperat\u016broje. Venkite temperat\u016br\u0173 skirtumo &#8211; skalavimo vanduo tur\u0117t\u0173 b\u016bti tokios pat temperat\u016bros kaip ir skalbimo.<\/li>\n<li>Tinkamos priemon\u0117s: Naudokite tik vilnai skirtas skalbimo priemones, kuri\u0173 sud\u0117tyje n\u0117ra balikli\u0173 ar ferment\u0173. Nenaudokite mink\u0161tikli\u0173. Jums puikiai tiks <strong><a href=\"https:\/\/siulubangos.lt\/lv\/?s=eucalan&amp;post_type=product\">Eucalan skalbikliai<\/a> <\/strong>vai<strong><a href=\"https:\/\/siulubangos.lt\/lv\/veikals\/knools-vilnas-kopsanas-mazgasanas-lidzeklis-250-ml\/\"> Knool skalbiklis .<\/a><\/strong><\/li>\n<li>Atsargumas: Mezgini\u0173 netrinkite ir stipriai negr\u0119\u017ekite. Leiskite vandeniui nutek\u0117ti nat\u016braliai arba \u0161velniai nuspauskite naudodami saus\u0105 rank\u0161luost\u012f.<\/li>\n<li>D\u017eiovinimas: Jokiu b\u016bdu ned\u017eiovinkite skalbykl\u0117je! Mezginius d\u017eiovinkite tik patiesus horizontaliai ant sauso rank\u0161luos\u010dio, suteikiant jiems pradin\u0119 form\u0105. Ned\u017eiovinkite tiesiai ant radiatoriaus ar saul\u0117s spinduliuose.<\/li>\n<li><a href=\"https:\/\/siulubangos.lt\/lv\/veikals\/tulip-velsanas-adatas-2-gab\/\"><strong>V\u0117limas<\/strong> <\/a>(Veltinis): Jei j\u016bs\u0173 tikslas yra gamin\u012f suvelti (pvz., \u0161lepetes), tuomet skalbkite skalbimo ma\u0161inoje 40\u00b0C temperat\u016broje su \u012fprasta programa.<\/li>\n<li>Svarbu: Nat\u016brali vilna turi savyb\u0119 savaime i\u0161sivalyti, tod\u0117l da\u017enai u\u017etenka mezgin\u012f tiesiog i\u0161v\u0117dinti gryname ore, u\u017euot skalbus.<\/li>\n<\/ul>\n<div id=\"gtx-trans\" style=\"position: absolute; left: 133px; top: 642.094px;\">\n<div class=\"gtx-trans-icon\"><\/div>\n<\/div>","protected":false},"excerpt":{"rendered":"<p>Drops SNOW &#8211; tai stori ir itin mink\u0161ti vieno gijos vijimo si\u016blai, pagaminti i\u0161 100% grynos vilnos. \u0160ie si\u016blai sukurti \u0161iltiems, \u201eoversize\u201c stiliaus megztiniams, kepur\u0117ms bei \u0161alikams, kurie nebijo net did\u017eiausio \u0161al\u010dio. D\u0117l neapdorotos vilnos pluo\u0161to, mezginiai puikiai kv\u0117puoja, o norintys eksperimentuoti gali \u0161iuos si\u016blus s\u0117kmingai naudoti v\u0117limui (fetingui).<\/p>\n<p>J\u016bs\u0173 b\u016bsimas projektas prasideda \u010dia: Ie\u0161kote id\u0117j\u0173?<\/p>\n<p><strong><a href=\"https:\/\/store.garnstudio.com\/res_patterns.php?y=8\"> Per\u017ei\u016br\u0117kite nemokamas instrukcijas ir schemas, pritaikytas storiems DROPS Snow mezginiams.<\/a><\/strong><\/p>","protected":false},"featured_media":42075,"template":"","meta":{"_acf_changed":false},"product_brand":[559],"product_cat":[58,448,428,489,454,453,495,488,445],"product_tag":[594],"class_list":{"0":"post-42047","1":"product","2":"type-product","3":"status-publish","4":"has-post-thumbnail","6":"product_brand-drops","7":"product_cat-siulai-mezgimui","8":"product_cat-drops-siulai","9":"product_cat-gamintojas","10":"product_cat-kojiniu-siulai","11":"product_cat-naujienos-siulai","12":"product_cat-nuolaidos","13":"product_cat-siulai-velimui","14":"product_cat-stori-siulai","15":"product_cat-vilnos-siulai","16":"product_tag-drops","17":"pa_spalva-drops-snow-01-balta","18":"pa_spalva-drops-snow-02-juoda","19":"pa_spalva-drops-snow-03-tamsi-ruda","20":"pa_spalva-drops-snow-08-raudona","21":"pa_spalva-drops-snow-102-kremine","22":"pa_spalva-drops-snow-117-sviesi-ruda","23":"pa_spalva-drops-snow-123-kakavos-trupiniai","24":"pa_spalva-drops-snow-124-rasalo-taskai","25":"pa_spalva-drops-snow-13-pudra","26":"pa_spalva-drops-snow-15-melyna","27":"pa_spalva-drops-snow-21-dzinso-melyna","28":"pa_spalva-drops-snow-24-geltona","29":"pa_spalva-drops-snow-25-zalia","30":"pa_spalva-drops-snow-36-bijunu-rozine","31":"pa_spalva-drops-snow-46-pilka","32":"pa_spalva-drops-snow-47-smelio","33":"pa_spalva-drops-snow-48-rudai-pilka","34":"pa_spalva-drops-snow-53-sviesi-pilka","35":"pa_spalva-drops-snow-84-povo-zydra","36":"pa_spalva-drops-snow-90-migdolo","37":"pa_spalva-drops-snow-92-chaki","38":"pa_spalva-drops-snow-99-siaures-jura","39":"pa_svoris-ilgis-50-g-50-m","41":"first","42":"instock","43":"sale","44":"taxable","45":"shipping-taxable","46":"purchasable","47":"product-type-variable"},"acf":[],"_links":{"self":[{"href":"https:\/\/siulubangos.lt\/lv\/wp-json\/wp\/v2\/product\/42047","targetHints":{"allow":["GET"]}}],"collection":[{"href":"https:\/\/siulubangos.lt\/lv\/wp-json\/wp\/v2\/product"}],"about":[{"href":"https:\/\/siulubangos.lt\/lv\/wp-json\/wp\/v2\/types\/product"}],"version-history":[{"count":8,"href":"https:\/\/siulubangos.lt\/lv\/wp-json\/wp\/v2\/product\/42047\/revisions"}],"predecessor-version":[{"id":42102,"href":"https:\/\/siulubangos.lt\/lv\/wp-json\/wp\/v2\/product\/42047\/revisions\/42102"}],"wp:featuredmedia":[{"embeddable":true,"href":"https:\/\/siulubangos.lt\/lv\/wp-json\/wp\/v2\/media\/42075"}],"wp:attachment":[{"href":"https:\/\/siulubangos.lt\/lv\/wp-json\/wp\/v2\/media?parent=42047"}],"wp:term":[{"taxonomy":"product_brand","embeddable":true,"href":"https:\/\/siulubangos.lt\/lv\/wp-json\/wp\/v2\/product_brand?post=42047"},{"taxonomy":"product_cat","embeddable":true,"href":"https:\/\/siulubangos.lt\/lv\/wp-json\/wp\/v2\/product_cat?post=42047"},{"taxonomy":"product_tag","embeddable":true,"href":"https:\/\/siulubangos.lt\/lv\/wp-json\/wp\/v2\/product_tag?post=42047"}],"curies":[{"name":"wp","href":"https:\/\/api.w.org\/{rel}","templated":true}]}}