{"id":42208,"date":"2026-04-27T23:06:00","date_gmt":"2026-04-27T20:06:00","guid":{"rendered":"https:\/\/siulubangos.lt\/?post_type=product&#038;p=42208"},"modified":"2026-04-27T23:13:16","modified_gmt":"2026-04-27T20:13:16","slug":"prisiuvamos-metalines-spaudes","status":"publish","type":"product","link":"https:\/\/siulubangos.lt\/lv\/parduotuve\/prisiuvamos-metalines-spaudes\/","title":{"rendered":"Dekoratyvin\u0117s prisiuvamos metalin\u0117s spaud\u0117s (20 mm)"},"content":{"rendered":"","protected":false},"excerpt":{"rendered":"<p>Stilingos ir tvirtos 2 cm skersmens prisiuvamos metalin\u0117s spaud\u0117s su prabangiais rai\u017einiais. Puikiai tinka vir\u0161utiniams drabu\u017eiams, rankin\u0117ms bei odos dirbiniams kaip funkcionali ir esteti\u0161ka detal\u0117.<\/p>","protected":false},"featured_media":42209,"template":"","meta":{"_acf_changed":false},"product_brand":[],"product_cat":[310,528,539],"product_tag":[],"class_list":{"0":"post-42208","1":"product","2":"type-product","3":"status-publish","4":"has-post-thumbnail","6":"product_cat-mezgimo-priemones","7":"product_cat-priemones-tipas","8":"product_cat-sagos-spaudes","9":"pa_spalva-metalines-spaudes-auksines","10":"pa_spalva-metalines-spaudes-juodos","11":"pa_spalva-metalines-spaudes-sidabrines","13":"first","14":"instock","15":"taxable","16":"shipping-taxable","17":"purchasable","18":"product-type-variable"},"acf":[],"_links":{"self":[{"href":"https:\/\/siulubangos.lt\/lv\/wp-json\/wp\/v2\/product\/42208","targetHints":{"allow":["GET"]}}],"collection":[{"href":"https:\/\/siulubangos.lt\/lv\/wp-json\/wp\/v2\/product"}],"about":[{"href":"https:\/\/siulubangos.lt\/lv\/wp-json\/wp\/v2\/types\/product"}],"version-history":[{"count":3,"href":"https:\/\/siulubangos.lt\/lv\/wp-json\/wp\/v2\/product\/42208\/revisions"}],"predecessor-version":[{"id":42221,"href":"https:\/\/siulubangos.lt\/lv\/wp-json\/wp\/v2\/product\/42208\/revisions\/42221"}],"wp:featuredmedia":[{"embeddable":true,"href":"https:\/\/siulubangos.lt\/lv\/wp-json\/wp\/v2\/media\/42209"}],"wp:attachment":[{"href":"https:\/\/siulubangos.lt\/lv\/wp-json\/wp\/v2\/media?parent=42208"}],"wp:term":[{"taxonomy":"product_brand","embeddable":true,"href":"https:\/\/siulubangos.lt\/lv\/wp-json\/wp\/v2\/product_brand?post=42208"},{"taxonomy":"product_cat","embeddable":true,"href":"https:\/\/siulubangos.lt\/lv\/wp-json\/wp\/v2\/product_cat?post=42208"},{"taxonomy":"product_tag","embeddable":true,"href":"https:\/\/siulubangos.lt\/lv\/wp-json\/wp\/v2\/product_tag?post=42208"}],"curies":[{"name":"wp","href":"https:\/\/api.w.org\/{rel}","templated":true}]}}