{"id":42529,"date":"2026-05-04T17:10:58","date_gmt":"2026-05-04T14:10:58","guid":{"rendered":"https:\/\/siulubangos.lt\/?post_type=product&#038;p=42529"},"modified":"2026-05-05T10:52:17","modified_gmt":"2026-05-05T07:52:17","slug":"drops-polaris-vilna-stori-siulai","status":"publish","type":"product","link":"https:\/\/siulubangos.lt\/lv\/parduotuve\/drops-polaris-vilna-stori-siulai\/","title":{"rendered":"Drops POLARIS (100% vilna)"},"content":{"rendered":"<h1>Drops POLARIS\u00a0 &#8211; viena gija, begalin\u0117 \u0161iluma<\/h1>\n<p><a href=\"https:\/\/siulubangos.lt\/wp-content\/uploads\/2026\/05\/drops-polaris-2.jpg\"><img loading=\"lazy\" decoding=\"async\" class=\"alignnone wp-image-42532\" src=\"https:\/\/siulubangos.lt\/wp-content\/uploads\/2026\/05\/drops-polaris-2.jpg\" alt=\"\" width=\"560\" height=\"560\" title=\"\" srcset=\"https:\/\/siulubangos.lt\/wp-content\/uploads\/2026\/05\/drops-polaris-2.jpg 800w, https:\/\/siulubangos.lt\/wp-content\/uploads\/2026\/05\/drops-polaris-2-300x300.jpg 300w, https:\/\/siulubangos.lt\/wp-content\/uploads\/2026\/05\/drops-polaris-2-150x150.jpg 150w, https:\/\/siulubangos.lt\/wp-content\/uploads\/2026\/05\/drops-polaris-2-768x768.jpg 768w, https:\/\/siulubangos.lt\/wp-content\/uploads\/2026\/05\/drops-polaris-2-12x12.jpg 12w, https:\/\/siulubangos.lt\/wp-content\/uploads\/2026\/05\/drops-polaris-2-600x600.jpg 600w\" sizes=\"auto, (max-width: 560px) 100vw, 560px\" \/><\/a> <a href=\"https:\/\/siulubangos.lt\/wp-content\/uploads\/2026\/05\/drops-polaris-1.jpg\"><img loading=\"lazy\" decoding=\"async\" class=\"alignnone wp-image-42531\" src=\"https:\/\/siulubangos.lt\/wp-content\/uploads\/2026\/05\/drops-polaris-1.jpg\" alt=\"\" width=\"560\" height=\"560\" title=\"\" srcset=\"https:\/\/siulubangos.lt\/wp-content\/uploads\/2026\/05\/drops-polaris-1.jpg 800w, https:\/\/siulubangos.lt\/wp-content\/uploads\/2026\/05\/drops-polaris-1-300x300.jpg 300w, https:\/\/siulubangos.lt\/wp-content\/uploads\/2026\/05\/drops-polaris-1-150x150.jpg 150w, https:\/\/siulubangos.lt\/wp-content\/uploads\/2026\/05\/drops-polaris-1-768x768.jpg 768w, https:\/\/siulubangos.lt\/wp-content\/uploads\/2026\/05\/drops-polaris-1-12x12.jpg 12w, https:\/\/siulubangos.lt\/wp-content\/uploads\/2026\/05\/drops-polaris-1-600x600.jpg 600w\" sizes=\"auto, (max-width: 560px) 100vw, 560px\" \/><\/a><\/p>\n<p>Drops POLARIS yra skirtas tiems, kurie vertina nat\u016bralum\u0105 ir nori matyti rezultat\u0105 \u010dia ir dabar. Tai vienos gijos si\u016blas, pagamintas i\u0161 tos pa\u010dios puikios vilnos kaip ir<a href=\"https:\/\/siulubangos.lt\/lv\/veikals\/drops-snow-siulai-vilna\/\"> Drops SNOW<\/a>,\u00a0 ta\u010diau dvigubai storesnis.<\/p>\n<h3>Kuo ypatingi Drops POLARIS si\u016blai?<\/h3>\n<ul>\n<li>Maksimalus storumas: Tai vieni storiausi\u0173 si\u016bl\u0173 Drops \u0161eimoje. Mezgant 12 mm virbalais, kepur\u0119 ar \u0161alik\u0105 galite baigti vos per kelias valandas.<\/li>\n<li>100% Nat\u016brali vilna: Pluo\u0161tas tik i\u0161plautas, nenaudojant cheminio apdorojimo. Tai i\u0161saugo nat\u016brali\u0105 vilnos tekst\u016br\u0105, ji geriau \u201ekv\u0117puoja\u201c ir suteikia unikali\u0105 form\u0105 mezginiui.<\/li>\n<li>Puikiai tinka v\u0117limui: Jei m\u0117gstate veltas \u0161lepetes, pirties kepures ar storus krep\u0161ius -POLARIS tam tinka idealiai. Po v\u0117limo gaminys tampa neperpu\u010diamas ir itin tvirtas.<\/li>\n<\/ul>\n<h3>K\u0105 megzti i\u0161 Drops POLARIS?<\/h3>\n<p>D\u0117l savo storio ir svorio, \u0161ie si\u016blai geriausiai tinka:<\/p>\n<ul>\n<li>\u017dieminiams aksesuarams: Storos, stilingos kepur\u0117s, mil\u017eini\u0161ki \u0161alikai-movos.<\/li>\n<li>Nam\u0173 jaukumui: Pledai, s\u0117dmai\u0161i\u0173 u\u017evalkalai, pagalv\u0117l\u0117s.<\/li>\n<li>Lauko drabu\u017eiams: Masyv\u016bs megztiniai ar pon\u010dai, kurie atstoja striuk\u0119.<\/li>\n<\/ul>\n<h3>Kop\u0161ana<\/h3>\n<p>Skalbti tik rankomis (iki 30\u00b0C), d\u017eiovinti patiesus. Tinka <a href=\"https:\/\/siulubangos.lt\/lv\/veikals\/tulip-velsanas-adatas-2-gab\/\">\u017eaunu t\u012bklu zvejai<\/a> (felt).<\/p>","protected":false},"excerpt":{"rendered":"<p>Drops POLARIS &#8211; storis, \u0161iluma ir rezultatas per vien\u0105 vakar\u0105. Tai \u012fsp\u016bdingo storio, auk\u0161\u010diausios kokyb\u0117s vilnos si\u016blai, su kuriais mezgimas juda ne\u012ftik\u0117tinai greitai. Idealiai tinka tiems, kas m\u0117gsta masyvius aksesuarus, \u201eoversize\u201c megztinius ar jaukius nam\u0173 pledus. Puikiai veliasi, tod\u0117l tinka veltoms \u0161lepet\u0117ms ar krep\u0161iams. Itin greitas rezultatas ir maksimali izoliacija nuo \u0161al\u010dio.<\/p>","protected":false},"featured_media":42536,"template":"","meta":{"_acf_changed":false},"product_brand":[559],"product_cat":[58,448,428,489,454,495,488,445],"product_tag":[594],"class_list":{"0":"post-42529","1":"product","2":"type-product","3":"status-publish","4":"has-post-thumbnail","6":"product_brand-drops","7":"product_cat-siulai-mezgimui","8":"product_cat-drops-siulai","9":"product_cat-gamintojas","10":"product_cat-kojiniu-siulai","11":"product_cat-naujienos-siulai","12":"product_cat-siulai-velimui","13":"product_cat-stori-siulai","14":"product_cat-vilnos-siulai","15":"product_tag-drops","16":"pa_spalva-drops-polaris-01-balta","17":"pa_spalva-drops-polaris-02-juoda","18":"pa_spalva-drops-polaris-03-tamsi-pilka","19":"pa_spalva-drops-polaris-04-pilka","20":"pa_spalva-drops-polaris-06-rusva","21":"pa_spalva-drops-polaris-08-bordo","22":"pa_spalva-drops-polaris-11-sviesi-pilka","23":"pa_spalva-drops-polaris-13-marcipanas","24":"pa_spalva-drops-polaris-14-giliu","25":"pa_spalva-drops-polaris-15-migdolu","26":"pa_svoris-ilgis-100-g-36-m","28":"first","29":"instock","30":"taxable","31":"shipping-taxable","32":"purchasable","33":"product-type-variable"},"acf":[],"_links":{"self":[{"href":"https:\/\/siulubangos.lt\/lv\/wp-json\/wp\/v2\/product\/42529","targetHints":{"allow":["GET"]}}],"collection":[{"href":"https:\/\/siulubangos.lt\/lv\/wp-json\/wp\/v2\/product"}],"about":[{"href":"https:\/\/siulubangos.lt\/lv\/wp-json\/wp\/v2\/types\/product"}],"version-history":[{"count":3,"href":"https:\/\/siulubangos.lt\/lv\/wp-json\/wp\/v2\/product\/42529\/revisions"}],"predecessor-version":[{"id":42548,"href":"https:\/\/siulubangos.lt\/lv\/wp-json\/wp\/v2\/product\/42529\/revisions\/42548"}],"wp:featuredmedia":[{"embeddable":true,"href":"https:\/\/siulubangos.lt\/lv\/wp-json\/wp\/v2\/media\/42536"}],"wp:attachment":[{"href":"https:\/\/siulubangos.lt\/lv\/wp-json\/wp\/v2\/media?parent=42529"}],"wp:term":[{"taxonomy":"product_brand","embeddable":true,"href":"https:\/\/siulubangos.lt\/lv\/wp-json\/wp\/v2\/product_brand?post=42529"},{"taxonomy":"product_cat","embeddable":true,"href":"https:\/\/siulubangos.lt\/lv\/wp-json\/wp\/v2\/product_cat?post=42529"},{"taxonomy":"product_tag","embeddable":true,"href":"https:\/\/siulubangos.lt\/lv\/wp-json\/wp\/v2\/product_tag?post=42529"}],"curies":[{"name":"wp","href":"https:\/\/api.w.org\/{rel}","templated":true}]}}